{"id":334,"date":"2020-06-23T14:04:52","date_gmt":"2020-06-23T05:04:52","guid":{"rendered":"https:\/\/rovalworld.com\/vi\/company\/"},"modified":"2025-12-24T11:01:35","modified_gmt":"2025-12-24T02:01:35","slug":"company","status":"publish","type":"page","link":"https:\/\/rovalworld.com\/vi\/company\/","title":{"rendered":"C\u00f4ng ty"},"content":{"rendered":"\n<p class=\"has-text-color\" style=\"color:#ff0000;font-size:21px\"><strong><strong><span style=\"color:#ff8000\" class=\"has-inline-color\">T\u1eeb n\u0103m 1955<\/span><\/strong><\/strong><\/p>\n\n\n\n<p class=\"has-black-color has-text-color\" style=\"font-size:17px\">C\u00f4ng ty c\u1ed5 ph\u1ea7n ROVAL \u0111\u01b0\u1ee3c th\u00e0nh l\u1eadp n\u0103m 1955 t\u1ea1i OSAKA. <br>C\u00f4ng ty ch\u00fang t\u00f4i s\u1eed d\u1ee5ng m\u1ed9t t\u00ean duy nh\u1ea5t cho t\u00ean s\u1ea3n ph\u1ea9m v\u00e0 t\u00ean c\u00f4ng ty.<br>V\u1edbi b\u1ec1 d\u00e0y h\u01a1n 70 n\u0103m, l\u00e0 m\u1ed9t nh\u00e0 cung c\u1ea5p chuy\u00ean nghi\u1ec7p trong l\u0129nh v\u1ef1c s\u01a1n gi\u00e0u k\u1ebdm, ch\u00fang t\u00f4i \u0111\u00e3 v\u00e0 \u0111ang \u0111\u00e1p \u1ee9ng nh\u1eefng nhu c\u1ea7u \u0111a d\u1ea1ng c\u1ee7a kh\u00e1ch h\u00e0ng.<br><br>N\u0103m 2003 th\u00e0nh l\u1eadp c\u00f4ng ty ROVAL SHANGHAI t\u1ea1i Th\u01b0\u1ee3ng H\u1ea3i, Trung Qu\u1ed1c.<br>Nh\u00e0 m\u00e1y \u1edf Th\u01b0\u1ee3ng H\u1ea3i c\u0169ng l\u00e0 m\u1ed9t c\u01a1 s\u1edf xu\u1ea5t kh\u1ea9u \u1edf n\u01b0\u1edbc ngo\u00e0i.<br>C\u0169ng nh\u01b0 Nh\u1eadt B\u1ea3n, Trung Qu\u1ed1c, ch\u00fang t\u00f4i \u0111ang cung c\u1ea5p nh\u1eefng s\u1ea3n ph\u1ea9m s\u01a1n ch\u1ea5t l\u01b0\u1ee3ng cao tr\u00ean to\u00e0n th\u1ebf gi\u1edbi.<br><\/p>\n\n\n\n<p class=\"has-text-align-right has-black-color has-text-color\" style=\"font-size:17px\">&gt;&gt; <a href=\"https:\/\/rovalworld.com\/vi\/distributors\">Danh s\u00e1ch nh\u00e0 ph\u00e2n ph\u1ed1i<\/a><\/p>\n\n\n\n<figure class=\"wp-block-gallery has-nested-images columns-default is-cropped wp-block-gallery-1 is-layout-flex wp-block-gallery-is-layout-flex\">\n<figure class=\"wp-block-image size-full\"><img loading=\"lazy\" decoding=\"async\" width=\"960\" height=\"540\" data-id=\"2415\" src=\"https:\/\/rovalworld.com\/vi\/wp-content\/uploads\/2025\/03\/Old_Products.jpg\" alt=\"Old Products\" class=\"wp-image-2415\" srcset=\"https:\/\/rovalworld.com\/vi\/wp-content\/uploads\/2025\/03\/Old_Products.jpg 960w, https:\/\/rovalworld.com\/vi\/wp-content\/uploads\/2025\/03\/Old_Products-300x169.jpg 300w, https:\/\/rovalworld.com\/vi\/wp-content\/uploads\/2025\/03\/Old_Products-768x432.jpg 768w\" sizes=\"auto, (max-width: 960px) 100vw, 960px\" \/><\/figure>\n\n\n\n<figure class=\"wp-block-image size-full\"><img loading=\"lazy\" decoding=\"async\" width=\"1920\" height=\"1080\" data-id=\"2475\" src=\"https:\/\/rovalworld.com\/vi\/wp-content\/uploads\/2025\/12\/roval_lineup.jpg\" alt=\"ROVAL line-up\" class=\"wp-image-2475\" srcset=\"https:\/\/rovalworld.com\/vi\/wp-content\/uploads\/2025\/12\/roval_lineup.jpg 1920w, https:\/\/rovalworld.com\/vi\/wp-content\/uploads\/2025\/12\/roval_lineup-300x169.jpg 300w, https:\/\/rovalworld.com\/vi\/wp-content\/uploads\/2025\/12\/roval_lineup-1024x576.jpg 1024w, https:\/\/rovalworld.com\/vi\/wp-content\/uploads\/2025\/12\/roval_lineup-768x432.jpg 768w, https:\/\/rovalworld.com\/vi\/wp-content\/uploads\/2025\/12\/roval_lineup-1536x864.jpg 1536w\" sizes=\"auto, (max-width: 1920px) 100vw, 1920px\" \/><\/figure>\n<\/figure>\n\n\n\n<div style=\"height:50px\" aria-hidden=\"true\" class=\"wp-block-spacer\"><\/div>\n\n\n\n<p class=\"has-text-color has-medium-font-size\" style=\"color:#ff9933\"><strong>New factory completed on May 8, 2023!<\/strong><\/p>\n\n\n\n<p class=\"has-black-color has-text-color\" style=\"font-size:21px\"><img loading=\"lazy\" decoding=\"async\" width=\"60\" height=\"40\" class=\"wp-image-481\" style=\"width: 60px;\" src=\"https:\/\/rovalworld.com\/vi\/wp-content\/uploads\/2020\/08\/Japan_s.gif\" alt=\"\"> <strong>ROVAL Corporation<\/strong><\/p>\n\n\n\n<p class=\"has-black-color has-text-color\" style=\"font-size:17px\">1-1, Nomura motomachi, Hirakata, Osaka, 573-0132 JAPAN<br>TEL: +81-72-894-7590<br>FAX: +81-72-894-7593<br>URL: <a aria-label=\" (opens in a new tab)\" class=\"aioseop-link\" href=\"https:\/\/www.roval.co.jp\" target=\"_blank\" rel=\"noreferrer noopener\">www.roval.co.jp<\/a><\/p>\n\n\n\n<figure class=\"wp-block-image size-full\"><img loading=\"lazy\" decoding=\"async\" width=\"600\" height=\"424\" src=\"https:\/\/rovalworld.com\/vi\/wp-content\/uploads\/2023\/04\/Hirakata_factory.jpg\" alt=\"Hirakata_factory\" class=\"wp-image-2226\" srcset=\"https:\/\/rovalworld.com\/vi\/wp-content\/uploads\/2023\/04\/Hirakata_factory.jpg 600w, https:\/\/rovalworld.com\/vi\/wp-content\/uploads\/2023\/04\/Hirakata_factory-300x212.jpg 300w\" sizes=\"auto, (max-width: 600px) 100vw, 600px\" \/><figcaption class=\"wp-element-caption\"><mark style=\"background-color:rgba(0, 0, 0, 0)\" class=\"has-inline-color has-black-color\"><strong>Nh\u00e0 m\u00e1y Hirakata<\/strong> (B\u1ed9 ph\u1eadn Nghi\u00ean c\u1ee9u v\u00e0 ph\u00e1t tri\u1ec3n s\u1ea3n ph\u1ea9m, Kinh doanh, S\u1ea3n xu\u1ea5t)<\/mark><\/figcaption><\/figure>\n\n\n\n<figure class=\"wp-block-gallery has-nested-images columns-default is-cropped wp-block-gallery-2 is-layout-flex wp-block-gallery-is-layout-flex\">\n<figure class=\"wp-block-image size-large\"><a href=\"https:\/\/rovalworld.com\/vi\/wp-content\/uploads\/2023\/04\/Hirakata_factory01.jpg\"><img loading=\"lazy\" decoding=\"async\" width=\"1024\" height=\"683\" data-id=\"2202\" src=\"https:\/\/rovalworld.com\/vi\/wp-content\/uploads\/2023\/04\/Hirakata_factory01-1024x683.jpg\" alt=\"Hirakata_factory01\" class=\"wp-image-2202\" srcset=\"https:\/\/rovalworld.com\/vi\/wp-content\/uploads\/2023\/04\/Hirakata_factory01-1024x683.jpg 1024w, https:\/\/rovalworld.com\/vi\/wp-content\/uploads\/2023\/04\/Hirakata_factory01-300x200.jpg 300w, https:\/\/rovalworld.com\/vi\/wp-content\/uploads\/2023\/04\/Hirakata_factory01-768x512.jpg 768w, https:\/\/rovalworld.com\/vi\/wp-content\/uploads\/2023\/04\/Hirakata_factory01.jpg 1200w\" sizes=\"auto, (max-width: 1024px) 100vw, 1024px\" \/><\/a><\/figure>\n\n\n\n<figure class=\"wp-block-image size-large\"><a href=\"https:\/\/rovalworld.com\/vi\/wp-content\/uploads\/2023\/04\/Hirakata_factory02.jpg\"><img loading=\"lazy\" decoding=\"async\" width=\"1024\" height=\"683\" data-id=\"2203\" src=\"https:\/\/rovalworld.com\/vi\/wp-content\/uploads\/2023\/04\/Hirakata_factory02-1024x683.jpg\" alt=\"Hirakata_factory02\" class=\"wp-image-2203\" srcset=\"https:\/\/rovalworld.com\/vi\/wp-content\/uploads\/2023\/04\/Hirakata_factory02-1024x683.jpg 1024w, https:\/\/rovalworld.com\/vi\/wp-content\/uploads\/2023\/04\/Hirakata_factory02-300x200.jpg 300w, https:\/\/rovalworld.com\/vi\/wp-content\/uploads\/2023\/04\/Hirakata_factory02-768x512.jpg 768w, https:\/\/rovalworld.com\/vi\/wp-content\/uploads\/2023\/04\/Hirakata_factory02.jpg 1200w\" sizes=\"auto, (max-width: 1024px) 100vw, 1024px\" \/><\/a><\/figure>\n\n\n\n<figure class=\"wp-block-image size-large\"><a href=\"https:\/\/rovalworld.com\/vi\/wp-content\/uploads\/2023\/04\/Hirakata_factory03.jpg\"><img loading=\"lazy\" decoding=\"async\" width=\"1024\" height=\"683\" data-id=\"2204\" src=\"https:\/\/rovalworld.com\/vi\/wp-content\/uploads\/2023\/04\/Hirakata_factory03-1024x683.jpg\" alt=\"Hirakata_factory03\" class=\"wp-image-2204\" srcset=\"https:\/\/rovalworld.com\/vi\/wp-content\/uploads\/2023\/04\/Hirakata_factory03-1024x683.jpg 1024w, https:\/\/rovalworld.com\/vi\/wp-content\/uploads\/2023\/04\/Hirakata_factory03-300x200.jpg 300w, https:\/\/rovalworld.com\/vi\/wp-content\/uploads\/2023\/04\/Hirakata_factory03-768x512.jpg 768w, https:\/\/rovalworld.com\/vi\/wp-content\/uploads\/2023\/04\/Hirakata_factory03.jpg 1200w\" sizes=\"auto, (max-width: 1024px) 100vw, 1024px\" \/><\/a><\/figure>\n\n\n\n<figure class=\"wp-block-image size-large\"><a href=\"https:\/\/rovalworld.com\/vi\/wp-content\/uploads\/2023\/04\/Hirakata_factory04.jpg\"><img loading=\"lazy\" decoding=\"async\" width=\"1024\" height=\"683\" data-id=\"2205\" src=\"https:\/\/rovalworld.com\/vi\/wp-content\/uploads\/2023\/04\/Hirakata_factory04-1024x683.jpg\" alt=\"Hirakata_factory04\" class=\"wp-image-2205\" srcset=\"https:\/\/rovalworld.com\/vi\/wp-content\/uploads\/2023\/04\/Hirakata_factory04-1024x683.jpg 1024w, https:\/\/rovalworld.com\/vi\/wp-content\/uploads\/2023\/04\/Hirakata_factory04-300x200.jpg 300w, https:\/\/rovalworld.com\/vi\/wp-content\/uploads\/2023\/04\/Hirakata_factory04-768x512.jpg 768w, https:\/\/rovalworld.com\/vi\/wp-content\/uploads\/2023\/04\/Hirakata_factory04.jpg 1200w\" sizes=\"auto, (max-width: 1024px) 100vw, 1024px\" \/><\/a><\/figure>\n\n\n\n<figure class=\"wp-block-image size-large\"><a href=\"https:\/\/rovalworld.com\/vi\/wp-content\/uploads\/2023\/04\/Hirakata_factory05.jpg\"><img loading=\"lazy\" decoding=\"async\" width=\"1024\" height=\"683\" data-id=\"2206\" src=\"https:\/\/rovalworld.com\/vi\/wp-content\/uploads\/2023\/04\/Hirakata_factory05-1024x683.jpg\" alt=\"Hirakata_factory05\" class=\"wp-image-2206\" srcset=\"https:\/\/rovalworld.com\/vi\/wp-content\/uploads\/2023\/04\/Hirakata_factory05-1024x683.jpg 1024w, https:\/\/rovalworld.com\/vi\/wp-content\/uploads\/2023\/04\/Hirakata_factory05-300x200.jpg 300w, https:\/\/rovalworld.com\/vi\/wp-content\/uploads\/2023\/04\/Hirakata_factory05-768x512.jpg 768w, https:\/\/rovalworld.com\/vi\/wp-content\/uploads\/2023\/04\/Hirakata_factory05.jpg 1200w\" sizes=\"auto, (max-width: 1024px) 100vw, 1024px\" \/><\/a><\/figure>\n\n\n\n<figure class=\"wp-block-image size-large\"><a href=\"https:\/\/rovalworld.com\/vi\/wp-content\/uploads\/2023\/04\/Hirakata_factory06.jpg\"><img loading=\"lazy\" decoding=\"async\" width=\"1024\" height=\"683\" data-id=\"2207\" src=\"https:\/\/rovalworld.com\/vi\/wp-content\/uploads\/2023\/04\/Hirakata_factory06-1024x683.jpg\" alt=\"Hirakata_factory06\" class=\"wp-image-2207\" srcset=\"https:\/\/rovalworld.com\/vi\/wp-content\/uploads\/2023\/04\/Hirakata_factory06-1024x683.jpg 1024w, https:\/\/rovalworld.com\/vi\/wp-content\/uploads\/2023\/04\/Hirakata_factory06-300x200.jpg 300w, https:\/\/rovalworld.com\/vi\/wp-content\/uploads\/2023\/04\/Hirakata_factory06-768x512.jpg 768w, https:\/\/rovalworld.com\/vi\/wp-content\/uploads\/2023\/04\/Hirakata_factory06.jpg 1200w\" sizes=\"auto, (max-width: 1024px) 100vw, 1024px\" \/><\/a><\/figure>\n\n\n\n<figure class=\"wp-block-image size-large\"><a href=\"https:\/\/rovalworld.com\/vi\/wp-content\/uploads\/2023\/12\/Hirakata_factory07.jpg\"><img loading=\"lazy\" decoding=\"async\" width=\"1024\" height=\"683\" data-id=\"2254\" src=\"https:\/\/rovalworld.com\/vi\/wp-content\/uploads\/2023\/12\/Hirakata_factory07-1024x683.jpg\" alt=\"Hirakata_factory 07\" class=\"wp-image-2254\" srcset=\"https:\/\/rovalworld.com\/vi\/wp-content\/uploads\/2023\/12\/Hirakata_factory07-1024x683.jpg 1024w, https:\/\/rovalworld.com\/vi\/wp-content\/uploads\/2023\/12\/Hirakata_factory07-300x200.jpg 300w, https:\/\/rovalworld.com\/vi\/wp-content\/uploads\/2023\/12\/Hirakata_factory07-768x512.jpg 768w, https:\/\/rovalworld.com\/vi\/wp-content\/uploads\/2023\/12\/Hirakata_factory07.jpg 1200w\" sizes=\"auto, (max-width: 1024px) 100vw, 1024px\" \/><\/a><\/figure>\n\n\n\n<figure class=\"wp-block-image size-large\"><a href=\"https:\/\/rovalworld.com\/vi\/wp-content\/uploads\/2023\/04\/Hirakata_factory08.jpg\"><img loading=\"lazy\" decoding=\"async\" width=\"1024\" height=\"683\" data-id=\"2209\" src=\"https:\/\/rovalworld.com\/vi\/wp-content\/uploads\/2023\/04\/Hirakata_factory08-1024x683.jpg\" alt=\"Hirakata_factory08\" class=\"wp-image-2209\" srcset=\"https:\/\/rovalworld.com\/vi\/wp-content\/uploads\/2023\/04\/Hirakata_factory08-1024x683.jpg 1024w, https:\/\/rovalworld.com\/vi\/wp-content\/uploads\/2023\/04\/Hirakata_factory08-300x200.jpg 300w, https:\/\/rovalworld.com\/vi\/wp-content\/uploads\/2023\/04\/Hirakata_factory08-768x512.jpg 768w, https:\/\/rovalworld.com\/vi\/wp-content\/uploads\/2023\/04\/Hirakata_factory08.jpg 1200w\" sizes=\"auto, (max-width: 1024px) 100vw, 1024px\" \/><\/a><\/figure>\n\n\n\n<figure class=\"wp-block-image size-large\"><a href=\"https:\/\/rovalworld.com\/vi\/wp-content\/uploads\/2023\/12\/Hirakata_factory11.jpg\"><img loading=\"lazy\" decoding=\"async\" width=\"1024\" height=\"683\" data-id=\"2259\" src=\"https:\/\/rovalworld.com\/vi\/wp-content\/uploads\/2023\/12\/Hirakata_factory11-1024x683.jpg\" alt=\"Hirakata_factory 11\" class=\"wp-image-2259\" srcset=\"https:\/\/rovalworld.com\/vi\/wp-content\/uploads\/2023\/12\/Hirakata_factory11-1024x683.jpg 1024w, https:\/\/rovalworld.com\/vi\/wp-content\/uploads\/2023\/12\/Hirakata_factory11-300x200.jpg 300w, https:\/\/rovalworld.com\/vi\/wp-content\/uploads\/2023\/12\/Hirakata_factory11-768x512.jpg 768w, https:\/\/rovalworld.com\/vi\/wp-content\/uploads\/2023\/12\/Hirakata_factory11.jpg 1200w\" sizes=\"auto, (max-width: 1024px) 100vw, 1024px\" \/><\/a><\/figure>\n\n\n\n<figure class=\"wp-block-image size-large\"><a href=\"https:\/\/rovalworld.com\/vi\/wp-content\/uploads\/2023\/12\/Hirakata_factory10.jpg\"><img loading=\"lazy\" decoding=\"async\" width=\"1024\" height=\"683\" data-id=\"2257\" src=\"https:\/\/rovalworld.com\/vi\/wp-content\/uploads\/2023\/12\/Hirakata_factory10-1024x683.jpg\" alt=\"Hirakata_factory 10\" class=\"wp-image-2257\" srcset=\"https:\/\/rovalworld.com\/vi\/wp-content\/uploads\/2023\/12\/Hirakata_factory10-1024x683.jpg 1024w, https:\/\/rovalworld.com\/vi\/wp-content\/uploads\/2023\/12\/Hirakata_factory10-300x200.jpg 300w, https:\/\/rovalworld.com\/vi\/wp-content\/uploads\/2023\/12\/Hirakata_factory10-768x512.jpg 768w, https:\/\/rovalworld.com\/vi\/wp-content\/uploads\/2023\/12\/Hirakata_factory10.jpg 1200w\" sizes=\"auto, (max-width: 1024px) 100vw, 1024px\" \/><\/a><\/figure>\n\n\n\n<figure class=\"wp-block-image size-large\"><a href=\"https:\/\/rovalworld.com\/vi\/wp-content\/uploads\/2023\/12\/Hirakata_factory12.jpg\"><img loading=\"lazy\" decoding=\"async\" width=\"1024\" height=\"683\" data-id=\"2255\" src=\"https:\/\/rovalworld.com\/vi\/wp-content\/uploads\/2023\/12\/Hirakata_factory12-1024x683.jpg\" alt=\"Hirakata_factory 12\" class=\"wp-image-2255\" srcset=\"https:\/\/rovalworld.com\/vi\/wp-content\/uploads\/2023\/12\/Hirakata_factory12-1024x683.jpg 1024w, https:\/\/rovalworld.com\/vi\/wp-content\/uploads\/2023\/12\/Hirakata_factory12-300x200.jpg 300w, https:\/\/rovalworld.com\/vi\/wp-content\/uploads\/2023\/12\/Hirakata_factory12-768x512.jpg 768w, https:\/\/rovalworld.com\/vi\/wp-content\/uploads\/2023\/12\/Hirakata_factory12.jpg 1200w\" sizes=\"auto, (max-width: 1024px) 100vw, 1024px\" \/><\/a><\/figure>\n\n\n\n<figure class=\"wp-block-image size-large\"><a href=\"https:\/\/rovalworld.com\/vi\/wp-content\/uploads\/2023\/04\/Hirakata_factory09.jpg\"><img loading=\"lazy\" decoding=\"async\" width=\"1024\" height=\"683\" data-id=\"2210\" src=\"https:\/\/rovalworld.com\/vi\/wp-content\/uploads\/2023\/04\/Hirakata_factory09-1024x683.jpg\" alt=\"Hirakata_factory09\" class=\"wp-image-2210\" srcset=\"https:\/\/rovalworld.com\/vi\/wp-content\/uploads\/2023\/04\/Hirakata_factory09-1024x683.jpg 1024w, https:\/\/rovalworld.com\/vi\/wp-content\/uploads\/2023\/04\/Hirakata_factory09-300x200.jpg 300w, https:\/\/rovalworld.com\/vi\/wp-content\/uploads\/2023\/04\/Hirakata_factory09-768x512.jpg 768w, https:\/\/rovalworld.com\/vi\/wp-content\/uploads\/2023\/04\/Hirakata_factory09.jpg 1200w\" sizes=\"auto, (max-width: 1024px) 100vw, 1024px\" \/><\/a><\/figure>\n<\/figure>\n\n\n\n<p><\/p>\n\n\n\n<iframe src=\"https:\/\/www.google.com\/maps\/embed?pb=!1m14!1m8!1m3!1d3275.881461835579!2d135.69309!3d34.808924!3m2!1i1024!2i768!4f13.1!3m3!1m2!1s0x60011be0351fcf0f%3A0x7a6ddf46e8c34234!2s1-1%20Nomura%20Motomachi%2C%20Hirakata%2C%20Osaka%20573-0132!5e0!3m2!1svi!2sjp!4v1716277522247!5m2!1svi!2sjp\" width=\"600\" height=\"450\" style=\"border:0;\" allowfullscreen=\"\" loading=\"lazy\" referrerpolicy=\"no-referrer-when-downgrade\"><\/iframe>\n\n\n\n<div style=\"height:50px\" aria-hidden=\"true\" class=\"wp-block-spacer\"><\/div>\n\n\n\n<hr class=\"wp-block-separator has-alpha-channel-opacity\"\/>\n\n\n\n<p class=\"has-black-color has-text-color has-medium-font-size\"><img loading=\"lazy\" decoding=\"async\" width=\"60\" height=\"40\" class=\"wp-image-477\" style=\"width: 60px;\" src=\"https:\/\/rovalworld.com\/vi\/wp-content\/uploads\/2020\/08\/China_s.gif\" alt=\"\"><br><strong>ROVAL (SHANGHAI) SALES &amp; TRADING CORPORATION<\/strong><br><strong>SHANGHAI ROVAL ZINC RICH PAINT CORPORATION<\/strong><\/p>\n\n\n\n<p style=\"font-size:17px\"><mark style=\"background-color:rgba(0, 0, 0, 0)\" class=\"has-inline-color has-black-color\">NO.393, Fenggong RD, Jiading, Malu Shanghai, 201801 CHINA<br>Tel: +86-21-6915-6584 <br>Fax: +86-21-6915-2081<br>URL:<\/mark> <a aria-label=\" (opens in a new tab)\" class=\"aioseop-link\" href=\"http:\/\/www.roval.cn\" target=\"_blank\" rel=\"noreferrer noopener\">www.roval.cn<\/a><br><mark style=\"background-color:rgba(0, 0, 0, 0)\" class=\"has-inline-color has-black-color\">Baidu Map:<\/mark>&nbsp;<a href=\"https:\/\/j.map.baidu.com\/cc\/fuoi\" target=\"_blank\" rel=\"noreferrer noopener\">https:\/\/j.map.baidu.com\/cc\/fuoi<\/a><\/p>\n\n\n\n<figure class=\"wp-block-image size-large\"><img loading=\"lazy\" decoding=\"async\" width=\"600\" height=\"424\" src=\"https:\/\/rovalworld.com\/vi\/wp-content\/uploads\/2020\/08\/shanghai-factory.jpg\" alt=\"\" class=\"wp-image-472\" srcset=\"https:\/\/rovalworld.com\/vi\/wp-content\/uploads\/2020\/08\/shanghai-factory.jpg 600w, https:\/\/rovalworld.com\/vi\/wp-content\/uploads\/2020\/08\/shanghai-factory-300x212.jpg 300w\" sizes=\"auto, (max-width: 600px) 100vw, 600px\" \/><figcaption class=\"wp-element-caption\"><mark style=\"background-color:rgba(0, 0, 0, 0)\" class=\"has-inline-color has-black-color\"><strong>Nh\u00e0 m\u00e1y Th\u01b0\u1ee3ng H\u1ea3i<\/strong> (B\u1ed9 ph\u1eadn B\u00e1n h\u00e0ng n\u01b0\u1edbc ngo\u00e0i v\u00e0 S\u1ea3n xu\u1ea5t)<\/mark><\/figcaption><\/figure>\n\n\n\n<div style=\"height:50px\" aria-hidden=\"true\" class=\"wp-block-spacer\"><\/div>\n\n\n\n<hr class=\"wp-block-separator has-alpha-channel-opacity\"\/>\n\n\n\n<p class=\"has-black-color has-text-color has-link-color has-medium-font-size wp-elements-4386f90407c49b25d2f7927d8d5ceac2\"><img loading=\"lazy\" decoding=\"async\" width=\"60\" height=\"40\" src=\"https:\/\/rovalworld.com\/ja\/wp-content\/uploads\/2020\/08\/Thai_s.gif\" alt=\"\"> <strong>ROVAL (THAILAND) CO.,LTD.<\/strong><\/p>\n\n\n\n<p style=\"font-size:17px\"><mark style=\"background-color:rgba(0, 0, 0, 0)\" class=\"has-inline-color has-black-color\">4\/222 Harbor Office, 12th Floor, Room No.1224, Moo 10, Sukhumvit Road,<br>Thungsukhla, Sriracha, Chonburi 20230 THAILAND<br>URL:<\/mark> <a href=\"http:\/\/www.roval.co.th\" target=\"_blank\" rel=\"noopener\" title=\"\">www.roval.co.th<\/a><br><mark style=\"background-color:rgba(0, 0, 0, 0)\" class=\"has-inline-color has-black-color\">TAX ID: 0205566066869<\/mark><\/p>\n\n\n\n<figure class=\"wp-block-image size-full\"><img loading=\"lazy\" decoding=\"async\" width=\"600\" height=\"450\" src=\"https:\/\/rovalworld.com\/vi\/wp-content\/uploads\/2024\/05\/Harbor-Office.jpg\" alt=\"Harbor Office Thailand\" class=\"wp-image-2323\" srcset=\"https:\/\/rovalworld.com\/vi\/wp-content\/uploads\/2024\/05\/Harbor-Office.jpg 600w, https:\/\/rovalworld.com\/vi\/wp-content\/uploads\/2024\/05\/Harbor-Office-300x225.jpg 300w\" sizes=\"auto, (max-width: 600px) 100vw, 600px\" \/><figcaption class=\"wp-element-caption\"><strong><mark style=\"background-color:rgba(0, 0, 0, 0)\" class=\"has-inline-color has-black-color\">Harbor Office Thailand<\/mark><\/strong><br><\/figcaption><\/figure>\n\n\n\n<iframe src=\"https:\/\/www.google.com\/maps\/embed?pb=!1m14!1m8!1m3!1d15545.237994699432!2d100.921606!3d13.079561!3m2!1i1024!2i768!4f13.1!3m3!1m2!1s0x3102b9082b610761%3A0xcc3c9a7533ba8d31!2sHARBOR%20OFFICE%20LAEMCHABANG!5e0!3m2!1svi!2sjp!4v1716277539971!5m2!1svi!2sjp\" width=\"600\" height=\"450\" style=\"border:0;\" allowfullscreen=\"\" loading=\"lazy\" referrerpolicy=\"no-referrer-when-downgrade\"><\/iframe>\n\n\n\n<div style=\"height:50px\" aria-hidden=\"true\" class=\"wp-block-spacer\"><\/div>\n\n\n\n<hr class=\"wp-block-separator has-alpha-channel-opacity\"\/>\n\n\n\n<p class=\"has-black-color has-text-color\" style=\"font-size:21px\"><img loading=\"lazy\" decoding=\"async\" width=\"60\" height=\"40\" class=\"wp-image-481\" style=\"width: 60px;\" src=\"https:\/\/rovalworld.com\/vi\/wp-content\/uploads\/2020\/08\/Japan_s.gif\" alt=\"\"> <strong>Kitahama Office<\/strong><\/p>\n\n\n\n<p class=\"has-black-color has-text-color\" style=\"font-size:17px\">1-1-21, Kitahama, Chuoku, Osaka, 541-0041 JAPAN<br>Tel: +81-6-6228-3631<br>Fax: +81-6-6228-3633<\/p>\n\n\n\n<figure class=\"wp-block-image size-large\"><img loading=\"lazy\" decoding=\"async\" width=\"600\" height=\"450\" src=\"https:\/\/rovalworld.com\/vi\/wp-content\/uploads\/2020\/08\/head-office.jpg\" alt=\"\" class=\"wp-image-470\" srcset=\"https:\/\/rovalworld.com\/vi\/wp-content\/uploads\/2020\/08\/head-office.jpg 600w, https:\/\/rovalworld.com\/vi\/wp-content\/uploads\/2020\/08\/head-office-300x225.jpg 300w\" sizes=\"auto, (max-width: 600px) 100vw, 600px\" \/><figcaption class=\"wp-element-caption\"><strong>V\u0103n ph\u00f2ng Kitahama<\/strong> <mark style=\"background-color:rgba(0, 0, 0, 0)\" class=\"has-inline-color has-black-color\">(Ph\u00f2ng Nh\u00e2n s\u1ef1, K\u1ebf to\u00e1n)<\/mark><\/figcaption><\/figure>\n\n\n\n<iframe src=\"https:\/\/www.google.com\/maps\/embed?pb=!1m14!1m8!1m3!1d3280.5389885623968!2d135.507904!3d34.691583!3m2!1i1024!2i768!4f13.1!3m3!1m2!1s0x6000e6de765c0001%3A0x45ed8db132edd7a6!2z56ys5LqM5Lit5LqV44OT44Or!5e0!3m2!1svi!2sjp!4v1716277560227!5m2!1svi!2sjp\" width=\"600\" height=\"450\" style=\"border:0;\" allowfullscreen=\"\" loading=\"lazy\" referrerpolicy=\"no-referrer-when-downgrade\"><\/iframe>\n","protected":false},"excerpt":{"rendered":"<p>T\u1eeb n\u0103m 1955 C\u00f4ng ty c\u1ed5 ph\u1ea7n ROVAL \u0111\u01b0\u1ee3c th\u00e0nh l\u1eadp n\u0103m 1955 t\u1ea1i OSAKA. C\u00f4ng ty ch\u00fang t\u00f4i s\u1eed d\u1ee5ng m\u1ed9t t\u00ean duy nh\u1ea5t cho t\u00ean s\u1ea3n ph\u1ea9m v\u00e0 &#8230;<\/p>\n","protected":false},"author":1,"featured_media":0,"parent":0,"menu_order":0,"comment_status":"closed","ping_status":"closed","template":"","meta":{"footnotes":""},"class_list":["post-334","page","type-page","status-publish","hentry"],"aioseo_notices":[],"_links":{"self":[{"href":"https:\/\/rovalworld.com\/vi\/wp-json\/wp\/v2\/pages\/334","targetHints":{"allow":["GET"]}}],"collection":[{"href":"https:\/\/rovalworld.com\/vi\/wp-json\/wp\/v2\/pages"}],"about":[{"href":"https:\/\/rovalworld.com\/vi\/wp-json\/wp\/v2\/types\/page"}],"author":[{"embeddable":true,"href":"https:\/\/rovalworld.com\/vi\/wp-json\/wp\/v2\/users\/1"}],"replies":[{"embeddable":true,"href":"https:\/\/rovalworld.com\/vi\/wp-json\/wp\/v2\/comments?post=334"}],"version-history":[{"count":46,"href":"https:\/\/rovalworld.com\/vi\/wp-json\/wp\/v2\/pages\/334\/revisions"}],"predecessor-version":[{"id":2477,"href":"https:\/\/rovalworld.com\/vi\/wp-json\/wp\/v2\/pages\/334\/revisions\/2477"}],"wp:attachment":[{"href":"https:\/\/rovalworld.com\/vi\/wp-json\/wp\/v2\/media?parent=334"}],"curies":[{"name":"wp","href":"https:\/\/api.w.org\/{rel}","templated":true}]}}