{"id":335,"date":"2020-05-13T18:37:03","date_gmt":"2020-05-13T09:37:03","guid":{"rendered":"https:\/\/rovalworld.com\/vi\/products\/"},"modified":"2021-09-09T14:42:14","modified_gmt":"2021-09-09T05:42:14","slug":"products","status":"publish","type":"page","link":"https:\/\/rovalworld.com\/vi\/products\/","title":{"rendered":"C\u00e1c s\u1ea3n ph\u1ea9m"},"content":{"rendered":"\n<p class=\"has-text-color has-large-font-size\" style=\"color:#ff8000\"><strong><strong>D\u00f2ng s\u1ea3n ph\u1ea9m<\/strong><\/strong><\/p>\n\n\n\n<p class=\"has-text-color has-background has-medium-font-size\" style=\"background-color:#808080;color:#ffffff\"><strong>M\u1ea1 k\u1ebdm l\u1ea1nh (<strong>Cold Galvanizing compound<\/strong><\/strong>)<\/p>\n\n\n\n<figure class=\"wp-block-table is-style-regular\"><table><tbody><tr><td class=\"has-text-align-center\" data-align=\"center\"><a href=\"https:\/\/rovalworld.com\/vi\/products\/roval\"><img decoding=\"async\" class=\"wp-image-2627\" style=\"width: 150px;\" src=\"https:\/\/rovalworld.com\/wp-content\/uploads\/2020\/05\/R-BEST.jpg\" alt=\"\"><\/a><\/td><td class=\"has-text-align-center\" data-align=\"center\"><a href=\"https:\/\/rovalworld.com\/vi\/products\/roval\"><strong><span style=\"color:#dd3333\" class=\"has-inline-color\">ROVAL<\/span><\/strong><br><strong><span style=\"color:#dd3333\" class=\"has-inline-color\">Cold Galvanizing Compound<\/span><\/strong><\/a><\/td><td><span class=\"has-inline-color has-black-color\"><strong>Kh\u00f4ng c\u1ea7n s\u01a1n l\u00f3t ho\u1eb7c s\u01a1n ph\u1ee7<\/strong><br><\/span><br><span class=\"has-inline-color has-black-color\">Ch\u1ee9a <strong>96%<\/strong> h\u00e0m l\u01b0\u1ee3ng k\u1ebdm<br>T\u00e1c d\u1ee5ng ch\u1ed1ng \u0103n m\u00f2n:<img decoding=\"async\" class=\"wp-image-2171\" style=\"width: 90px;\" src=\"https:\/\/rovalworld.com\/wp-content\/uploads\/2020\/05\/star5.jpg\" alt=\"\"><br><br>Thay \u0111\u1ed5i m\u00e0u s\u1eafc:<\/span> <img decoding=\"async\" class=\"wp-image-2222\" style=\"width: 200px;\" src=\"https:\/\/rovalworld.com\/wp-content\/uploads\/2020\/05\/ch_R.jpg\" alt=\"\"><br><\/td><td class=\"has-text-align-center\" data-align=\"center\"><img decoding=\"async\" class=\"wp-image-2243\" style=\"width: 150px;\" src=\"https:\/\/rovalworld.com\/wp-content\/uploads\/2020\/05\/cs_R.png\" alt=\"\"><br><span class=\"has-inline-color has-black-color\">M\u1eabu m\u00e0u<\/span><\/td><\/tr><tr><td class=\"has-text-align-center\" data-align=\"center\"><a href=\"https:\/\/rovalworld.com\/vi\/products\/epo-roval\"><img decoding=\"async\" class=\"wp-image-2130\" style=\"width: 150px;\" src=\"https:\/\/rovalworld.com\/wp-content\/uploads\/2020\/05\/ER-set-1.jpg\" alt=\"\"><\/a><\/td><td class=\"has-text-align-center\" data-align=\"center\"><a href=\"https:\/\/rovalworld.com\/vi\/\/products\/epo-roval\"><strong><span class=\"has-inline-color has-luminous-vivid-orange-color\">EPO  ROVAL<\/span><\/strong><br><strong><span class=\"has-inline-color has-luminous-vivid-orange-color\">Cold Galvanizing Compound<\/span><\/strong><\/a><\/td><td><span class=\"has-inline-color has-black-color\"><strong>C\u00f3 th\u1ec3 \u1ee9ng d\u1ee5ng l\u00e0m s\u01a1n ph\u1ee7, \u0111\u1ec3 \u0111\u1ea1t \u0111\u01b0\u1ee3c h\u1ec7 s\u01a1n ph\u1ee7 ch\u00e2\u0301t l\u01b0\u01a1\u0323ng cao<\/strong><\/span><br><span class=\"has-inline-color has-black-color\"><br>Ch\u1ee9a <strong>96%<\/strong> h\u00e0m l\u01b0\u1ee3ng k\u1ebdm<br>T\u00e1c d\u1ee5ng ch\u1ed1ng \u0103n m\u00f2n:<img decoding=\"async\" class=\"wp-image-2171\" style=\"width: 90px;\" src=\"https:\/\/rovalworld.com\/wp-content\/uploads\/2020\/05\/star5.jpg\" alt=\"\"><br><br>Thay \u0111\u1ed5i m\u00e0u s\u1eafc:<\/span> <img decoding=\"async\" class=\"wp-image-2233\" style=\"width: 200px;\" src=\"https:\/\/rovalworld.com\/wp-content\/uploads\/2020\/05\/ch_ER.jpg\" alt=\"\"><br><\/td><td class=\"has-text-align-center\" data-align=\"center\"><img decoding=\"async\" class=\"wp-image-2242\" style=\"width: 150px;\" src=\"https:\/\/rovalworld.com\/wp-content\/uploads\/2020\/05\/cs_ER.png\" alt=\"\"><\/td><\/tr><tr><td class=\"has-text-align-center\" data-align=\"center\"><a href=\"https:\/\/rovalworld.com\/vi\/\/products\/aqua-roval\"><img decoding=\"async\" class=\"wp-image-2129\" style=\"width: 150px;\" src=\"https:\/\/rovalworld.com\/wp-content\/uploads\/2020\/05\/AQ-set.jpg\" alt=\"\"><\/a><\/td><td class=\"has-text-align-center\" data-align=\"center\"><a href=\"https:\/\/rovalworld.com\/vi\/\/products\/aqua-roval\"><strong><span style=\"color:#0366d6\" class=\"has-inline-color\">AQUA ROVAL<\/span><\/strong><br><strong><span style=\"color:#0366d6\" class=\"has-inline-color\">Cold Galvanizing Compound<\/span><\/strong> <\/a><\/td><td><span class=\"has-inline-color has-black-color\"><strong>Lo\u1ea1i g\u1ed1c n\u01b0\u1edbc th\u00e2n thi\u1ec7n v\u1edbi m\u00f4i tr\u01b0\u1eddng<\/strong><br><\/span><br><span class=\"has-inline-color has-black-color\">Ch\u1ee9a <strong>95%<\/strong> h\u00e0m l\u01b0\u1ee3ng k\u1ebdm<br>T\u00e1c d\u1ee5ng ch\u1ed1ng \u0103n m\u00f2n:<img decoding=\"async\" class=\"wp-image-2171\" style=\"width: 90px;\" src=\"https:\/\/rovalworld.com\/wp-content\/uploads\/2020\/05\/star5.jpg\" alt=\"\"><br><br>Thay \u0111\u1ed5i m\u00e0u s\u1eafc: <img decoding=\"async\" class=\"wp-image-2232\" style=\"width: 200px;\" src=\"https:\/\/rovalworld.com\/wp-content\/uploads\/2020\/05\/ch_AQ.jpg\" alt=\"\"><\/span><\/td><td class=\"has-text-align-center\" data-align=\"center\"><img decoding=\"async\" class=\"wp-image-2241\" style=\"width: 150px;\" src=\"https:\/\/rovalworld.com\/wp-content\/uploads\/2020\/05\/cs_AQ.png\" alt=\"\"><\/td><\/tr><\/tbody><\/table><\/figure>\n\n\n\n<p class=\"has-black-color has-text-color has-background has-medium-font-size\" style=\"background-color:#c0c0c0\"><strong>S\u01a1n gi\u00e0u k\u1ebdm m\u00e0u b\u1ea1c<\/strong> (<strong>Silver Zinc Rich Compound)<\/strong><\/p>\n\n\n\n<figure class=\"wp-block-table is-style-regular\"><table><tbody><tr><td class=\"has-text-align-center\" data-align=\"center\"><a href=\"https:\/\/rovalworld.com\/vi\/\/products\/roval-silver\"><img decoding=\"async\" class=\"wp-image-2628\" style=\"width: 150px;\" src=\"https:\/\/rovalworld.com\/wp-content\/uploads\/2020\/05\/RS-BEST.jpg\" alt=\"\"><\/a><\/td><td class=\"has-text-align-center\" data-align=\"center\"><a href=\"https:\/\/rovalworld.com\/vi\/\/products\/roval-silver\"><span class=\"has-inline-color has-vivid-cyan-blue-color\"><strong>ROVAL SILVER<\/strong><\/span><br><span class=\"has-inline-color has-vivid-cyan-blue-color\"><strong>Zinc Rich Compound<\/strong><\/span> <\/a><\/td><td><span class=\"has-inline-color has-black-color\"><strong><strong><strong>L\u1edbp ph\u1ee7 sau ho\u00e0n thi\u1ec7n c\u00f3 m\u00e0u gi\u1ed1ng nh\u01b0 m\u1ea1 k\u1ebdm nh\u00fang n\u00f3ng<\/strong><\/strong><\/strong><br><\/span><br><span class=\"has-inline-color has-black-color\">Ch\u1ee9a <strong>83%<\/strong> h\u00e0m l\u01b0\u1ee3ng k\u1ebdm<br>T\u00e1c d\u1ee5ng ch\u1ed1ng \u0103n m\u00f2n:<img decoding=\"async\" class=\"wp-image-2182\" style=\"width: 90px;\" src=\"https:\/\/rovalworld.com\/wp-content\/uploads\/2020\/05\/star3.jpg\" alt=\"\"><br><br>Thay \u0111\u1ed5i m\u00e0u s\u1eafc:<\/span> <img decoding=\"async\" class=\"wp-image-2234\" style=\"width: 200px;\" src=\"https:\/\/rovalworld.com\/wp-content\/uploads\/2020\/05\/ch_RS.jpg\" alt=\"\"><\/td><td><img decoding=\"async\" class=\"wp-image-2245\" style=\"width: 150px;\" src=\"https:\/\/rovalworld.com\/wp-content\/uploads\/2020\/05\/cs_RS.png\" alt=\"\"><\/td><\/tr><\/tbody><\/table><\/figure>\n\n\n\n<p class=\"has-luminous-vivid-orange-color has-very-light-gray-background-color has-text-color has-background has-medium-font-size\"><strong><strong>D\u00f9ng \u0111\u1ec3 s\u1eeda l\u1ed7i \u0111\u01a1n gi\u1ea3n v\u00e0 ph\u1ed1i m\u00e0u<\/strong><\/strong><\/p>\n\n\n\n<figure class=\"wp-block-table is-style-regular\"><table><tbody><tr><td class=\"has-text-align-center\" data-align=\"center\"><a href=\"https:\/\/rovalworld.com\/vi\/\/products\/zc\"><img decoding=\"async\" class=\"wp-image-1813\" style=\"width: 50px;\" src=\"https:\/\/rovalworld.com\/wp-content\/uploads\/2020\/05\/ZC-spray.jpg\" alt=\"\"><\/a><\/td><td class=\"has-text-align-center\" data-align=\"center\"><a href=\"https:\/\/rovalworld.com\/vi\/\/products\/zc\"><strong><span class=\"has-inline-color has-vivid-cyan-blue-color\">ROVAL ZC<\/span><\/strong><br><strong><span class=\"has-inline-color has-vivid-cyan-blue-color\">Galvanizing Repair Metallic Spray<\/span><\/strong><\/a><\/td><td><span class=\"has-inline-color has-black-color\"><strong><strong>L\u00fd t\u01b0\u1edfng \u0111\u1ec3 s\u1eeda ch\u1eefa \u0111\u01a1n gi\u1ea3n c\u00e1c b\u1ec1 m\u1eb7t m\u1ea1 k\u1ebdm<\/strong><\/strong><br><\/span><br><span class=\"has-inline-color has-black-color\">Ch\u1ee9a <strong>69%<\/strong> h\u00e0m l\u01b0\u1ee3ng k\u1ebdm<br>T\u00e1c d\u1ee5ng ch\u1ed1ng \u0103n m\u00f2n:<br><img decoding=\"async\" class=\"wp-image-2181\" style=\"width: 90px;\" src=\"https:\/\/rovalworld.com\/wp-content\/uploads\/2020\/05\/star2.jpg\" alt=\"\"><br><br>Thay \u0111\u1ed5i m\u00e0u s\u1eafc:<\/span><span class=\"has-inline-color has-very-dark-gray-color\"> <\/span><img decoding=\"async\" class=\"wp-image-2273\" style=\"width: 100px;\" src=\"https:\/\/rovalworld.com\/wp-content\/uploads\/2020\/05\/ch_ZC.jpg\" alt=\"\"><\/td><td class=\"has-text-align-center\" data-align=\"center\"><img decoding=\"async\" class=\"wp-image-2259\" style=\"width: 150px;\" src=\"https:\/\/rovalworld.com\/wp-content\/uploads\/2020\/05\/cs_ZC.jpg\" alt=\"\"><\/td><\/tr><tr><td class=\"has-text-align-center\" data-align=\"center\"><a href=\"https:\/\/rovalworld.com\/vi\/\/products\/mc\"><img decoding=\"async\" class=\"wp-image-1801\" style=\"width: 50px;\" src=\"https:\/\/rovalworld.com\/wp-content\/uploads\/2020\/05\/MC-spray.jpg\" alt=\"\"><\/a><\/td><td class=\"has-text-align-center\" data-align=\"center\"><a href=\"https:\/\/rovalworld.com\/vi\/\/products\/mc\"><span class=\"has-inline-color has-vivid-green-cyan-color\"><strong>ROVAL MC<\/strong><\/span><br><span class=\"has-inline-color has-vivid-green-cyan-color\"><strong>Color Matching Metallic Spray<br>for Galvanized materials<\/strong><\/span><\/a><\/td><td><span class=\"has-inline-color has-very-dark-gray-color\"><strong>B\u00ecnh x\u1ecbt kim lo\u1ea1i d\u00f9ng \u0111\u1ec3 ph\u1ed1i m\u00e0u cho v\u1eadt li\u1ec7u m\u1ea1.<\/strong><\/span><br><br><span class=\"has-inline-color has-very-dark-gray-color\">Kh\u00f4ng c\u00f3 t\u00e1c d\u1ee5ng ch\u1ed1ng g\u1ec9<\/span><br><br><span class=\"has-inline-color has-very-dark-gray-color\">Thay \u0111\u1ed5i m\u00e0u s\u1eafc: <\/span><img decoding=\"async\" class=\"wp-image-2271\" style=\"width: 100px;\" src=\"https:\/\/rovalworld.com\/wp-content\/uploads\/2020\/05\/ch_MC.jpg\" alt=\"\"><\/td><td class=\"has-text-align-center\" data-align=\"center\"><img decoding=\"async\" class=\"wp-image-2258\" style=\"width: 150px;\" src=\"https:\/\/rovalworld.com\/wp-content\/uploads\/2020\/05\/cs_MC.jpg\" alt=\"\"><\/td><\/tr><\/tbody><\/table><\/figure>\n\n\n\n<div style=\"height:30px\" aria-hidden=\"true\" class=\"wp-block-spacer\"><\/div>\n\n\n\n<p class=\"has-text-align-left has-black-color has-text-color has-normal-font-size\"><strong>&lt;T\u00e0i li\u1ec7u tham kh\u1ea3o&gt;<\/strong><br>S\u1ea3n ph\u1ea9m c\u1ee7a ch\u00fang t\u00f4i c\u00f3 \u0111\u1eb7c \u0111i\u1ec3m l\u00e0 m\u00e0u s\u1eafc thay \u0111\u1ed5i gi\u1ed1ng nh\u01b0 M\u1ea1 k\u1ebdm nh\u00fang n\u00f3ng.  <br><br>&lt;M\u1ea1 k\u1ebdm nh\u00fang n\u00f3ng \u0111\u1ed5i m\u00e0u&gt;<br><span class=\"has-inline-color has-very-dark-gray-color\"><img decoding=\"async\" class=\"wp-image-2261\" style=\"width: 300px;\" src=\"https:\/\/rovalworld.com\/wp-content\/uploads\/2020\/05\/ch_HDZ.jpg\" alt=\"\"><\/span><br><br>&lt;T\u00e1c d\u1ee5ng ch\u1ed1ng \u0103n m\u00f2n&gt;<br>M\u1ea1 k\u1ebdm nh\u00fang n\u00f3ng<span class=\"has-inline-color has-very-dark-gray-color\">: <\/span><img decoding=\"async\" class=\"wp-image-2171\" style=\"width: 75px;\" src=\"https:\/\/rovalworld.com\/wp-content\/uploads\/2020\/05\/star5.jpg\" alt=\"\"><br>S\u01a1n b\u00ecnh th\u01b0\u1eddng:<strong> <\/strong><span class=\"has-inline-color has-very-dark-gray-color\"><img decoding=\"async\" class=\"wp-image-2185\" style=\"width: 75px;\" src=\"https:\/\/rovalworld.com\/wp-content\/uploads\/2020\/05\/star1.jpg\" alt=\"\"><\/span><\/p>\n","protected":false},"excerpt":{"rendered":"<p>D\u00f2ng s\u1ea3n ph\u1ea9m M\u1ea1 k\u1ebdm l\u1ea1nh (Cold Galvanizing compound) ROVALCold Galvanizing Compound Kh\u00f4ng c\u1ea7n s\u01a1n l\u00f3t ho\u1eb7c s\u01a1n ph\u1ee7Ch\u1ee9a 96% h\u00e0m l\u01b0\u1ee3ng k\u1ebdmT\u00e1c d\u1ee5ng ch\u1ed1ng \u0103n m\u00f2n: Thay \u0111\u1ed5i m\u00e0u &#8230;<\/p>\n","protected":false},"author":1,"featured_media":0,"parent":0,"menu_order":0,"comment_status":"closed","ping_status":"closed","template":"","meta":{"footnotes":""},"class_list":["post-335","page","type-page","status-publish","hentry"],"aioseo_notices":[],"_links":{"self":[{"href":"https:\/\/rovalworld.com\/vi\/wp-json\/wp\/v2\/pages\/335","targetHints":{"allow":["GET"]}}],"collection":[{"href":"https:\/\/rovalworld.com\/vi\/wp-json\/wp\/v2\/pages"}],"about":[{"href":"https:\/\/rovalworld.com\/vi\/wp-json\/wp\/v2\/types\/page"}],"author":[{"embeddable":true,"href":"https:\/\/rovalworld.com\/vi\/wp-json\/wp\/v2\/users\/1"}],"replies":[{"embeddable":true,"href":"https:\/\/rovalworld.com\/vi\/wp-json\/wp\/v2\/comments?post=335"}],"version-history":[{"count":30,"href":"https:\/\/rovalworld.com\/vi\/wp-json\/wp\/v2\/pages\/335\/revisions"}],"predecessor-version":[{"id":1809,"href":"https:\/\/rovalworld.com\/vi\/wp-json\/wp\/v2\/pages\/335\/revisions\/1809"}],"wp:attachment":[{"href":"https:\/\/rovalworld.com\/vi\/wp-json\/wp\/v2\/media?parent=335"}],"curies":[{"name":"wp","href":"https:\/\/api.w.org\/{rel}","templated":true}]}}