{"id":337,"date":"2020-05-11T18:43:04","date_gmt":"2020-05-11T09:43:04","guid":{"rendered":"https:\/\/rovalworld.com\/vi\/products\/zc\/"},"modified":"2024-11-07T11:09:42","modified_gmt":"2024-11-07T02:09:42","slug":"zc","status":"publish","type":"page","link":"https:\/\/rovalworld.com\/vi\/products\/zc\/","title":{"rendered":"ROVAL ZC"},"content":{"rendered":"\n<h2 class=\"wp-block-heading has-vivid-cyan-blue-color has-text-color\"><strong>ROVAL ZC Galvanizing Repair Metallic Spray<\/strong><\/h2>\n\n\n\n<h3 class=\"wp-block-heading has-vivid-cyan-blue-color has-text-color\"><strong>B\u00ecnh x\u1ecbt m\u00e0u kim lo\u1ea1i s\u1eeda l\u1ed7i m\u1ea1 k\u1ebdm nh\u00fang n\u00f3ng<\/strong><\/h3>\n\n\n\n<figure class=\"wp-block-image size-large\"><img decoding=\"async\" src=\"https:\/\/rovalworld.com\/wp-content\/uploads\/2020\/05\/ZC69.jpg\" alt=\"\" class=\"wp-image-1823\"\/><\/figure>\n\n\n\n<h3 class=\"wp-block-heading has-black-color has-text-color\"><strong>L\u00fd t\u01b0\u1edfng \u0111\u1ec3 s\u1eeda ch\u1eefa \u0111\u01a1n gi\u1ea3n c\u00e1c b\u1ec1 m\u1eb7t m\u1ea1 k\u1ebdm<\/strong><\/h3>\n\n\n\n<p class=\"has-black-color has-text-color\" style=\"font-size:17px\">M\u00e0u \u00e1nh b\u1ea1c c\u1ee7a <strong><span class=\"has-inline-color has-vivid-cyan-blue-color\">ROVAL ZC Galvanizing Repair Metallic Spray<\/span><\/strong> h\u00f2a h\u1ee3p v\u1edbi m\u00e0u c\u1ee7a b\u1ec1 m\u1eb7t m\u1ea1 k\u1ebdm nh\u00fang n\u00f3ng.<br>L\u1edbp m\u00e0ng kh\u00f4 ch\u1ee9a 69% k\u1ebdm cung c\u1ea5p kh\u1ea3 n\u0103ng ch\u1ed1ng \u0103n m\u00f2n hi\u1ec7u qu\u1ea3, v\u00e0 c\u00e1c h\u1ea1t nh\u00f4m t\u1ea1o ra l\u1edbp ng\u0103n \u0111\u1ec3 b\u1ea3o v\u1ec7. Ph\u00f9 h\u1ee3p \u0111\u1ec3 s\u1eeda ch\u1eefa c\u00e1c b\u1ec1 m\u1eb7t ch\u01b0a m\u1ea1 k\u1ebdm v\u00e0 s\u1eeda c\u00e1c ph\u1ea7n m\u1ea1 k\u1ebdm b\u1ecb l\u1ed7i.<\/p>\n\n\n\n<p style=\"font-size:17px\"><strong><mark style=\"background-color:rgba(0, 0, 0, 0);color:#666666\" class=\"has-inline-color\">\u0110\u00e1p \u1ee9ng c\u00e1c ti\u00eau chu\u1ea9n ASTM A780<\/mark><\/strong><\/p>\n\n\n\n<div style=\"height:30px\" aria-hidden=\"true\" class=\"wp-block-spacer\"><\/div>\n\n\n\n<p class=\"has-vivid-cyan-blue-background-color has-text-color has-background\" style=\"color:#ffffff;font-size:21px\"><strong>S\u1eeda ch\u1eefa \u0111\u01a1n gi\u1ea3n b\u1ec1 m\u1eb7t m\u1ea1 k\u1ebdm<\/strong><\/p>\n\n\n\n<figure class=\"wp-block-gallery has-nested-images columns-2 is-cropped wp-block-gallery-1 is-layout-flex wp-block-gallery-is-layout-flex\">\n<figure class=\"wp-block-image size-large\"><img decoding=\"async\" data-id=\"1831\" src=\"https:\/\/rovalworld.com\/wp-content\/uploads\/2020\/05\/ZC-painting01.jpg\" alt=\"\" class=\"wp-image-1831\"\/><figcaption class=\"wp-element-caption\">Tr\u01b0\u1edbc s\u01a1n<\/figcaption><\/figure>\n\n\n\n<figure class=\"wp-block-image size-large\"><img decoding=\"async\" data-id=\"1832\" src=\"https:\/\/rovalworld.com\/wp-content\/uploads\/2020\/05\/ZC-painting02.jpg\" alt=\"\" class=\"wp-image-1832\"\/><figcaption class=\"wp-element-caption\">Phun<\/figcaption><\/figure>\n\n\n\n<figure class=\"wp-block-image size-large\"><img decoding=\"async\" data-id=\"1833\" src=\"https:\/\/rovalworld.com\/wp-content\/uploads\/2020\/05\/ZC-painting03.jpg\" alt=\"\" class=\"wp-image-1833\"\/><figcaption class=\"wp-element-caption\">Sau s\u01a1n<\/figcaption><\/figure>\n<\/figure>\n\n\n\n<div style=\"height:30px\" aria-hidden=\"true\" class=\"wp-block-spacer\"><\/div>\n\n\n\n<p class=\"has-vivid-cyan-blue-background-color has-text-color has-background\" style=\"color:#ffffff;font-size:21px\"><strong>Phong h\u00f3a m\u00e0u c\u1ee7a ROVAL ZC<\/strong><\/p>\n\n\n\n<p class=\"has-black-color has-text-color\" style=\"font-size:17px\">M\u00e0ng ROVAL ZC phong h\u00f3a gi\u1ed1ng nh\u01b0 v\u1eadt li\u1ec7u m\u1ea1 k\u1ebdm b\u1eb1ng c\u00e1ch ph\u01a1i s\u00e1ng. \u0110\u0103\u0323c \u0111i\u00ea\u0309m na\u0300y giu\u0301p cho nh\u01b0\u0303ng ch\u00f4\u0303 s\u01b0\u0309a ch\u01b0\u0303a kh\u00f4ng bi\u0323 l\u00f4\u0323.<br><strong><span style=\"color:#ff9933\" class=\"has-inline-color\">S\u1ef1 thay \u0111\u1ed5i m\u00e0u s\u1eafc l\u00e0 b\u1eb1ng ch\u1ee9ng r\u1eb1ng l\u1edbp m\u00e0ng th\u1ef1c hi\u1ec7n b\u1ea3o v\u1ec7 s\u1eaft b\u1eb1ng c\u00e1ch oxy h\u00f3a k\u1ebdm trong l\u1edbp ph\u1ee7.<\/span><\/strong><br>S\u1ef1 thay \u0111\u1ed5i m\u00e0u s\u1eafc n\u00e0y kh\u00f4ng ph\u1ea3i l\u00e0 \u0111i\u1ec1u b\u1ea5t th\u01b0\u1eddng v\u00e0 kh\u00f4ng \u1ea3nh h\u01b0\u1edfng \u0111\u1ebfn hi\u1ec7u qu\u1ea3 ph\u00f2ng ch\u1ed1ng r\u1ec9 s\u00e9t. <br>\u1ea2nh d\u01b0\u1edbi \u0111\u00e2y cho th\u1ea5y m\u1ed9t t\u1ea5m c\u00f3 l\u1edbp ph\u1ee7 ROVAL ZC \u1edf n\u1eeda tr\u00ean c\u1ee7a t\u1ea5m m\u1ea1 k\u1ebdm.<\/p>\n\n\n\n<figure class=\"wp-block-table is-style-regular\"><table><tbody><tr><td class=\"has-text-align-center\" data-align=\"center\"><img decoding=\"async\" class=\"wp-image-1839\" style=\"width: 150px;\" src=\"https:\/\/rovalworld.com\/wp-content\/uploads\/2020\/05\/0ZC.jpg\" alt=\"\"><\/td><td class=\"has-text-align-center\" data-align=\"center\"><img decoding=\"async\" class=\"wp-image-1827\" style=\"width: 150px;\" src=\"https:\/\/rovalworld.com\/wp-content\/uploads\/2020\/05\/3ZC.jpg\" alt=\"\"><\/td><\/tr><tr><td class=\"has-text-align-center\" data-align=\"center\"><span class=\"has-inline-color has-black-color\">Tr\u01b0\u1edbc khi ph\u01a1i s\u00e1ng<\/span><\/td><td class=\"has-text-align-center\" data-align=\"center\"><span class=\"has-inline-color has-black-color\">Sau 3 th\u00e1ng<\/span><\/td><\/tr><\/tbody><\/table><\/figure>\n\n\n\n<div style=\"height:30px\" aria-hidden=\"true\" class=\"wp-block-spacer\"><\/div>\n\n\n\n<p class=\"has-vivid-cyan-blue-background-color has-text-color has-background\" style=\"color:#ffffff;font-size:21px\"><strong><strong>L\u1eddi khuy\u00ean<\/strong><\/strong><\/p>\n\n\n\n<div class=\"wp-block-media-text alignwide\" style=\"grid-template-columns:15% auto\"><figure class=\"wp-block-media-text__media\"><img decoding=\"async\" src=\"https:\/\/rovalworld.com\/wp-content\/uploads\/2020\/05\/zc-p-up.jpg\" alt=\"\" class=\"wp-image-1841 size-full\"\/><\/figure><div class=\"wp-block-media-text__content\">\n<p class=\"has-very-dark-gray-color has-text-color\" style=\"font-size:21px\"><mark style=\"background-color:rgba(0, 0, 0, 0)\" class=\"has-inline-color has-vivid-cyan-blue-color\"><strong>T\u0103ng s\u1ee9c m\u1ea1nh!<\/strong><\/mark><\/p>\n\n\n\n<p class=\"has-black-color has-text-color\" style=\"font-size:17px\"><strong>T\u0103ng c\u01b0\u1eddng kh\u1ea3 n\u0103ng ch\u1ed1ng \u0103n m\u00f2n nh\u01b0 m\u1ed9t l\u1edbp s\u01a1n ph\u1ee7 cho <a href=\"https:\/\/rovalworld.com\/vi\/products\/roval\/\"><mark style=\"background-color:rgba(0, 0, 0, 0)\" class=\"has-inline-color has-vivid-red-color\">ROVAL<\/mark><\/a>.<\/strong><\/p>\n<\/div><\/div>\n\n\n\n<div style=\"height:50px\" aria-hidden=\"true\" class=\"wp-block-spacer\"><\/div>\n\n\n\n<div class=\"wp-block-group\"><div class=\"wp-block-group__inner-container is-layout-flow wp-block-group-is-layout-flow\">\n<p class=\"has-vivid-cyan-blue-background-color has-text-color has-background\" style=\"color:#ffffff;font-size:21px\"><strong><strong>Do\u0300ng sa\u0309n ph\u00e2\u0309m va\u0300 \u0111\u0103\u0323c \u0111i\u00ea\u0309m ky\u0303 thu\u00e2\u0323t<\/strong><\/strong><\/p>\n\n\n\n<figure class=\"wp-block-table is-style-stripes\"><table><tbody><tr><td><span class=\"has-inline-color has-black-color\">\u0110\u1ed9 d\u00e0y m\u00e0ng film<\/span><\/td><td><span class=\"has-inline-color has-black-color\">40\u03bcm (20\u03bcm x 2 l\u1edbp)<\/span><\/td><\/tr><tr><td><span class=\"has-inline-color has-black-color\">Th\u1eddi gian kh\u00f4<\/span><\/td><td><span class=\"has-inline-color has-black-color\">20 ph\u00fat (23\u02daC)<\/span><\/td><\/tr><tr><td><span class=\"has-inline-color has-black-color\">Kh\u1ea3 n\u0103ng ch\u1ecbu nhi\u1ec7t<\/span><\/td><td><span class=\"has-inline-color has-black-color\">90\u02daC<\/span><\/td><\/tr><\/tbody><\/table><\/figure>\n\n\n\n<figure class=\"wp-block-table is-style-regular\"><table><tbody><tr><td class=\"has-text-align-center\" data-align=\"center\"><img decoding=\"async\" class=\"wp-image-1813\" style=\"width: 100px;\" src=\"https:\/\/rovalworld.com\/wp-content\/uploads\/2020\/05\/ZC-spray.jpg\" alt=\"\"><\/td><td><span class=\"has-inline-color has-black-color\"><strong><strong>ROVAL ZC Galvanizing Repair Metallic Spray 420ml<\/strong><\/strong><br><br>\u0110\u1ed9 ph\u1ee7: 1m<sup>2<\/sup> (2 l\u1edbp)<br>\u0110\u00f3ng g\u00f3i: 24 chai \/ th\u00f9ng<\/span><br><br><strong>\u0110\u00e1p \u1ee9ng c\u00e1c ti\u00eau chu\u1ea9n ASTM A780<\/strong><\/td><\/tr><\/tbody><\/table><\/figure>\n<\/div><\/div>\n","protected":false},"excerpt":{"rendered":"<p>ROVAL ZC Galvanizing Repair Metallic Spray B\u00ecnh x\u1ecbt m\u00e0u kim lo\u1ea1i s\u1eeda l\u1ed7i m\u1ea1 k\u1ebdm nh\u00fang n\u00f3ng L\u00fd t\u01b0\u1edfng \u0111\u1ec3 s\u1eeda ch\u1eefa \u0111\u01a1n gi\u1ea3n c\u00e1c b\u1ec1 m\u1eb7t m\u1ea1 k\u1ebdm M\u00e0u &#8230;<\/p>\n","protected":false},"author":1,"featured_media":0,"parent":335,"menu_order":5,"comment_status":"closed","ping_status":"closed","template":"","meta":{"footnotes":""},"class_list":["post-337","page","type-page","status-publish","hentry"],"aioseo_notices":[],"_links":{"self":[{"href":"https:\/\/rovalworld.com\/vi\/wp-json\/wp\/v2\/pages\/337","targetHints":{"allow":["GET"]}}],"collection":[{"href":"https:\/\/rovalworld.com\/vi\/wp-json\/wp\/v2\/pages"}],"about":[{"href":"https:\/\/rovalworld.com\/vi\/wp-json\/wp\/v2\/types\/page"}],"author":[{"embeddable":true,"href":"https:\/\/rovalworld.com\/vi\/wp-json\/wp\/v2\/users\/1"}],"replies":[{"embeddable":true,"href":"https:\/\/rovalworld.com\/vi\/wp-json\/wp\/v2\/comments?post=337"}],"version-history":[{"count":33,"href":"https:\/\/rovalworld.com\/vi\/wp-json\/wp\/v2\/pages\/337\/revisions"}],"predecessor-version":[{"id":2395,"href":"https:\/\/rovalworld.com\/vi\/wp-json\/wp\/v2\/pages\/337\/revisions\/2395"}],"up":[{"embeddable":true,"href":"https:\/\/rovalworld.com\/vi\/wp-json\/wp\/v2\/pages\/335"}],"wp:attachment":[{"href":"https:\/\/rovalworld.com\/vi\/wp-json\/wp\/v2\/media?parent=337"}],"curies":[{"name":"wp","href":"https:\/\/api.w.org\/{rel}","templated":true}]}}