{"id":339,"date":"2020-05-10T22:49:25","date_gmt":"2020-05-10T13:49:25","guid":{"rendered":"https:\/\/rovalworld.com\/vi\/products\/epo-roval\/"},"modified":"2024-11-07T11:12:50","modified_gmt":"2024-11-07T02:12:50","slug":"epo-roval","status":"publish","type":"page","link":"https:\/\/rovalworld.com\/vi\/products\/epo-roval\/","title":{"rendered":"EPO ROVAL"},"content":{"rendered":"\n<h2 class=\"wp-block-heading has-luminous-vivid-orange-color has-text-color\"><strong>EPO ROVAL Cold Galvanizing Compound<\/strong><\/h2>\n\n\n\n<h3 class=\"wp-block-heading has-luminous-vivid-orange-color has-text-color\"><strong>M\u1ea1 k\u1ebdm l\u1ea1nh<\/strong><\/h3>\n\n\n\n<figure class=\"wp-block-image size-large\"><img decoding=\"async\" src=\"https:\/\/rovalworld.com\/wp-content\/uploads\/2020\/05\/ER_group96-1024x576.jpg\" alt=\"\" class=\"wp-image-1896\"\/><\/figure>\n\n\n\n<h3 class=\"wp-block-heading has-black-color has-text-color\"><strong>Kh\u1ea3 n\u0103ng ch\u1ecbu nhi\u1ec7t v\u00e0 kh\u00e1ng dung m\u00f4i t\u1ed1t h\u01a1n.<br>Hi\u1ec7u su\u1ea5t ch\u1ed1ng \u0103n m\u00f2n t\u01b0\u01a1ng \u0111\u01b0\u01a1ng v\u1edbi m\u1ea1 k\u1ebdm nh\u00fang n\u00f3ng.<br>\u0110\u1ea1t \u0111\u01b0\u1ee3c h\u1ec7 s\u01a1n ch\u1ea5t l\u01b0\u1ee3ng cao b\u1eb1ng c\u00e1ch s\u1eed d\u1ee5ng c\u00f9ng v\u1edbi l\u1edbp s\u01a1n ph\u1ee7 tr\u00ean c\u00f9ng.<\/strong><\/h3>\n\n\n\n<p class=\"has-black-color has-text-color\" style=\"font-size:17px\"><strong><span class=\"has-inline-color has-luminous-vivid-orange-color\">EPO ROVAL Cold Galvanizing Compound<\/span><\/strong> l\u00e0 lo\u1ea1i s\u01a1n c\u00f3 th\u00e0nh ph\u1ea7n b\u1ed9t k\u1ebdm chi\u1ebfm 96%.<br>V\u00ec \u0111\u01b0\u1ee3c \u0111\u00f3ng g\u00f3i s\u1eb5n t\u1eebng g\u00f3i, n\u00ean kh\u00f4ng c\u1ea7n ph\u1ea3i tr\u1ed9n hay s\u1eed d\u1ee5ng th\u00eam s\u01a1n l\u00f3t ho\u1eb7c s\u01a1n ph\u1ee7. R\u1ea5t d\u1ec5 s\u1eed d\u1ee5ng v\u00e0 c\u00f3 th\u1ec3 s\u01a1n tr\u1ef1c ti\u1ebfp l\u00ean b\u1ec1 m\u1eb7t l\u1edbp m\u1ea1 k\u1ebdm ho\u1eb7c b\u1ec1 m\u1eb7t s\u1eaft th\u00e9p.<br>EPO ROVAl k\u1ebft h\u1ee3p s\u1ef1 \u01b0u vi\u1ec7t c\u1ee7a ph\u01b0\u01a1ng ph\u00e1p m\u1ea1 k\u1ebdm nh\u00fang n\u00f3ng v\u00e0 s\u1ef1 \u0111\u01a1n gi\u1ea3n ti\u1ec7n l\u1ee3i c\u1ee7a ph\u01b0\u01a1ng ph\u00e1p s\u01a1n. V\u00ec EPO ROVAL \u0111\u01b0\u1ee3c \u00e1p d\u1ee5ng \u1edf nhi\u1ec7t \u0111\u1ed9 th\u01b0\u1eddng, n\u00ean ch\u00fang t\u00f4i g\u1ecdi \u0111\u00e2y l\u00e0 <strong><span class=\"has-inline-color has-luminous-vivid-orange-color\">\u201cM\u1ea1 k\u1ebdm l\u1ea1nh\u201d<\/span><\/strong><\/p>\n\n\n\n<p style=\"font-size:17px\"><strong><mark style=\"background-color:rgba(0, 0, 0, 0);color:#666666\" class=\"has-inline-color\">\u0110\u00e1p \u1ee9ng c\u00e1c ti\u00eau chu\u1ea9n ASTM A780, ISO1461<\/mark><\/strong><\/p>\n\n\n\n<p class=\"has-text-align-right has-black-color has-text-color\" style=\"font-size:17px\">>> <a href=\"https:\/\/rovalworld.com\/vi\/#gallery\">View B\u1ed9 s\u01b0u t\u1eadp<\/a><\/p>\n\n\n\n<div style=\"height:30px\" aria-hidden=\"true\" class=\"wp-block-spacer\"><\/div>\n\n\n\n<p class=\"has-luminous-vivid-orange-background-color has-text-color has-background\" style=\"color:#ffffff;font-size:21px\"><strong>\u1ee8ng d\u1ee5ng<\/strong><\/p>\n\n\n<div class=\"wp-block-image\">\n<figure class=\"alignleft size-large is-resized\"><img decoding=\"async\" src=\"https:\/\/rovalworld.com\/wp-content\/uploads\/2020\/05\/Seismic-retrofit.jpg\" alt=\"\" class=\"wp-image-2495\" style=\"width:600px;height:450px\"\/><figcaption class=\"wp-element-caption\"><mark style=\"background-color:rgba(0, 0, 0, 0)\" class=\"has-inline-color has-black-color\">Trang b\u1ecb th\u00eam \u0111\u1ecba ch\u1ea5n<\/mark><\/figcaption><\/figure>\n<\/div>\n\n<div class=\"wp-block-image\">\n<figure class=\"alignleft size-large is-resized\"><img decoding=\"async\" src=\"https:\/\/rovalworld.com\/wp-content\/uploads\/2020\/05\/steel-tank.jpg\" alt=\"\" class=\"wp-image-2496\" style=\"width:600px;height:450px\"\/><figcaption class=\"wp-element-caption\"><mark style=\"background-color:rgba(0, 0, 0, 0)\" class=\"has-inline-color has-black-color\">B\u1ec3 th\u00e9p<\/mark><\/figcaption><\/figure>\n<\/div>\n\n\n<div style=\"height:30px\" aria-hidden=\"true\" class=\"wp-block-spacer\"><\/div>\n\n\n\n<p class=\"has-luminous-vivid-orange-background-color has-text-color has-background\" style=\"color:#ffffff;font-size:21px\"><strong>Quy tr\u00ecnh s\u01a1n<\/strong><\/p>\n\n\n\n<figure class=\"wp-block-image size-large\"><img loading=\"lazy\" decoding=\"async\" width=\"800\" height=\"209\" src=\"https:\/\/rovalworld.com\/vi\/wp-content\/uploads\/2020\/09\/Painting-process-VN.jpg\" alt=\"Quy tri\u0300nh s\u01a1n \u0111\u01b0\u01a1\u0323c \u0111\u00ea\u0300 xu\u00e2\u0301t\" class=\"wp-image-1063\" srcset=\"https:\/\/rovalworld.com\/vi\/wp-content\/uploads\/2020\/09\/Painting-process-VN.jpg 800w, https:\/\/rovalworld.com\/vi\/wp-content\/uploads\/2020\/09\/Painting-process-VN-300x78.jpg 300w, https:\/\/rovalworld.com\/vi\/wp-content\/uploads\/2020\/09\/Painting-process-VN-768x201.jpg 768w\" sizes=\"auto, (max-width: 800px) 100vw, 800px\" \/><\/figure>\n\n\n\n<p class=\"has-black-color has-text-color\" style=\"font-size:17px\">EPO ROVAL c\u00f3 th\u1ec3 \u0111\u01b0\u1ee3c s\u1eed d\u1ee5ng c\u00f9ng v\u1edbi l\u1edbp ph\u1ee7 c\u1ee7a c\u00e1c c\u00f4ng ty kh\u00e1c.<\/p>\n\n\n\n<div style=\"height:20px\" aria-hidden=\"true\" class=\"wp-block-spacer\"><\/div>\n\n\n<div class=\"wp-block-image\">\n<figure class=\"aligncenter size-large\"><img loading=\"lazy\" decoding=\"async\" width=\"562\" height=\"200\" src=\"https:\/\/rovalworld.com\/vi\/wp-content\/uploads\/2020\/09\/coating-process_VN.jpg\" alt=\"Quy tri\u0300nh s\u01a1n \u0111\u01b0\u01a1\u0323c \u0111\u00ea\u0300 xu\u00e2\u0301t\" class=\"wp-image-1061\" srcset=\"https:\/\/rovalworld.com\/vi\/wp-content\/uploads\/2020\/09\/coating-process_VN.jpg 562w, https:\/\/rovalworld.com\/vi\/wp-content\/uploads\/2020\/09\/coating-process_VN-300x107.jpg 300w\" sizes=\"auto, (max-width: 562px) 100vw, 562px\" \/><\/figure>\n<\/div>\n\n\n<div style=\"height:30px\" aria-hidden=\"true\" class=\"wp-block-spacer\"><\/div>\n\n\n\n<figure class=\"wp-block-table is-style-stripes\"><table><tbody><tr><td class=\"has-text-align-left\" data-align=\"left\"><strong><span style=\"color:#555555\" class=\"has-inline-color\">Qu\u00e1 tr\u00ecnh<\/span><\/strong><\/td><td><strong><span style=\"color:#555555\" class=\"has-inline-color\">S\u01a1n<\/span><\/strong><\/td><\/tr><tr><td class=\"has-text-align-left\" data-align=\"left\"><span class=\"has-inline-color has-black-color\">L\u1edbp ph\u1ee7 c\u01a1 b\u1ea3n 1<\/span><\/td><td><span class=\"has-inline-color has-luminous-vivid-orange-color\"><strong>EPO ROVAL<\/strong><\/span> <span class=\"has-inline-color has-black-color\">(40\u03bcm)<\/span><\/td><\/tr><tr><td class=\"has-text-align-left\" data-align=\"left\"><span class=\"has-inline-color has-black-color\">L\u1edbp ph\u1ee7 c\u01a1 b\u1ea3n 2<\/span><\/td><td><span class=\"has-inline-color has-luminous-vivid-orange-color\"><strong>EPO ROVAL<\/strong><\/span><span class=\"has-inline-color has-black-color\"> (40\u03bcm)<\/span><\/td><\/tr><tr><td class=\"has-text-align-left\" data-align=\"left\"><span class=\"has-inline-color has-black-color\">L\u01a1\u0301p gi\u01b0\u0303a<\/span><\/td><td><strong><span style=\"color:#019a9d\" class=\"has-inline-color\">S\u01a1n Epoxy s\u1eeda \u0111\u1ed5i<\/span> <span class=\"has-inline-color has-black-color\">*1<\/span><\/strong><\/td><\/tr><tr><td class=\"has-text-align-left\" data-align=\"left\"><span class=\"has-inline-color has-black-color\">L\u1edbp ph\u1ee7 tr\u00ean c\u00f9ng<\/span><\/td><td><strong><span class=\"has-inline-color has-vivid-red-color\">S\u01a1n Urethane ho\u0103\u0323c Fluorine<\/span><\/strong><\/td><\/tr><\/tbody><\/table><\/figure>\n\n\n\n<p class=\"has-black-color has-text-color has-normal-font-size\"><strong>*1<\/strong> C\u00e1c lo\u1ea1i s\u01a1n kh\u00e1c nhau c\u00f3 th\u1ec3 b\u1ecb hi\u1ec7n t\u01b0\u1ee3ng bong b\u00f3ng nghi\u00eam tr\u1ecdng, vui l\u00f2ng x\u1eed l\u00fd s\u01b0\u01a1ng m\u00f9.<br><strong>Ghi ch\u00fa:<\/strong> Kh\u00f4ng s\u1eed d\u1ee5ng phthalate, alkyd v\u00e0 s\u01a1n g\u1ed1c d\u1ea7u kh\u00e1c, v\u00ec ch\u00fang s\u1ebd khi\u1ebfn m\u00e0ng s\u01a1n b\u1ecb bong tr\u00f3c.<\/p>\n\n\n\n<p class=\"has-black-color has-text-color\" style=\"font-size:17px\">L\u1edbp ph\u1ee7 ch\u1ec9 EPO ROVAL c\u0169ng c\u00f3 s\u1eb5n. Tuy nhi\u00ean trong nh\u1eefng tr\u01b0\u1eddng h\u1ee3p nh\u01b0 v\u1eady, ROVAL r\u1ebb h\u01a1n EPO ROVAL. Xem b\u00e0i ti\u1ebfp theo \u0111\u1ec3 bi\u1ebft chi ti\u1ebft.<\/p>\n\n\n\n<div style=\"height:30px\" aria-hidden=\"true\" class=\"wp-block-spacer\"><\/div>\n\n\n\n<p class=\"has-luminous-vivid-orange-background-color has-text-color has-background\" style=\"color:#ffffff;font-size:21px\"><strong>So s\u00e1nh v\u1edbi ROVAL<\/strong><\/p>\n\n\n\n<p class=\"has-black-color has-text-color\" style=\"font-size:17px\">ROVAL v\u00e0 EPO ROVAL t\u01b0\u01a1ng \u0111\u01b0\u01a1ng nhau v\u1ec1 hi\u1ec7u su\u1ea5t ch\u1ed1ng \u0103n m\u00f2n.<br>S\u1ef1 kh\u00e1c bi\u1ec7t nh\u01b0 sau.<\/p>\n\n\n\n<figure class=\"wp-block-table is-style-stripes\"><table><tbody><tr><td class=\"has-text-align-left\" data-align=\"left\"><\/td><td class=\"has-text-align-center\" data-align=\"center\"><a href=\"https:\/\/rovalworld.com\/vi\/products\/roval\/\"><img decoding=\"async\" class=\"wp-image-1903\" style=\"width: 75px;\" src=\"https:\/\/rovalworld.com\/wp-content\/uploads\/2020\/05\/R25kg.jpg\" alt=\"\"><\/a><\/td><td class=\"has-text-align-center\" data-align=\"center\"><img decoding=\"async\" class=\"wp-image-1914\" style=\"width: 75px;\" src=\"https:\/\/rovalworld.com\/wp-content\/uploads\/2020\/05\/ER25kg.jpg\" alt=\"\"><\/td><\/tr><tr><td class=\"has-text-align-left\" data-align=\"left\"><\/td><td class=\"has-text-align-center\" data-align=\"center\"><strong><a href=\"https:\/\/rovalworld.com\/vi\/products\/roval\/\"><mark style=\"background-color:rgba(0, 0, 0, 0)\" class=\"has-inline-color has-vivid-red-color\">ROVAL<\/mark><\/a><\/strong><\/td><td class=\"has-text-align-center\" data-align=\"center\"><strong><span class=\"has-inline-color has-luminous-vivid-orange-color\">EPO ROVAL<\/span><\/strong><\/td><\/tr><tr><td class=\"has-text-align-left\" data-align=\"left\"><span class=\"has-inline-color has-black-color\">Hi\u1ec7u su\u1ea5t ch\u1ed1ng \u0103n m\u00f2n<\/span><\/td><td class=\"has-text-align-center\" data-align=\"center\"><span class=\"has-inline-color has-black-color\">R\u1ea5t cao<\/span><\/td><td class=\"has-text-align-center\" data-align=\"center\"><span class=\"has-inline-color has-black-color\">R\u1ea5t cao<\/span><\/td><\/tr><tr><td class=\"has-text-align-left\" data-align=\"left\"><span class=\"has-inline-color has-black-color\">Kh\u1ea3 n\u0103ng \u1ee9ng d\u1ee5ng l\u1edbp ph\u1ee7 h\u00e0ng \u0111\u1ea7u<\/span><\/td><td class=\"has-text-align-center\" data-align=\"center\"><span class=\"has-inline-color has-black-color\">Kh\u00f4ng \u00e1p d\u1ee5ng<\/span><\/td><td class=\"has-text-align-center\" data-align=\"center\"><span class=\"has-inline-color has-black-color\">\u00c1p d\u1ee5ng<\/span><\/td><\/tr><tr><td class=\"has-text-align-left\" data-align=\"left\"><span class=\"has-inline-color has-black-color\">Kh\u1ea3 n\u0103ng ch\u1ecbu nhi\u1ec7t<\/span><\/td><td class=\"has-text-align-center\" data-align=\"center\"><span class=\"has-inline-color has-black-color\">170\u02daC<\/span><\/td><td class=\"has-text-align-center\" data-align=\"center\"><span class=\"has-inline-color has-black-color\">300\u02daC<\/span><\/td><\/tr><tr><td class=\"has-text-align-left\" data-align=\"left\"><span class=\"has-inline-color has-black-color\">Kh\u00e1ng dung m\u00f4i<\/span><\/td><td class=\"has-text-align-center\" data-align=\"center\"><span class=\"has-inline-color has-black-color\">Th\u1ea5p<\/span><\/td><td class=\"has-text-align-center\" data-align=\"center\"><span class=\"has-inline-color has-black-color\">Cao<\/span><\/td><\/tr><\/tbody><\/table><\/figure>\n\n\n\n<div style=\"height:30px\" aria-hidden=\"true\" class=\"wp-block-spacer\"><\/div>\n\n\n\n<p class=\"has-luminous-vivid-orange-background-color has-text-color has-background\" style=\"color:#ffffff;font-size:21px\"><strong><strong><strong>Phong h\u00f3a m\u00e0u c\u1ee7a<\/strong>&nbsp;EPO ROVAL<\/strong><\/strong><\/p>\n\n\n\n<p class=\"has-black-color has-text-color\" style=\"font-size:17px\">M\u00e0ng c\u1ee7a EPO ROVAL phong h\u00f3a gi\u1ed1ng nh\u01b0 v\u1eadt li\u1ec7u m\u1ea1 k\u1ebdm b\u1eb1ng c\u00e1ch ph\u01a1i s\u00e1ng. \u0110\u1eb7c \u0111i\u1ec3m n\u00e0y gi\u00fap cho nh\u1eefng ch\u1ed7 s\u1eeda ch\u1eefa kh\u00f4ng b\u1ecb l\u1ed9.<br><strong><span style=\"color:#ff9933\" class=\"has-inline-color\">S\u1ef1 thay \u0111\u1ed5i m\u00e0u s\u1eafc l\u00e0 b\u1eb1ng ch\u1ee9ng r\u1eb1ng l\u1edbp m\u00e0ng th\u1ef1c hi\u1ec7n b\u1ea3o v\u1ec7 s\u1eaft b\u1eb1ng c\u00e1ch oxy h\u00f3a k\u1ebdm trong l\u1edbp ph\u1ee7.<\/span><\/strong><br>S\u1ef1 thay \u0111\u1ed5i m\u00e0u s\u1eafc n\u00e0y kh\u00f4ng ph\u1ea3i l\u00e0 \u0111i\u1ec1u b\u1ea5t th\u01b0\u1eddng v\u00e0 kh\u00f4ng \u1ea3nh h\u01b0\u1edfng \u0111\u1ebfn hi\u1ec7u qu\u1ea3 ph\u00f2ng ch\u1ed1ng r\u1ec9 s\u00e9t.  <br>\u1ea2nh d\u01b0\u1edbi \u0111\u00e2y cho th\u1ea5y m\u1ed9t t\u1ea5m c\u00f3 l\u1edbp ph\u1ee7 EPO ROVAL \u1edf n\u1eeda tr\u00ean c\u1ee7a t\u1ea5m m\u1ea1 k\u1ebdm.<\/p>\n\n\n\n<figure class=\"wp-block-table\"><table><tbody><tr><td class=\"has-text-align-center\" data-align=\"center\"><img decoding=\"async\" class=\"wp-image-1924\" style=\"width: 150px;\" src=\"https:\/\/rovalworld.com\/wp-content\/uploads\/2020\/05\/0ER.jpg\" alt=\"\"><\/td><td class=\"has-text-align-center\" data-align=\"center\"><img decoding=\"async\" class=\"wp-image-1925\" style=\"width: 150px;\" src=\"https:\/\/rovalworld.com\/wp-content\/uploads\/2020\/05\/3ER.jpg\" alt=\"\"><\/td><\/tr><tr><td class=\"has-text-align-center\" data-align=\"center\"><span class=\"has-inline-color has-black-color\">Tr\u01b0\u1edbc khi ph\u01a1i s\u00e1ng<\/span><\/td><td class=\"has-text-align-center\" data-align=\"center\"><span class=\"has-inline-color has-black-color\">Sau 3 th\u00e1ng<\/span><\/td><\/tr><\/tbody><\/table><\/figure>\n\n\n\n<figure class=\"wp-block-image size-large\"><img loading=\"lazy\" decoding=\"async\" width=\"800\" height=\"356\" src=\"https:\/\/rovalworld.com\/vi\/wp-content\/uploads\/2020\/08\/cw_ER_vn.jpg\" alt=\"\" class=\"wp-image-878\" srcset=\"https:\/\/rovalworld.com\/vi\/wp-content\/uploads\/2020\/08\/cw_ER_vn.jpg 800w, https:\/\/rovalworld.com\/vi\/wp-content\/uploads\/2020\/08\/cw_ER_vn-300x134.jpg 300w, https:\/\/rovalworld.com\/vi\/wp-content\/uploads\/2020\/08\/cw_ER_vn-768x342.jpg 768w\" sizes=\"auto, (max-width: 800px) 100vw, 800px\" \/><\/figure>\n\n\n\n<p><\/p>\n\n\n\n<p class=\"has-text-align-right\" style=\"font-size:17px\">&gt;&gt; <a href=\"https:\/\/rovalworld.com\/vi\/downloads\/#tech\">Di chuy\u1ec3n \u0111\u1ebfn T\u1ea3i t\u00e0i li\u1ec7u<\/a><\/p>\n\n\n\n<div style=\"height:50px\" aria-hidden=\"true\" class=\"wp-block-spacer\"><\/div>\n\n\n\n<div class=\"wp-block-group\"><div class=\"wp-block-group__inner-container is-layout-flow wp-block-group-is-layout-flow\">\n<p class=\"has-luminous-vivid-orange-background-color has-text-color has-background\" style=\"color:#ffffff;font-size:21px\"><strong><strong><strong>Do\u0300ng sa\u0309n ph\u00e2\u0309m va\u0300 \u0111\u0103\u0323c \u0111i\u00ea\u0309m ky\u0303 thu\u00e2\u0323t<\/strong><\/strong><\/strong><\/p>\n<\/div><\/div>\n\n\n\n<figure class=\"wp-block-table is-style-stripes\"><table class=\"has-black-color has-text-color\"><tbody><tr><td>\u0110\u1ed9 d\u00e0y m\u00e0ng film<\/td><td>80\u03bcm (40\u03bcm x 2 l\u1edbp)<\/td><\/tr><tr><td>Di\u00ea\u0323n ti\u0301ch phu\u0309 ly\u0301 thuy\u00ea\u0301t<\/td><td>500g\/m<sup>2<\/sup> (250g x 2 l\u1edbp)<\/td><\/tr><tr><td>Th\u1eddi gian kh\u00f4<\/td><td>30 ph\u00fat (23\u02daC)<\/td><\/tr><tr><td>Kh\u1ea3 n\u0103ng ch\u1ecbu nhi\u1ec7t<\/td><td>300\u02daC<\/td><\/tr><\/tbody><\/table><\/figure>\n\n\n\n<p><strong><mark style=\"background-color:rgba(0, 0, 0, 0);color:#666666\" class=\"has-inline-color\">\u0110\u00e1p \u1ee9ng c\u00e1c ti\u00eau chu\u1ea9n ASTM A780, ISO1461<\/mark><\/strong><\/p>\n\n\n\n<figure class=\"wp-block-table is-style-regular\"><table><tbody><tr><td><img loading=\"lazy\" decoding=\"async\" width=\"100\" height=\"88\" class=\"wp-image-1944\" style=\"width: 100px;\" src=\"https:\/\/rovalworld.com\/vi\/wp-content\/uploads\/2022\/02\/ER1kg.jpg\" alt=\"EPO ROVAL 1kg\"><\/td><td><span class=\"has-inline-color has-black-color\"><strong>EPO ROVAL Cold Galvanizing Compound<\/strong><\/span><br><span class=\"has-inline-color has-black-color\"><strong>1kg<\/strong><br><br>Ti\u1ebft di\u1ec7n s\u01a1n: 2m<sup>2<\/sup>&nbsp;(2 l\u1edbp)<br>\u0110\u00f3ng g\u00f3i: 8 lon \/ th\u00f9ng<\/span> <\/td><\/tr><tr><td><\/td><td><\/td><\/tr><tr><td><img decoding=\"async\" class=\"wp-image-1913\" style=\"width: 100px;\" src=\"https:\/\/rovalworld.com\/wp-content\/uploads\/2020\/05\/ER2.5kg.jpg\" alt=\"\"><\/td><td><span class=\"has-inline-color has-black-color\"><strong>EPO ROVAL Cold Galvanizing Compound<\/strong><\/span><br><span class=\"has-inline-color has-black-color\"><strong>2.5kg<\/strong><br><br>Ti\u1ebft di\u1ec7n s\u01a1n: 5m<sup>2<\/sup>&nbsp;(2 l\u1edbp)<br>\u0110\u00f3ng g\u00f3i: 4 lon \/ th\u00f9ng<\/span><\/td><\/tr><tr><td><\/td><td><\/td><\/tr><tr><td><img decoding=\"async\" class=\"wp-image-1914\" style=\"width: 275px;\" src=\"https:\/\/rovalworld.com\/wp-content\/uploads\/2020\/05\/ER25kg.jpg\" alt=\"\"><\/td><td><span class=\"has-inline-color has-black-color\"><strong>EPO ROVAL Cold Galvanizing Compound<\/strong><\/span><br><span class=\"has-inline-color has-black-color\"><strong>25kg<\/strong><br><br>Ti\u1ebft di\u1ec7n s\u01a1n: 50m<sup>2<\/sup>&nbsp;(2 l\u1edbp)<br>\u0110\u00f3ng g\u00f3i: 1 Thu\u0300ng<\/span><\/td><\/tr><tr><td><\/td><td><\/td><\/tr><tr><td><img loading=\"lazy\" decoding=\"async\" width=\"275\" height=\"329\" class=\"wp-image-2184\" style=\"width: 275px;\" src=\"https:\/\/rovalworld.com\/vi\/wp-content\/uploads\/2023\/03\/Thinner_ER.jpg\" alt=\"EPO ROVAL Thinner\" srcset=\"https:\/\/rovalworld.com\/vi\/wp-content\/uploads\/2023\/03\/Thinner_ER.jpg 600w, https:\/\/rovalworld.com\/vi\/wp-content\/uploads\/2023\/03\/Thinner_ER-251x300.jpg 251w\" sizes=\"auto, (max-width: 275px) 100vw, 275px\" \/><\/td><td><strong><strong>Dung m\u00f4i EPO ROVAL<\/strong><\/strong><span class=\"has-inline-color has-black-color\"><strong><br><br>EPO ROVAL THINNER<\/strong><\/span><br><span class=\"has-inline-color has-black-color\"><strong>0.8kg<\/strong><br>\u0110\u00f3ng g\u00f3i: 4 lon \/ th\u00f9ng<br><strong><br>EPO ROVAL THINNER<\/strong><\/span><br><span class=\"has-inline-color has-black-color\"><strong>14kg<\/strong><br>\u0110\u00f3ng g\u00f3i: 1 Thu\u0300ng<\/span><br><br><span class=\"has-inline-color has-black-color\">EPO ROVAL ph\u1ea3i s\u1eed d\u1ee5ng <\/span><strong><span class=\"has-inline-color has-luminous-vivid-orange-color\">Dung m\u00f4i EPO ROVAL<\/span><\/strong><span class=\"has-inline-color has-black-color\"> chuy\u00ean d\u1ee5ng.<br>Kh\u00f4ng bao gi\u1edd s\u1eed d\u1ee5ng Dung m\u00f4i Roval.<\/span><\/td><\/tr><\/tbody><\/table><\/figure>\n\n\n\n<p><a href=\"https:\/\/rovalworld.com\/vi\/wp-admin\/edit.php?post_type=page\"><\/a><\/p>\n\n\n\n<div class=\"wp-block-buttons is-horizontal is-content-justification-center is-layout-flex wp-container-core-buttons-is-layout-499968f5 wp-block-buttons-is-layout-flex\">\n<div class=\"wp-block-button\"><a class=\"wp-block-button__link has-white-color has-luminous-vivid-orange-background-color has-text-color has-background wp-element-button\" href=\"https:\/\/rovalworld.com\/vi\/how-to-use\/\"><strong><span class=\"has-inline-color has-white-color\">C\u00e1ch s\u1eed d\u1ee5ng<\/span><\/strong><\/a><\/div>\n<\/div>\n","protected":false},"excerpt":{"rendered":"<p>EPO ROVAL Cold Galvanizing Compound M\u1ea1 k\u1ebdm l\u1ea1nh Kh\u1ea3 n\u0103ng ch\u1ecbu nhi\u1ec7t v\u00e0 kh\u00e1ng dung m\u00f4i t\u1ed1t h\u01a1n.Hi\u1ec7u su\u1ea5t ch\u1ed1ng \u0103n m\u00f2n t\u01b0\u01a1ng \u0111\u01b0\u01a1ng v\u1edbi m\u1ea1 k\u1ebdm nh\u00fang n\u00f3ng.\u0110\u1ea1t \u0111\u01b0\u1ee3c &#8230;<\/p>\n","protected":false},"author":1,"featured_media":0,"parent":335,"menu_order":3,"comment_status":"closed","ping_status":"closed","template":"","meta":{"footnotes":""},"class_list":["post-339","page","type-page","status-publish","hentry"],"aioseo_notices":[],"_links":{"self":[{"href":"https:\/\/rovalworld.com\/vi\/wp-json\/wp\/v2\/pages\/339","targetHints":{"allow":["GET"]}}],"collection":[{"href":"https:\/\/rovalworld.com\/vi\/wp-json\/wp\/v2\/pages"}],"about":[{"href":"https:\/\/rovalworld.com\/vi\/wp-json\/wp\/v2\/types\/page"}],"author":[{"embeddable":true,"href":"https:\/\/rovalworld.com\/vi\/wp-json\/wp\/v2\/users\/1"}],"replies":[{"embeddable":true,"href":"https:\/\/rovalworld.com\/vi\/wp-json\/wp\/v2\/comments?post=339"}],"version-history":[{"count":68,"href":"https:\/\/rovalworld.com\/vi\/wp-json\/wp\/v2\/pages\/339\/revisions"}],"predecessor-version":[{"id":2398,"href":"https:\/\/rovalworld.com\/vi\/wp-json\/wp\/v2\/pages\/339\/revisions\/2398"}],"up":[{"embeddable":true,"href":"https:\/\/rovalworld.com\/vi\/wp-json\/wp\/v2\/pages\/335"}],"wp:attachment":[{"href":"https:\/\/rovalworld.com\/vi\/wp-json\/wp\/v2\/media?parent=339"}],"curies":[{"name":"wp","href":"https:\/\/api.w.org\/{rel}","templated":true}]}}