{"id":340,"date":"2020-04-30T18:43:05","date_gmt":"2020-04-30T09:43:05","guid":{"rendered":"https:\/\/rovalworld.com\/vi\/case-studies\/"},"modified":"2023-01-26T14:23:10","modified_gmt":"2023-01-26T05:23:10","slug":"case-studies","status":"publish","type":"page","link":"https:\/\/rovalworld.com\/vi\/case-studies\/","title":{"rendered":"Nghi\u00ean c\u1ee9u \u0111i\u1ec3n h\u00ecnh"},"content":{"rendered":"\n<p class=\"has-white-color has-text-color has-background\" style=\"background-color:#ff8c1a;font-size:21px\"><strong><span style=\"color:#ffff00\" class=\"has-inline-color\">&lt;Tr\u01b0\u1eddng h\u1ee3p1&gt;<\/span><\/strong> <span><strong><span style=\"font-weight: bold; color: rgb(255, 255, 255);\" class=\"has-inline-color\">L\u00e0m m\u1edbi l\u1edbp m\u1ea1 k\u1ebdm \u0111\u00e3 c\u0169<\/span><\/strong><\/span><\/p>\n\n\n\n<div class=\"wp-block-media-text alignwide is-stacked-on-mobile\"><figure class=\"wp-block-media-text__media\"><a href=\"https:\/\/rovalworld.com\/vi\/case-studies\/case01\/\"><img decoding=\"async\" src=\"https:\/\/rovalworld.com\/wp-content\/uploads\/2020\/05\/renovation-image.jpg\" alt=\"\" class=\"wp-image-1482 size-full\"\/><\/a><\/figure><div class=\"wp-block-media-text__content\">\n<p class=\"has-black-color has-text-color\" style=\"font-size:21px\">Tr\u01b0\u1eddng h\u1ee3p1: <a href=\"https:\/\/rovalworld.com\/vi\/case-studies\/case01\">Tr\u1ea1m bi\u1ebfn \u00e1p<\/a><\/p>\n\n\n\n<p class=\"has-black-color has-text-color\" style=\"font-size:17px\">D\u1ec5 d\u00e0ng xu\u1ea5t hi\u1ec7n g\u1ec9 \u0111\u1ecf tr\u00ean b\u1ec1 m\u1eb7t m\u1ea1 k\u1ebdm b\u1ecb m\u00f2n.<br>\u0110\u1ec3 k\u00e9o d\u00e0i tu\u1ed5i th\u1ecd c\u1ee7a th\u00e9p s\u1eed d\u1ee5ng cho tr\u1ea1m bi\u1ebfn \u00e1p n\u00e0y, c\u1ea7n ph\u1ea3i ph\u1ee5c h\u1ed3i.<br>\u0110\u00e2y l\u00e0 ph\u1ea7n gi\u1edbi thi\u1ec7u c\u00e1ch kh\u00f4i ph\u1ee5c c\u00e1c b\u1ec1 m\u1eb7t m\u1ea1 k\u1ebdm b\u1ecb m\u00f2n b\u1eb1ng ROVAL.<\/p>\n<\/div><\/div>\n\n\n\n<div style=\"height:50px\" aria-hidden=\"true\" class=\"wp-block-spacer\"><\/div>\n\n\n\n<p class=\"has-white-color has-text-color has-background\" style=\"background-color:#ff8c1a;font-size:21px\"><strong><span style=\"color:#ffff00\" class=\"has-inline-color\">&lt;Tr\u01b0\u1eddng h\u1ee3p2&gt;<\/span><span style=\"color:#ffffff\" class=\"has-inline-color\"> S\u1eeda ch\u1eefa b\u1ec1 m\u1eb7t m\u1ea1 k\u1ebdm<\/span><\/strong><\/p>\n\n\n\n<div class=\"wp-block-media-text alignwide is-stacked-on-mobile\"><figure class=\"wp-block-media-text__media\"><a href=\"https:\/\/rovalworld.com\/vi\/case-studies\/case02\/\"><img decoding=\"async\" src=\"https:\/\/rovalworld.com\/wp-content\/uploads\/2020\/04\/grating-image-1024x576.jpg\" alt=\"\" class=\"wp-image-1409 size-full\"\/><\/a><\/figure><div class=\"wp-block-media-text__content\">\n<p class=\"has-black-color has-text-color\" style=\"font-size:21px\">Tr\u01b0\u1eddng h\u1ee3p2: <a href=\"https:\/\/rovalworld.com\/vi\/case-studies\/case02\">N\u1eafp r\u00e3nh<\/a><\/p>\n\n\n\n<p class=\"has-black-color has-text-color\" style=\"font-size:17px\">C\u1eaft v\u00e0 h\u00e0n g\u00e2y bong tr\u00f3c l\u1edbp m\u1ea1 k\u1ebdm tr\u00ean n\u1ec1n th\u00e9p.<br>\u0110\u00e2y l\u00e0 ph\u1ea7n gi\u1edbi thi\u1ec7u v\u1ec1 c\u00e1ch ng\u0103n ng\u1eeba r\u1ec9 s\u00e9t x\u1ea3y ra trong nh\u1eefng tr\u01b0\u1eddng h\u1ee3p \u0111\u00f3.<\/p>\n<\/div><\/div>\n\n\n\n<div style=\"height:50px\" aria-hidden=\"true\" class=\"wp-block-spacer\"><\/div>\n\n\n\n<p class=\"has-white-color has-text-color has-background\" style=\"background-color:#ff8c1a;font-size:21px\"><strong><span style=\"color:#ffff00\" class=\"has-inline-color\">&lt;Tr\u01b0\u1eddng h\u1ee3p3&gt;<\/span><span style=\"color:#ffffff\" class=\"has-inline-color\"> Chuy\u1ec3n t\u1eeb lo\u1ea1i s\u01a1n th\u00f4ng th\u01b0\u1eddng sang ROVAL<\/span><\/strong><\/p>\n\n\n\n<div class=\"wp-block-media-text alignwide is-stacked-on-mobile\"><figure class=\"wp-block-media-text__media\"><a href=\"https:\/\/rovalworld.com\/vi\/case-studies\/case03\/\"><img decoding=\"async\" src=\"https:\/\/rovalworld.com\/wp-content\/uploads\/2020\/04\/repaint-image.jpg\" alt=\"\" class=\"wp-image-1433 size-full\"\/><\/a><\/figure><div class=\"wp-block-media-text__content\">\n<p class=\"has-black-color has-text-color\" style=\"font-size:21px\">Tr\u01b0\u1eddng h\u1ee3p3: <a href=\"https:\/\/rovalworld.com\/vi\/case-studies\/case03\">K\u1ebft c\u1ea5u th\u00e9p<\/a><\/p>\n\n\n\n<p class=\"has-black-color has-text-color\" style=\"font-size:17px\">\u0110\u00e2y l\u00e0 h\u00ecnh \u1ea3nh c\u1ee7a 1 c\u1ed9t th\u00e9p sau 7 n\u0103m \u0111\u01b0\u1ee3c s\u01a1n b\u1edfi lo\u1ea1i s\u01a1n th\u00f4ng th\u01b0\u1eddng.<br>Ma\u0300ng s\u01a1n xu\u00f4\u0301ng c\u00e2\u0301p, gi\u0309 se\u0301t lan r\u00f4\u0323ng toa\u0300n b\u00ea\u0300 m\u0103\u0323t.<br>S\u01a1n c\u1ed9t th\u00e9p n\u00e0y b\u1eb1ng s\u01a1n ROVAL.<\/p>\n\n\n\n<p><\/p>\n<\/div><\/div>\n\n\n\n<div style=\"height:30px\" aria-hidden=\"true\" class=\"wp-block-spacer\"><\/div>\n\n\n\n<figure class=\"wp-block-table is-style-stripes\"><table class=\"has-fixed-layout\"><tbody><tr><td><a href=\"https:\/\/rovalworld.com\/vi\/\">&lt; Home ><\/a><\/td><td class=\"has-text-align-right\" data-align=\"right\"><a href=\"https:\/\/rovalworld.com\/vi\/zinc-power\">\u0110i\u1ec7n k\u1ebdm >><\/a><\/td><\/tr><\/tbody><\/table><\/figure>\n\n\n\n<p><\/p>\n","protected":false},"excerpt":{"rendered":"<p>&lt;Tr\u01b0\u1eddng h\u1ee3p1&gt; L\u00e0m m\u1edbi l\u1edbp m\u1ea1 k\u1ebdm \u0111\u00e3 c\u0169 Tr\u01b0\u1eddng h\u1ee3p1: Tr\u1ea1m bi\u1ebfn \u00e1p D\u1ec5 d\u00e0ng xu\u1ea5t hi\u1ec7n g\u1ec9 \u0111\u1ecf tr\u00ean b\u1ec1 m\u1eb7t m\u1ea1 k\u1ebdm b\u1ecb m\u00f2n.\u0110\u1ec3 k\u00e9o d\u00e0i tu\u1ed5i &#8230;<\/p>\n","protected":false},"author":1,"featured_media":0,"parent":0,"menu_order":0,"comment_status":"closed","ping_status":"closed","template":"","meta":{"footnotes":""},"class_list":["post-340","page","type-page","status-publish","hentry"],"aioseo_notices":[],"_links":{"self":[{"href":"https:\/\/rovalworld.com\/vi\/wp-json\/wp\/v2\/pages\/340","targetHints":{"allow":["GET"]}}],"collection":[{"href":"https:\/\/rovalworld.com\/vi\/wp-json\/wp\/v2\/pages"}],"about":[{"href":"https:\/\/rovalworld.com\/vi\/wp-json\/wp\/v2\/types\/page"}],"author":[{"embeddable":true,"href":"https:\/\/rovalworld.com\/vi\/wp-json\/wp\/v2\/users\/1"}],"replies":[{"embeddable":true,"href":"https:\/\/rovalworld.com\/vi\/wp-json\/wp\/v2\/comments?post=340"}],"version-history":[{"count":18,"href":"https:\/\/rovalworld.com\/vi\/wp-json\/wp\/v2\/pages\/340\/revisions"}],"predecessor-version":[{"id":2110,"href":"https:\/\/rovalworld.com\/vi\/wp-json\/wp\/v2\/pages\/340\/revisions\/2110"}],"wp:attachment":[{"href":"https:\/\/rovalworld.com\/vi\/wp-json\/wp\/v2\/media?parent=340"}],"curies":[{"name":"wp","href":"https:\/\/api.w.org\/{rel}","templated":true}]}}