{"id":342,"date":"2020-04-30T18:14:25","date_gmt":"2020-04-30T09:14:25","guid":{"rendered":"https:\/\/rovalworld.com\/vi\/case-studies\/case-1-substation\/"},"modified":"2023-01-26T14:26:57","modified_gmt":"2023-01-26T05:26:57","slug":"case01","status":"publish","type":"page","link":"https:\/\/rovalworld.com\/vi\/case-studies\/case01\/","title":{"rendered":"Tr\u01b0\u1eddng h\u1ee3p1: Tr\u1ea1m bi\u1ebfn \u00e1p"},"content":{"rendered":"\n<h2 class=\"has-text-color wp-block-heading\" style=\"color:#ff8000\"><strong><strong>L\u00e0m m\u1edbi l\u1edbp m\u1ea1 k\u1ebdm \u0111\u00e3 c\u0169<\/strong><\/strong><\/h2>\n\n\n\n<p class=\"has-black-color has-text-color\" style=\"font-size:17px\"><img decoding=\"async\" class=\"wp-image-1482\" style=\"width: 800px;\" src=\"https:\/\/rovalworld.com\/wp-content\/uploads\/2020\/05\/renovation-image.jpg\" alt=\"\"><br>D\u1ec5 d\u00e0ng xu\u1ea5t hi\u1ec7n g\u1ec9 \u0111\u1ecf tr\u00ean b\u1ec1 m\u1eb7t m\u1ea1 k\u1ebdm b\u1ecb m\u00f2n.<br>\u0110\u1ec3 k\u00e9o d\u00e0i tu\u1ed5i th\u1ecd c\u1ee7a th\u00e9p s\u1eed d\u1ee5ng cho tr\u1ea1m bi\u1ebfn \u00e1p n\u00e0y, c\u1ea7n ph\u1ea3i ph\u1ee5c h\u1ed3i.<br>\u0110\u00e2y l\u00e0 ph\u1ea7n gi\u1edbi thi\u1ec7u c\u00e1ch kh\u00f4i ph\u1ee5c c\u00e1c b\u1ec1 m\u1eb7t m\u1ea1 k\u1ebdm b\u1ecb m\u00f2n b\u1eb1ng ROVAL.<\/p>\n\n\n\n<div style=\"height:50px\" aria-hidden=\"true\" class=\"wp-block-spacer\"><\/div>\n\n\n\n<p class=\"has-text-color has-background\" style=\"color:#ffffff;background-color:#ff8c1a;font-size:21px\"><strong><strong>1. <\/strong><\/strong><strong style=\"font-weight: bold;\">Ki\u1ec3m tra chu\u1ea9n b\u1ecb<\/strong><\/p>\n\n\n\n<p class=\"has-black-color has-text-color\" style=\"font-size:17px\"><img decoding=\"async\" class=\"wp-image-1483\" style=\"width: 640px;\" src=\"https:\/\/rovalworld.com\/wp-content\/uploads\/2020\/05\/renovation01.jpg\" alt=\"\"><br>1. \u0110o \u0111\u1ed9 d\u00e0y m\u00e0ng tr\u01b0\u1edbc khi thi c\u00f4ng.<br><br><img decoding=\"async\" class=\"wp-image-1484\" style=\"width: 640px;\" src=\"https:\/\/rovalworld.com\/wp-content\/uploads\/2020\/05\/renovation02.jpg\" alt=\"\"><br>2. \u0110i\u00ea\u0300u ki\u00ea\u0323n b\u00ea\u0300 m\u0103\u0323t<br>Tr\u00ean b\u1ec1 m\u1eb7t xu\u1ea5t hi\u1ec7n g\u1ec9 tr\u1eafng, nh\u01b0ng g\u1ec9 \u0111\u1ecf th\u00ec kh\u00f4ng.<\/p>\n\n\n\n<div style=\"height:30px\" aria-hidden=\"true\" class=\"wp-block-spacer\"><\/div>\n\n\n\n<p class=\"has-text-color has-background\" style=\"color:#ffffff;background-color:#ff8c1a;font-size:21px\"><strong>2. Chu\u1ea9n b\u1ecb b\u1ec1 m\u1eb7t<\/strong><\/p>\n\n\n\n<p class=\"has-black-color has-text-color\" style=\"font-size:17px\"><img decoding=\"async\" class=\"wp-image-1485\" style=\"width: 640px;\" src=\"https:\/\/rovalworld.com\/wp-content\/uploads\/2020\/05\/renovation03.jpg\" alt=\"\"><br>3. T\u1ea9y g\u1ec9 tr\u1eafng v\u00e0 nhi\u1ec5m b\u1ea9n b\u1eb1ng d\u1ee5ng c\u1ee5 c\u1ea7m tay.<br><br><strong><span style=\"color:#ff0000\" class=\"has-inline-color\"><strong><strong>L\u01a1\u0300i khuy\u00ean<\/strong><\/strong><\/span><\/strong> Trong tr\u01b0\u1eddng h\u1ee3p g\u1ec9 \u0111\u1ecf<br><img decoding=\"async\" class=\"wp-image-1434\" style=\"width: 300px;\" src=\"https:\/\/rovalworld.com\/wp-content\/uploads\/2020\/04\/repaint01.jpg\" alt=\"\"><br>Loa\u0323i bo\u0309 t\u00e2\u0301t ca\u0309 ca\u0301c v\u00ea\u0301t gi\u0309 \u0111o\u0309 b\u0103\u0300ng ca\u0301c du\u0323ng cu\u0323 \u0111i\u00ea\u0323n nh\u01b0 ma\u0301y \u0111a\u0301nh \u0111i\u0303a.<\/p>\n\n\n\n<div style=\"height:30px\" aria-hidden=\"true\" class=\"wp-block-spacer\"><\/div>\n\n\n\n<p class=\"has-text-color has-background\" style=\"color:#ffffff;background-color:#ff8c1a;font-size:21px\"><strong>3. Thi c\u00f4ng<\/strong><\/p>\n\n\n\n<p class=\"has-black-color has-text-color\" style=\"font-size:17px\"><img decoding=\"async\" class=\"wp-image-1486\" style=\"width: 640px;\" src=\"https:\/\/rovalworld.com\/wp-content\/uploads\/2020\/05\/renovation04.jpg\" alt=\"\"><br>4. Thoa ROVAL v\u00e0 kh\u00f4ng thoa qu\u00e1 m\u1ecfng.<br><br><img decoding=\"async\" class=\"wp-image-1487\" style=\"width: 640px;\" src=\"https:\/\/rovalworld.com\/wp-content\/uploads\/2020\/05\/renovation05.jpg\" alt=\"\"><br>5. Sau khi \u0111\u00f3ng r\u1eafn ho\u00e0n to\u00e0n, \u0111o \u0111\u1ed9 d\u00e0y m\u00e0ng s\u01a1n kh\u00f4.<br>*\u00c1p d\u1ee5ng m\u1ed9t l\u1ea7n n\u1eefa cho m\u1ed9t khu v\u1ef1c m\u1ecfng.<\/p>\n\n\n\n<div style=\"height:30px\" aria-hidden=\"true\" class=\"wp-block-spacer\"><\/div>\n\n\n\n<p class=\"has-text-color has-background\" style=\"color:#ffffff;background-color:#ff8c1a;font-size:21px\"><strong>Ho\u00e0n th\u00e0nh<\/strong><\/p>\n\n\n\n<p class=\"has-very-dark-gray-color has-text-color\" style=\"font-size:17px\"><img decoding=\"async\" class=\"wp-image-1488\" style=\"width: 640px;\" src=\"https:\/\/rovalworld.com\/wp-content\/uploads\/2020\/05\/renovation06.jpg\" alt=\"\"><br><span class=\"has-inline-color has-black-color\">Sau khi ph\u1ee5c h\u1ed3i<\/span><\/p>\n\n\n\n<div style=\"height:30px\" aria-hidden=\"true\" class=\"wp-block-spacer\"><\/div>\n\n\n\n<p class=\"has-white-color has-vivid-cyan-blue-background-color has-text-color has-background\" style=\"font-size:21px\"><strong>Khi n\u00e0o c\u1ea7n ph\u1ee5c h\u1ed3i?<\/strong><a id=\"restoration\"><\/a><\/p>\n\n\n\n<div class=\"wp-block-media-text alignwide is-stacked-on-mobile has-background\" style=\"background-color:#f0f0f0\"><figure class=\"wp-block-media-text__media\"><img decoding=\"async\" src=\"https:\/\/rovalworld.com\/wp-content\/uploads\/2020\/05\/level1.jpg\" alt=\"\" class=\"wp-image-2631 size-full\"\/><\/figure><div class=\"wp-block-media-text__content\">\n<p class=\"has-black-color has-text-color\" style=\"font-size:17px\"><strong>C\u1ea5p \u0111\u1ed9<\/strong> <strong>1<\/strong><br>Kh\u00f4i ph\u1ee5c l\u00e0 kh\u00f4ng c\u1ea7n thi\u1ebft.<\/p>\n<\/div><\/div>\n\n\n\n<div style=\"height:20px\" aria-hidden=\"true\" class=\"wp-block-spacer\"><\/div>\n\n\n\n<div class=\"wp-block-media-text alignwide is-stacked-on-mobile has-background\" style=\"background-color:#00ccff\"><figure class=\"wp-block-media-text__media\"><img decoding=\"async\" src=\"https:\/\/rovalworld.com\/wp-content\/uploads\/2020\/05\/level2.jpg\" alt=\"\" class=\"wp-image-2632 size-full\"\/><\/figure><div class=\"wp-block-media-text__content\">\n<p class=\"has-black-color has-text-color\" style=\"font-size:21px\"><strong>C\u1ea5p \u0111\u1ed9<\/strong> <strong>2<\/strong><br><strong>T\u1ed1t nh\u1ea5t \u0111\u1ec3 ph\u1ee5c h\u1ed3i!<\/strong><\/p>\n<\/div><\/div>\n\n\n\n<div style=\"height:20px\" aria-hidden=\"true\" class=\"wp-block-spacer\"><\/div>\n\n\n\n<div class=\"wp-block-media-text alignwide is-stacked-on-mobile has-background\" style=\"background-color:#ff9933\"><figure class=\"wp-block-media-text__media\"><img decoding=\"async\" src=\"https:\/\/rovalworld.com\/wp-content\/uploads\/2020\/05\/level3.jpg\" alt=\"\" class=\"wp-image-2633 size-full\"\/><\/figure><div class=\"wp-block-media-text__content\">\n<p class=\"has-black-color has-text-color\" style=\"font-size:17px\"><strong>C\u1ea5p \u0111\u1ed9<\/strong> <strong>3<\/strong><br>C\u1ea7n ph\u1ea3i kh\u00f4i ph\u1ee5c kh\u1ea9n c\u1ea5p.<\/p>\n<\/div><\/div>\n\n\n\n<div style=\"height:20px\" aria-hidden=\"true\" class=\"wp-block-spacer\"><\/div>\n\n\n\n<div class=\"wp-block-media-text alignwide is-stacked-on-mobile has-vivid-red-background-color has-background\"><figure class=\"wp-block-media-text__media\"><img decoding=\"async\" src=\"https:\/\/rovalworld.com\/wp-content\/uploads\/2020\/05\/level4.jpg\" alt=\"\" class=\"wp-image-2634 size-full\"\/><\/figure><div class=\"wp-block-media-text__content\">\n<p class=\"has-text-color\" style=\"color:#ffffff;font-size:17px\"><strong>C\u1ea5p \u0111\u1ed9<\/strong> <strong>4<\/strong><br>C\u1ea7n ph\u1ea3i c\u00f3 s\u1ef1 chu\u1ea9n b\u1ecb k\u1ef9 l\u01b0\u1ee1ng v\u00e0 \u0111\u1ed9 b\u1ec1n c\u1ee7a th\u00e9p c\u00f3 th\u1ec3 b\u1ecb suy gi\u1ea3m.<\/p>\n<\/div><\/div>\n\n\n\n<div style=\"height:30px\" aria-hidden=\"true\" class=\"wp-block-spacer\"><\/div>\n\n\n\n<div class=\"wp-block-buttons is-horizontal is-content-justification-center is-layout-flex wp-container-core-buttons-is-layout-499968f5 wp-block-buttons-is-layout-flex\">\n<div class=\"wp-block-button\"><a class=\"wp-block-button__link has-background wp-element-button\" href=\"https:\/\/rovalworld.com\/vi\/how-to-use\" style=\"background-color:#ff8c1a\"><strong><strong>C\u00e1ch s\u1eed d\u1ee5ng<\/strong><\/strong><\/a><\/div>\n<\/div>\n\n\n\n<div style=\"height:30px\" aria-hidden=\"true\" class=\"wp-block-spacer\"><\/div>\n\n\n\n<figure class=\"wp-block-table is-style-stripes\"><table><tbody><tr><td class=\"has-text-align-left\" data-align=\"left\"><a href=\"https:\/\/rovalworld.com\/vi\/case-studies\">&lt;&lt; M\u1ee5c l\u1ee5c<\/a><\/td><td class=\"has-text-align-right\" data-align=\"right\"><a href=\"https:\/\/rovalworld.com\/vi\/case-studies\/case02\">Tr\u01b0\u1eddng h\u1ee3p2: N\u1eafp r\u00e3nh >><\/a><\/td><\/tr><\/tbody><\/table><\/figure>\n\n\n\n<p><\/p>\n","protected":false},"excerpt":{"rendered":"<p>L\u00e0m m\u1edbi l\u1edbp m\u1ea1 k\u1ebdm \u0111\u00e3 c\u0169 D\u1ec5 d\u00e0ng xu\u1ea5t hi\u1ec7n g\u1ec9 \u0111\u1ecf tr\u00ean b\u1ec1 m\u1eb7t m\u1ea1 k\u1ebdm b\u1ecb m\u00f2n.\u0110\u1ec3 k\u00e9o d\u00e0i tu\u1ed5i th\u1ecd c\u1ee7a th\u00e9p s\u1eed d\u1ee5ng cho tr\u1ea1m &#8230;<\/p>\n","protected":false},"author":1,"featured_media":0,"parent":340,"menu_order":1,"comment_status":"closed","ping_status":"closed","template":"","meta":{"footnotes":""},"class_list":["post-342","page","type-page","status-publish","hentry"],"aioseo_notices":[],"_links":{"self":[{"href":"https:\/\/rovalworld.com\/vi\/wp-json\/wp\/v2\/pages\/342","targetHints":{"allow":["GET"]}}],"collection":[{"href":"https:\/\/rovalworld.com\/vi\/wp-json\/wp\/v2\/pages"}],"about":[{"href":"https:\/\/rovalworld.com\/vi\/wp-json\/wp\/v2\/types\/page"}],"author":[{"embeddable":true,"href":"https:\/\/rovalworld.com\/vi\/wp-json\/wp\/v2\/users\/1"}],"replies":[{"embeddable":true,"href":"https:\/\/rovalworld.com\/vi\/wp-json\/wp\/v2\/comments?post=342"}],"version-history":[{"count":19,"href":"https:\/\/rovalworld.com\/vi\/wp-json\/wp\/v2\/pages\/342\/revisions"}],"predecessor-version":[{"id":2114,"href":"https:\/\/rovalworld.com\/vi\/wp-json\/wp\/v2\/pages\/342\/revisions\/2114"}],"up":[{"embeddable":true,"href":"https:\/\/rovalworld.com\/vi\/wp-json\/wp\/v2\/pages\/340"}],"wp:attachment":[{"href":"https:\/\/rovalworld.com\/vi\/wp-json\/wp\/v2\/media?parent=342"}],"curies":[{"name":"wp","href":"https:\/\/api.w.org\/{rel}","templated":true}]}}