{"id":343,"date":"2020-04-30T16:36:15","date_gmt":"2020-04-30T07:36:15","guid":{"rendered":"https:\/\/rovalworld.com\/vi\/case-studies\/case-3-steel-structure\/"},"modified":"2023-01-26T14:28:44","modified_gmt":"2023-01-26T05:28:44","slug":"case03","status":"publish","type":"page","link":"https:\/\/rovalworld.com\/vi\/case-studies\/case03\/","title":{"rendered":"Tr\u01b0\u1eddng h\u1ee3p3: K\u1ebft c\u1ea5u th\u00e9p"},"content":{"rendered":"\n<h2 class=\"has-text-color wp-block-heading\" style=\"color:#ff8000\"><strong>Chuy\u1ec3n t\u1eeb lo\u1ea1i s\u01a1n th\u00f4ng th\u01b0\u1eddng sang ROVAL<\/strong><\/h2>\n\n\n\n<p class=\"has-black-color has-text-color\" style=\"font-size:17px\"><img decoding=\"async\" class=\"wp-image-1433\" style=\"width: 800px;\" src=\"https:\/\/rovalworld.com\/wp-content\/uploads\/2020\/04\/repaint-image.jpg\" alt=\"\"><br>\u0110\u00e2y l\u00e0 h\u00ecnh \u1ea3nh c\u1ee7a 1 c\u1ed9t th\u00e9p sau 7 n\u0103m \u0111\u01b0\u1ee3c s\u01a1n b\u1edfi lo\u1ea1i s\u01a1n th\u00f4ng th\u01b0\u1eddng.<br>M\u00e0ng s\u01a1n xu\u1ed1ng c\u1ea5p, g\u1ec9 s\u00e9t lan r\u1ed9ng to\u00e0n b\u1ec1 m\u1eb7t.<br>S\u01a1n c\u1ed9t th\u00e9p n\u00e0y b\u1eb1ng s\u01a1n ROVAL.<\/p>\n\n\n\n<div style=\"height:50px\" aria-hidden=\"true\" class=\"wp-block-spacer\"><\/div>\n\n\n\n<p class=\"has-text-color has-background\" style=\"color:#ffffff;background-color:#ff8c1a;font-size:21px\"><strong><strong>1. <\/strong><\/strong><strong style=\"font-weight: bold;\"><strong>Chu\u1ea9n b\u1ecb b\u1ec1 m\u1eb7t<\/strong><\/strong><\/p>\n\n\n\n<p class=\"has-black-color has-text-color\" style=\"font-size:17px\"><img decoding=\"async\" class=\"wp-image-1434\" style=\"width: 640px;\" src=\"https:\/\/rovalworld.com\/wp-content\/uploads\/2020\/04\/repaint01.jpg\" alt=\"\"><br>1. D\u00f9ng d\u1ee5ng c\u1ee5 \u0111i\u1ec7n lo\u1ea1i b\u1ecf h\u1ebft r\u1ec9 s\u00e9t v\u00e0 m\u00e0ng s\u01a1n c\u0169.<br><br><img decoding=\"async\" class=\"wp-image-1435\" style=\"width: 640px;\" src=\"https:\/\/rovalworld.com\/wp-content\/uploads\/2020\/04\/repaint02.jpg\" alt=\"\"><br>2. Ph\u01a1i b\u1ec1 m\u1eb7t th\u00e9p s\u1ea1ch.<br><\/p>\n\n\n\n<div style=\"height:20px\" aria-hidden=\"true\" class=\"wp-block-spacer\"><\/div>\n\n\n\n<p class=\"has-text-color has-background\" style=\"color:#ffffff;background-color:#ff8c1a;font-size:21px\"><strong>2. \u0110\u1ea3m b\u1ea3o khu\u1ea5y \u0111\u1ec1u v\u00e0 \u0111\u1ee7<\/strong><\/p>\n\n\n\n<p class=\"has-black-color has-text-color\" style=\"font-size:17px\"><img loading=\"lazy\" decoding=\"async\" width=\"640\" height=\"428\" class=\"wp-image-956\" style=\"width: 640px;\" src=\"https:\/\/rovalworld.com\/vi\/wp-content\/uploads\/2020\/09\/adequate-agitation-vn.jpg\" alt=\"\" srcset=\"https:\/\/rovalworld.com\/vi\/wp-content\/uploads\/2020\/09\/adequate-agitation-vn.jpg 640w, https:\/\/rovalworld.com\/vi\/wp-content\/uploads\/2020\/09\/adequate-agitation-vn-300x201.jpg 300w\" sizes=\"auto, (max-width: 640px) 100vw, 640px\" \/><br>3.Khu\u1ea5y cho \u0111\u1ebfn khi to\u00e0n b\u1ed9 m\u1eadt \u0111\u1ed9t s\u01a1n \u0111\u01b0\u1ee3c ph\u00e2n b\u1ed1 \u0111\u1ed3ng \u0111\u1ec1u.<\/p>\n\n\n\n<div style=\"height:30px\" aria-hidden=\"true\" class=\"wp-block-spacer\"><\/div>\n\n\n\n<p class=\"has-text-color has-background\" style=\"color:#ffffff;background-color:#ff8c1a;font-size:21px\"><strong>3. <strong><strong>\u0110\u1ea3m b\u1ea3o \u0111\u1ed9 d\u00e0y l\u1edbp s\u01a1n<\/strong><\/strong><\/strong><\/p>\n\n\n\n<p class=\"has-black-color has-text-color\" style=\"font-size:17px\"><img decoding=\"async\" class=\"wp-image-1438\" style=\"width: 640px;\" src=\"https:\/\/rovalworld.com\/wp-content\/uploads\/2020\/04\/repaint04.jpg\" alt=\"\"><br>4. Thoa ROVAL v\u00e0 kh\u00f4ng thoa qu\u00e1 m\u1ecfng.<br><br><img decoding=\"async\" class=\"wp-image-1439\" style=\"width: 640px;\" src=\"https:\/\/rovalworld.com\/wp-content\/uploads\/2020\/04\/repaint05.jpg\" alt=\"\"><br>5. L\u1ea7n th\u1ee9 2 \u00c1p d\u1ee5ng ROVAL<br>Sau th\u1eddi gian \u0111\u00f3ng r\u1eafn 30 ph\u00fat, thi c\u00f4ng l\u1edbp th\u1ee9 hai tr\u00ean b\u1ec1 m\u1eb7t kh\u00f4.<br>\uff08Nhi\u1ec7t \u0111\u1ed9 th\u1ea5p k\u00e9o d\u00e0i th\u1eddi gian \u0111\u00f3ng r\u1eafn.\uff09<br><br><img decoding=\"async\" class=\"wp-image-1079\" style=\"width: 640px;\" src=\"https:\/\/rovalworld.com\/wp-content\/uploads\/2020\/04\/tester01.jpg\" alt=\"\"><br>6. Sau khi \u0111\u00f3ng r\u1eafn ho\u00e0n to\u00e0n, \u0111o \u0111\u1ed9 d\u00e0y m\u00e0ng s\u01a1n kh\u00f4.<br>*\u00c1p d\u1ee5ng m\u1ed9t l\u1ea7n n\u1eefa cho m\u1ed9t khu v\u1ef1c m\u1ecfng.<\/p>\n\n\n\n<div style=\"height:30px\" aria-hidden=\"true\" class=\"wp-block-spacer\"><\/div>\n\n\n\n<p class=\"has-text-color has-background\" style=\"color:#ffffff;background-color:#ff8c1a;font-size:21px\"><strong><strong>Ho\u00e0n th\u00e0nh<\/strong><\/strong><\/p>\n\n\n\n<p class=\"has-black-color has-text-color\" style=\"font-size:17px\"><img decoding=\"async\" class=\"wp-image-1441\" style=\"width: 640px;\" src=\"https:\/\/rovalworld.com\/wp-content\/uploads\/2020\/04\/repaint07.jpg\" alt=\"\"><br>7. S\u01a1n l\u1ea1i ho\u00e0n th\u00e0nh<\/p>\n\n\n\n<div style=\"height:30px\" aria-hidden=\"true\" class=\"wp-block-spacer\"><\/div>\n\n\n\n<p class=\"has-white-color has-vivid-cyan-blue-background-color has-text-color has-background\" style=\"font-size:21px\"><strong>Sau 10 n\u0103m Kh\u00f4ng r\u1ec9 s\u00e9t!<\/strong><\/p>\n\n\n\n<p class=\"has-black-color has-text-color\" style=\"font-size:17px\">\u0110\u00e2y l\u00e0 h\u00ecnh \u1ea3nh c\u1ee7a c\u1ed9t s\u1eaft sau 10 n\u0103m chuy\u1ec3n qua d\u00f9ng s\u01a1n ROVAL.<br>Kh\u00f4ng h\u1ec1 c\u00f3 s\u1ef1 xu\u1ea5t hi\u1ec7n c\u1ee7a g\u1ec9 s\u00e9t.<br><img decoding=\"async\" class=\"wp-image-1442\" style=\"width: 640px;\" src=\"https:\/\/rovalworld.com\/wp-content\/uploads\/2020\/04\/repaint08.jpg\" alt=\"\"><br><br><img decoding=\"async\" class=\"wp-image-1443\" style=\"width: 400px;\" src=\"https:\/\/rovalworld.com\/wp-content\/uploads\/2020\/04\/repaint09.jpg\" alt=\"\"><\/p>\n\n\n\n<div style=\"height:30px\" aria-hidden=\"true\" class=\"wp-block-spacer\"><\/div>\n\n\n\n<div class=\"wp-block-buttons is-horizontal is-content-justification-center is-layout-flex wp-container-core-buttons-is-layout-499968f5 wp-block-buttons-is-layout-flex\">\n<div class=\"wp-block-button\"><a class=\"wp-block-button__link has-background wp-element-button\" href=\"https:\/\/rovalworld.com\/vi\/how-to-use\" style=\"background-color:#ff8c1a\"><strong><strong><strong>C\u00e1ch s\u1eed d\u1ee5ng<\/strong><\/strong><\/strong><\/a><\/div>\n<\/div>\n\n\n\n<div style=\"height:30px\" aria-hidden=\"true\" class=\"wp-block-spacer\"><\/div>\n\n\n\n<figure class=\"wp-block-table is-style-stripes\"><table><tbody><tr><td><a href=\"https:\/\/rovalworld.com\/vi\/case-studies\">&lt;&lt; M\u1ee5c l\u1ee5c<\/a><\/td><td class=\"has-text-align-right\" data-align=\"right\"><a href=\"https:\/\/rovalworld.com\/vi\/case-studies\/case01\">Tr\u01b0\u1eddng h\u1ee3p1:\u00a0Tr\u1ea1m bi\u1ebfn \u00e1p >><\/a><\/td><\/tr><\/tbody><\/table><\/figure>\n\n\n\n<p><\/p>\n","protected":false},"excerpt":{"rendered":"<p>Chuy\u1ec3n t\u1eeb lo\u1ea1i s\u01a1n th\u00f4ng th\u01b0\u1eddng sang ROVAL \u0110\u00e2y l\u00e0 h\u00ecnh \u1ea3nh c\u1ee7a 1 c\u1ed9t th\u00e9p sau 7 n\u0103m \u0111\u01b0\u1ee3c s\u01a1n b\u1edfi lo\u1ea1i s\u01a1n th\u00f4ng th\u01b0\u1eddng.M\u00e0ng s\u01a1n xu\u1ed1ng c\u1ea5p, g\u1ec9 &#8230;<\/p>\n","protected":false},"author":1,"featured_media":0,"parent":340,"menu_order":3,"comment_status":"closed","ping_status":"closed","template":"","meta":{"footnotes":""},"class_list":["post-343","page","type-page","status-publish","hentry"],"aioseo_notices":[],"_links":{"self":[{"href":"https:\/\/rovalworld.com\/vi\/wp-json\/wp\/v2\/pages\/343","targetHints":{"allow":["GET"]}}],"collection":[{"href":"https:\/\/rovalworld.com\/vi\/wp-json\/wp\/v2\/pages"}],"about":[{"href":"https:\/\/rovalworld.com\/vi\/wp-json\/wp\/v2\/types\/page"}],"author":[{"embeddable":true,"href":"https:\/\/rovalworld.com\/vi\/wp-json\/wp\/v2\/users\/1"}],"replies":[{"embeddable":true,"href":"https:\/\/rovalworld.com\/vi\/wp-json\/wp\/v2\/comments?post=343"}],"version-history":[{"count":19,"href":"https:\/\/rovalworld.com\/vi\/wp-json\/wp\/v2\/pages\/343\/revisions"}],"predecessor-version":[{"id":2116,"href":"https:\/\/rovalworld.com\/vi\/wp-json\/wp\/v2\/pages\/343\/revisions\/2116"}],"up":[{"embeddable":true,"href":"https:\/\/rovalworld.com\/vi\/wp-json\/wp\/v2\/pages\/340"}],"wp:attachment":[{"href":"https:\/\/rovalworld.com\/vi\/wp-json\/wp\/v2\/media?parent=343"}],"curies":[{"name":"wp","href":"https:\/\/api.w.org\/{rel}","templated":true}]}}