{"id":345,"date":"2020-04-29T21:30:11","date_gmt":"2020-04-29T12:30:11","guid":{"rendered":"https:\/\/rovalworld.com\/vi\/purpose-of-use\/"},"modified":"2023-03-15T11:43:25","modified_gmt":"2023-03-15T02:43:25","slug":"purpose-of-use","status":"publish","type":"page","link":"https:\/\/rovalworld.com\/vi\/purpose-of-use\/","title":{"rendered":"M\u1ee5c \u0111\u00edch s\u1eed d\u1ee5ng"},"content":{"rendered":"\n<p class=\"has-white-color has-text-color has-background\" style=\"background-color:#ff8c1a;font-size:21px\"><strong>Ch\u1ed1ng \u0103n m\u00f2n cho s\u1eaft<\/strong><\/p>\n\n\n\n<figure class=\"wp-block-gallery aligncenter has-nested-images columns-default is-cropped wp-block-gallery-1 is-layout-flex wp-block-gallery-is-layout-flex\">\n<figure class=\"wp-block-image size-large\"><img decoding=\"async\" data-id=\"789\" src=\"https:\/\/rovalworld.com\/wp-content\/uploads\/2020\/03\/steel-frame-1024x768.jpg\" alt=\"\" class=\"wp-image-789\"\/><figcaption class=\"wp-element-caption\">Khung s\u1eaft<\/figcaption><\/figure>\n\n\n\n<figure class=\"wp-block-image size-large\"><img decoding=\"async\" data-id=\"790\" src=\"https:\/\/rovalworld.com\/wp-content\/uploads\/2020\/03\/solar-panel-1024x768.jpg\" alt=\"\" class=\"wp-image-790\"\/><figcaption class=\"wp-element-caption\">T\u1ea5m quang n\u0103ng<\/figcaption><\/figure>\n<\/figure>\n\n\n\n<div style=\"height:30px\" aria-hidden=\"true\" class=\"wp-block-spacer\"><\/div>\n\n\n\n<p class=\"has-text-color has-background\" style=\"color:#ffffff;background-color:#ff8c1a;font-size:21px\"><strong>Kh\u1eafc ph\u1ee5c c\u00e1c l\u1ed7i cho l\u1edbp m\u1ea1 k\u1ebdm<\/strong><\/p>\n\n\n\n<figure class=\"wp-block-gallery aligncenter has-nested-images columns-default is-cropped wp-block-gallery-2 is-layout-flex wp-block-gallery-is-layout-flex\">\n<figure class=\"wp-block-image size-large\"><img decoding=\"async\" data-id=\"825\" src=\"https:\/\/rovalworld.com\/wp-content\/uploads\/2020\/03\/cut-surfaces-1024x768.jpg\" alt=\"\" class=\"wp-image-825\"\/><figcaption class=\"wp-element-caption\">M\u1eb7t c\u1eaft, M\u1ed1i h\u00e0n<\/figcaption><\/figure>\n\n\n\n<figure class=\"wp-block-image size-large\"><img decoding=\"async\" data-id=\"850\" src=\"https:\/\/rovalworld.com\/wp-content\/uploads\/2020\/03\/Non-plated-parts-1024x768.jpg\" alt=\"\" class=\"wp-image-850\"\/><figcaption class=\"wp-element-caption\">V\u1ecb tr\u00ed kh\u00f4ng m\u1ea1 \u0111\u01b0\u1ee3c<\/figcaption><\/figure>\n<\/figure>\n\n\n\n<div style=\"height:30px\" aria-hidden=\"true\" class=\"wp-block-spacer\"><\/div>\n\n\n\n<p class=\"has-text-color has-background\" style=\"color:#ffffff;background-color:#ff8c1a;font-size:21px\"><strong>Thay th\u1ebf cho m\u1ea1 k\u1ebdm nh\u00fang n\u00f3ng<\/strong><\/p>\n\n\n\n<figure class=\"wp-block-gallery aligncenter has-nested-images columns-default is-cropped wp-block-gallery-3 is-layout-flex wp-block-gallery-is-layout-flex\">\n<figure class=\"wp-block-image size-large\"><img decoding=\"async\" data-id=\"838\" src=\"https:\/\/rovalworld.com\/wp-content\/uploads\/2020\/03\/Large-parts-1024x768.jpg\" alt=\"\" class=\"wp-image-838\"\/><figcaption class=\"wp-element-caption\">V\u1eadt c\u00f3 k\u00edch th\u01b0\u1edbc l\u1edbn kh\u00f4ng v\u1eeba b\u1ec3 m\u1ea1<\/figcaption><\/figure>\n\n\n\n<figure class=\"wp-block-image size-large\"><img decoding=\"async\" data-id=\"857\" src=\"https:\/\/rovalworld.com\/wp-content\/uploads\/2020\/03\/Thin-parts-1024x768.jpg\" alt=\"\" class=\"wp-image-857\"\/><figcaption class=\"wp-element-caption\">V\u1eadt m\u1ecfng d\u1ec5 b\u1ecb bi\u1ebfn d\u1ea1ng do nhi\u1ec7t<\/figcaption><\/figure>\n<\/figure>\n\n\n\n<div style=\"height:30px\" aria-hidden=\"true\" class=\"wp-block-spacer\"><\/div>\n\n\n\n<p class=\"has-text-color has-background\" style=\"color:#ffffff;background-color:#ff8c1a;font-size:21px\"><strong>L\u00e0m m\u1edbi l\u1edbp m\u1ea1 k\u1ebdm \u0111\u00e3 c\u0169<\/strong><\/p>\n\n\n\n<figure class=\"wp-block-gallery aligncenter has-nested-images columns-2 is-cropped wp-block-gallery-4 is-layout-flex wp-block-gallery-is-layout-flex\">\n<figure class=\"wp-block-image size-large\"><img decoding=\"async\" data-id=\"1366\" src=\"https:\/\/rovalworld.com\/wp-content\/uploads\/2020\/04\/signpost01-1024x768.jpg\" alt=\"\" class=\"wp-image-1366\"\/><figcaption class=\"wp-element-caption\">tr\u01b0\u1edbc<\/figcaption><\/figure>\n\n\n\n<figure class=\"wp-block-image size-large\"><img decoding=\"async\" data-id=\"1367\" src=\"https:\/\/rovalworld.com\/wp-content\/uploads\/2020\/04\/signpost02-1024x768.jpg\" alt=\"\" class=\"wp-image-1367\"\/><figcaption class=\"wp-element-caption\">Sau<\/figcaption><\/figure>\n<\/figure>\n\n\n\n<div style=\"height:30px\" aria-hidden=\"true\" class=\"wp-block-spacer\"><\/div>\n\n\n\n<p class=\"has-text-color\" style=\"color:#ff8000;font-size:21px\"><strong>ROVAL C\u00f3 th\u1ec3 \u0111\u01b0\u1ee3c s\u1eed d\u1ee5ng trong Nh\u00e0 m\u00e1y v\u00e0 C\u00f4ng tr\u01b0\u1eddng.<\/strong><\/p>\n\n\n\n<p class=\"has-black-color has-text-color\" style=\"font-size:17px\">ROVAL l\u00e0 lo\u1ea1i s\u01a1n ph\u00e1t huy t\u1ed1i \u0111a kh\u1ea3 n\u0103ng ch\u1ed1ng \u0103n m\u00f2n nh\u1edd v\u00e0o h\u00e0m l\u01b0\u1ee3ng k\u1ebdm ch\u1ee9a.<br>V\u00ec \u0111\u01b0\u1ee3c \u0111\u00f3ng g\u00f3i s\u1eb5n t\u1eebng g\u00f3i, n\u00ean kh\u00f4ng c\u1ea7n ph\u1ea3i tr\u1ed9n hay s\u1eed d\u1ee5ng th\u00eam s\u01a1n l\u00f3t ho\u1eb7c s\u01a1n ph\u1ee7.<br>R\u1ea5t d\u1ec5 s\u1eed d\u1ee5ng v\u00e0 c\u00f3 th\u1ec3 s\u01a1n tr\u1ef1c ti\u1ebfp l\u00ean b\u1ec1 m\u1eb7t l\u1edbp m\u1ea1 k\u1ebdm ho\u1eb7c b\u1ec1 m\u1eb7t s\u1eaft th\u00e9p.<br><br>Gi\u00f4\u0301ng nh\u01b0 ca\u0301c loa\u0323i s\u01a1n th\u00f4ng th\u01b0\u01a1\u0300ng, ROVAL co\u0301 th\u00ea\u0309 s\u01a1n b\u0103\u0300ng co\u0323 ho\u1eb7c con l\u0103n, phun s\u01a1n truy\u1ec1n th\u1ed1ng ho\u1eb7c phun s\u01a1n b\u1eb1ng \u00e1p l\u1ef1c.<br>Ngoa\u0300i ra co\u0300n co\u0301 lo\u1ea1i bi\u0300nh xi\u0323t g\u1ecdn nh\u1eb9, ti\u00ea\u0323n du\u0323ng.<br><br>ROVAL kh\u00f4ng chi\u0309 s\u01b0\u0309 du\u0323ng \u0111\u00ea\u0309 tu b\u00f4\u0309 cho nh\u01b0\u0303ng vi\u0323 tri\u0301 kh\u00f4ng ma\u0323 \u0111\u01b0\u01a1\u0323c, m\u00f4\u0301i ha\u0300n, m\u0103\u0323t c\u0103\u0301t cu\u0309a s\u0103\u0301t the\u0301p ma\u0323 ke\u0303m, co\u0300n \u0111\u01b0\u01a1\u0323c s\u01b0\u0309 du\u0323ng \u0111\u00f4\u0301i v\u01a1\u0301i tr\u01b0\u01a1\u0300ng h\u01a1\u0323p m\u00e2\u0303u co\u0301 kh\u00f4\u0309 l\u01a1\u0301n kh\u00f4ng va\u0300o \u0111\u01b0\u01a1\u0323c b\u00ea\u0309 ma\u0323 hay c\u00e1c b\u1ed9 ph\u1eadn kh\u00f3 s\u1eed d\u1ee5ng ph\u01b0\u01a1ng ph\u00e1p ma\u0323 ke\u0303m nhu\u0301ng no\u0301ng.<br><br>ROVAL c\u00f3 th\u1ec3 s\u01a1n tr\u1ef1c ti\u1ebfp trong tr\u01b0\u1eddng h\u1ee3p l\u1edbp m\u1ea1 k\u1ebdm b\u1ecb c\u0169, ho\u1eb7c m\u1ecfng \u0111\u1ec3 k\u00e9o d\u00e0i hi\u1ec7u qu\u1ea3 ch\u1ed1ng \u0103n m\u00f2n, m\u00e0 kh\u00f4ng c\u1ea7n ph\u1ea3i m\u1ea1 l\u1ea1i.<br><br>ROVAl k\u00ea\u0301t h\u01a1\u0323p s\u01b0\u0323 \u01b0u vi\u00ea\u0323t cu\u0309a ph\u01b0\u01a1ng pha\u0301p ma\u0323 ke\u0303m nhu\u0301ng no\u0301ng va\u0300 s\u01b0\u0323 \u0111\u01a1n gia\u0309n ti\u00ea\u0323n l\u01a1\u0323i cu\u0309a ph\u01b0\u01a1ng pha\u0301p s\u01a1n.<br>V\u00ec ROVAL \u0111\u01b0\u1ee3c \u00e1p d\u1ee5ng \u1edf nhi\u1ec7t \u0111\u1ed9 th\u01b0\u1eddng, n\u00ean ch\u00fang t\u00f4i g\u1ecdi \u0111\u00e2y l\u00e0 <strong><span style=\"color:#ff0000\" class=\"has-inline-color\">\u201cM\u1ea1 k\u1ebdm l\u1ea1nh\u201d<\/span><\/strong>.<\/p>\n\n\n\n<div style=\"height:30px\" aria-hidden=\"true\" class=\"wp-block-spacer\"><\/div>\n\n\n\n<div class=\"wp-block-buttons is-horizontal is-content-justification-center is-layout-flex wp-container-core-buttons-is-layout-499968f5 wp-block-buttons-is-layout-flex\">\n<div class=\"wp-block-button\"><a class=\"wp-block-button__link has-text-color has-background wp-element-button\" href=\"https:\/\/rovalworld.com\/vi\/how-to-use\" style=\"color:#ffffff;background-color:#ff8c1a\"><strong>C\u00e1ch s\u1eed d\u1ee5ng<\/strong><\/a><\/div>\n<\/div>\n\n\n\n<div style=\"height:30px\" aria-hidden=\"true\" class=\"wp-block-spacer\"><\/div>\n\n\n\n<figure class=\"wp-block-table is-style-stripes\"><table class=\"has-fixed-layout\"><tbody><tr><td><a href=\"https:\/\/rovalworld.com\/vi\/\">&lt; Home &gt;<\/a><\/td><td class=\"has-text-align-right\" data-align=\"right\"><a href=\"https:\/\/rovalworld.com\/vi\/case-studies\">nghi\u00ean c\u1ee9u \u0111i\u1ec3n h\u00ecnh &gt;&gt;<\/a><\/td><\/tr><\/tbody><\/table><\/figure>\n\n\n\n<p><\/p>\n","protected":false},"excerpt":{"rendered":"<p>Ch\u1ed1ng \u0103n m\u00f2n cho s\u1eaft Kh\u1eafc ph\u1ee5c c\u00e1c l\u1ed7i cho l\u1edbp m\u1ea1 k\u1ebdm Thay th\u1ebf cho m\u1ea1 k\u1ebdm nh\u00fang n\u00f3ng L\u00e0m m\u1edbi l\u1edbp m\u1ea1 k\u1ebdm \u0111\u00e3 c\u0169 ROVAL C\u00f3 th\u1ec3 &#8230;<\/p>\n","protected":false},"author":1,"featured_media":0,"parent":0,"menu_order":0,"comment_status":"closed","ping_status":"closed","template":"","meta":{"footnotes":""},"class_list":["post-345","page","type-page","status-publish","hentry"],"aioseo_notices":[],"_links":{"self":[{"href":"https:\/\/rovalworld.com\/vi\/wp-json\/wp\/v2\/pages\/345","targetHints":{"allow":["GET"]}}],"collection":[{"href":"https:\/\/rovalworld.com\/vi\/wp-json\/wp\/v2\/pages"}],"about":[{"href":"https:\/\/rovalworld.com\/vi\/wp-json\/wp\/v2\/types\/page"}],"author":[{"embeddable":true,"href":"https:\/\/rovalworld.com\/vi\/wp-json\/wp\/v2\/users\/1"}],"replies":[{"embeddable":true,"href":"https:\/\/rovalworld.com\/vi\/wp-json\/wp\/v2\/comments?post=345"}],"version-history":[{"count":15,"href":"https:\/\/rovalworld.com\/vi\/wp-json\/wp\/v2\/pages\/345\/revisions"}],"predecessor-version":[{"id":2174,"href":"https:\/\/rovalworld.com\/vi\/wp-json\/wp\/v2\/pages\/345\/revisions\/2174"}],"wp:attachment":[{"href":"https:\/\/rovalworld.com\/vi\/wp-json\/wp\/v2\/media?parent=345"}],"curies":[{"name":"wp","href":"https:\/\/api.w.org\/{rel}","templated":true}]}}