{"id":346,"date":"2020-04-28T17:18:41","date_gmt":"2020-04-28T08:18:41","guid":{"rendered":"https:\/\/rovalworld.com\/vi\/zinc-power\/"},"modified":"2023-01-26T14:24:46","modified_gmt":"2023-01-26T05:24:46","slug":"zinc-power","status":"publish","type":"page","link":"https:\/\/rovalworld.com\/vi\/zinc-power\/","title":{"rendered":"\u0110i\u1ec7n k\u1ebdm"},"content":{"rendered":"\n<figure class=\"wp-block-gallery aligncenter has-nested-images columns-2 is-cropped wp-block-gallery-1 is-layout-flex wp-block-gallery-is-layout-flex\">\n<figure class=\"wp-block-image size-large\"><img decoding=\"async\" data-id=\"1307\" src=\"https:\/\/rovalworld.com\/wp-content\/uploads\/2020\/04\/zinc.jpg\" alt=\"\" class=\"wp-image-1307\"\/><figcaption class=\"wp-element-caption\">K\u1ebdm kim lo\u1ea1i<\/figcaption><\/figure>\n\n\n\n<figure class=\"wp-block-image size-large\"><img decoding=\"async\" data-id=\"2132\" src=\"https:\/\/rovalworld.com\/wp-content\/uploads\/2020\/05\/R-set.jpg\" alt=\"\" class=\"wp-image-2132\"\/><figcaption class=\"wp-element-caption\">ROVAL<\/figcaption><\/figure>\n<\/figure>\n\n\n\n<p class=\"has-black-color has-text-color has-medium-font-size\">ROVAL la\u0300 loa\u0323i s\u01a1n co\u0301 tha\u0300nh ph\u00e2\u0300n b\u00f4\u0323t ke\u0303m chi\u00ea\u0301m <strong><span style=\"color:#ff0000\" class=\"has-inline-color\">96%<\/span><\/strong>.<br><strong><span class=\"has-inline-color has-vivid-cyan-blue-color\">B\u1ea1n c\u00f3 bi\u1ebft s\u01a1n gi\u00e0u k\u1ebdm?<\/span><\/strong><br>S\u01a1n gi\u00e0u k\u1ebdm l\u00e0 lo\u1ea1i s\u01a1n c\u00f3 ch\u1ee9a m\u1ed9t l\u01b0\u1ee3ng l\u1edbn k\u1ebdm b\u1ed9t.<\/p>\n\n\n\n<div style=\"height:30px\" aria-hidden=\"true\" class=\"wp-block-spacer\"><\/div>\n\n\n\n<p class=\"has-text-color has-background\" style=\"color:#ffffff;background-color:#ff8c1a;font-size:21px\"><strong>T\u1ea1i sao k\u1ebdm l\u1ea1i c\u00f3 t\u00e1c d\u1ee5ng ch\u1ed1ng g\u1ec9?<\/strong><\/p>\n\n\n\n<p class=\"has-text-align-left has-black-color has-text-color\" style=\"font-size:17px\">Kim loa\u0323i k\u1ebdm c\u00f3 t\u00ednh ch\u1ea5t d\u1ec5 b\u1ecb \u0103n m\u00f2n h\u01a1n so v\u1edbi s\u1eaft th\u00e9p.<br>L\u01a1\u0323i du\u0323ng ti\u0301nh ch\u00e2\u0301t na\u0300y, n\u00ea\u0301u \u0111em g\u0103\u0301n the\u0301p v\u01a1\u0301i ke\u0303m thi\u0300 chi\u0309 co\u0301 b\u00ea\u0300 m\u0103\u0323t ke\u0303m bi\u0323 \u0103n mo\u0300n, co\u0300n b\u00ea\u0300 m\u0103\u0323t s\u0103\u0301t the\u0301p thi\u0300 kh\u00f4ng.<\/p>\n\n\n\n<figure class=\"wp-block-image size-large\"><img loading=\"lazy\" decoding=\"async\" width=\"800\" height=\"277\" src=\"https:\/\/rovalworld.com\/vi\/wp-content\/uploads\/2020\/09\/zinc-property-VN.jpg\" alt=\"Thu\u1ed9c t\u00ednh c\u1ee7a k\u1ebdm\" class=\"wp-image-1094\" srcset=\"https:\/\/rovalworld.com\/vi\/wp-content\/uploads\/2020\/09\/zinc-property-VN.jpg 800w, https:\/\/rovalworld.com\/vi\/wp-content\/uploads\/2020\/09\/zinc-property-VN-300x104.jpg 300w, https:\/\/rovalworld.com\/vi\/wp-content\/uploads\/2020\/09\/zinc-property-VN-768x266.jpg 768w\" sizes=\"auto, (max-width: 800px) 100vw, 800px\" \/><\/figure>\n\n\n\n<div style=\"height:30px\" aria-hidden=\"true\" class=\"wp-block-spacer\"><\/div>\n\n\n\n<p class=\"has-black-color has-text-color\" style=\"font-size:17px\"><strong><span class=\"has-inline-color has-vivid-cyan-blue-color\">H\u00e3y c\u00f9ng ki\u1ec3m ch\u1ee9ng th\u1ef1c t\u1ebf nh\u00e9.<\/span><\/strong><br>Chu\u00e2\u0309n b\u1ecb 2 t\u1ea5m th\u00e9p, 1 t\u1ea5m \u0111\u1ec3 nguy\u00ean v\u00e0 ng\u00e2m v\u00e0o n\u01b0\u1edbc mu\u1ed1i.<br>T\u1ea5m c\u00f2n l\u1ea1i ch\u1ed3ng 1 mi\u1ebfng k\u1ebdm l\u00ean r\u1ed3i ng\u00e2m v\u00e0o n\u01b0\u1edbc mu\u1ed1i.<\/p>\n\n\n\n<figure class=\"wp-block-image size-large\"><img decoding=\"async\" src=\"https:\/\/rovalworld.com\/wp-content\/uploads\/2020\/04\/verify01.jpg\" alt=\"\" class=\"wp-image-1312\"\/><\/figure>\n\n\n\n<div style=\"height:30px\" aria-hidden=\"true\" class=\"wp-block-spacer\"><\/div>\n\n\n\n<p class=\"has-black-color has-text-color\" style=\"font-size:17px\">K\u00ea\u0301t qu\u1ea3 sau 2 tu\u1ea7n, g\u1ec9 s\u00e9t ch\u1ec9 xu\u1ea5t hi\u1ec7n \u1edf t\u1ea5m b\u00ean ch\u1ec9 c\u00f3 t\u1ea5m th\u00e9p.<br>M\u1eb7t kh\u00e1c, b\u00ean c\u00f3 mi\u1ebfng k\u1ebdm ch\u1ed3ng l\u00ean th\u00ec kh\u00f4ng xu\u1ea5t hi\u1ec7n g\u1ec9 s\u00e9t.<br>T\u1eeb vi\u1ec7c k\u1ebdm b\u1ecb \u0103n m\u00f2n thay cho s\u1eaft th\u00e9p, c\u00f3 th\u1ec3 th\u1ea5y r\u1eb1ng k\u1ebdm c\u00f3 th\u1ec3 b\u1ea3o v\u1ec7 s\u1eaft th\u00e9p kh\u1ecfi b\u1ecb \u0103n m\u00f2n.<\/p>\n\n\n\n<figure class=\"wp-block-image size-large\"><img decoding=\"async\" src=\"https:\/\/rovalworld.com\/wp-content\/uploads\/2020\/04\/verify02.jpg\" alt=\"\" class=\"wp-image-1313\"\/><\/figure>\n\n\n\n<div style=\"height:30px\" aria-hidden=\"true\" class=\"wp-block-spacer\"><\/div>\n\n\n\n<p class=\"has-black-color has-text-color\" style=\"font-size:17px\">Ch\u00fang t\u00f4i \u0111a\u0303 tha\u0300nh c\u00f4ng trong vi\u00ea\u0323c t\u0103ng ha\u0300m l\u01b0\u01a1\u0323ng ke\u0303m trong l\u01a1\u0301p s\u01a1n kh\u00f4 l\u00ean 96% b\u0103\u0300ng ca\u0301ch tr\u00f4\u0323n m\u00f4\u0323t l\u01b0\u01a1\u0323ng l\u01a1\u0301n b\u00f4\u0323t ke\u0303m v\u01a1\u0301i loa\u0323i nh\u01b0\u0323a \u0111\u0103\u0323c bi\u00ea\u0323t. Trong \u0111a s\u00f4\u0301 ca\u0301c sa\u0309n ph\u00e2\u0309m th\u00f4ng th\u01b0\u01a1\u0300ng ha\u0300m l\u01b0\u01a1\u0323ng ke\u0303m chi\u00ea\u0301m <strong><span style=\"color:#555555\" class=\"has-inline-color\">70~80%<\/span><\/strong>, c\u00f2n ch\u00fang t\u00f4i s\u1eed d\u1ee5ng <strong><span style=\"color:#ff0000\" class=\"has-inline-color\">96%<\/span><\/strong>.<br><strong><span class=\"has-inline-color has-vivid-cyan-blue-color\">ROVAL la\u0300 loa\u0323i s\u01a1n pha\u0301t huy t\u00f4\u0301i \u0111a kha\u0309 n\u0103ng ch\u00f4\u0301ng \u0103n mo\u0300n nh\u01a1\u0300 va\u0300o h\u00e0m l\u01b0\u01a1\u0323ng ke\u0303m ch\u01b0\u0301a.<\/span><\/strong><\/p>\n\n\n\n<figure class=\"wp-block-image size-large\"><img loading=\"lazy\" decoding=\"async\" width=\"800\" height=\"560\" src=\"https:\/\/rovalworld.com\/vi\/wp-content\/uploads\/2020\/08\/zinc-powder-vn.jpg\" alt=\"\" class=\"wp-image-888\" srcset=\"https:\/\/rovalworld.com\/vi\/wp-content\/uploads\/2020\/08\/zinc-powder-vn.jpg 800w, https:\/\/rovalworld.com\/vi\/wp-content\/uploads\/2020\/08\/zinc-powder-vn-300x210.jpg 300w, https:\/\/rovalworld.com\/vi\/wp-content\/uploads\/2020\/08\/zinc-powder-vn-768x538.jpg 768w\" sizes=\"auto, (max-width: 800px) 100vw, 800px\" \/><\/figure>\n\n\n\n<p><\/p>\n\n\n\n<figure class=\"wp-block-image size-full is-resized\"><img loading=\"lazy\" decoding=\"async\" src=\"https:\/\/rovalworld.com\/wp-content\/uploads\/2020\/04\/R-paint.jpg\" alt=\"\" class=\"wp-image-1317\" width=\"400\" height=\"457\"\/><\/figure>\n\n\n\n<div style=\"height:30px\" aria-hidden=\"true\" class=\"wp-block-spacer\"><\/div>\n\n\n\n<figure class=\"wp-block-table is-style-stripes\"><table class=\"has-fixed-layout\"><tbody><tr><td class=\"has-text-align-left\" data-align=\"left\"><a href=\"https:\/\/rovalworld.com\/vi\/\">&lt; Home &gt;<\/a><\/td><td class=\"has-text-align-right\" data-align=\"right\"><a href=\"https:\/\/rovalworld.com\/vi\/anti-corrosion-performance\">Hi\u1ec7u su\u1ea5t ch\u1ed1ng \u0103n m\u00f2n &gt;&gt;<\/a><\/td><\/tr><\/tbody><\/table><\/figure>\n\n\n\n<p><\/p>\n","protected":false},"excerpt":{"rendered":"<p>ROVAL la\u0300 loa\u0323i s\u01a1n co\u0301 tha\u0300nh ph\u00e2\u0300n b\u00f4\u0323t ke\u0303m chi\u00ea\u0301m 96%.B\u1ea1n c\u00f3 bi\u1ebft s\u01a1n gi\u00e0u k\u1ebdm?S\u01a1n gi\u00e0u k\u1ebdm l\u00e0 lo\u1ea1i s\u01a1n c\u00f3 ch\u1ee9a m\u1ed9t l\u01b0\u1ee3ng l\u1edbn k\u1ebdm b\u1ed9t. T\u1ea1i sao &#8230;<\/p>\n","protected":false},"author":1,"featured_media":0,"parent":0,"menu_order":0,"comment_status":"closed","ping_status":"closed","template":"","meta":{"footnotes":""},"class_list":["post-346","page","type-page","status-publish","hentry"],"aioseo_notices":[],"_links":{"self":[{"href":"https:\/\/rovalworld.com\/vi\/wp-json\/wp\/v2\/pages\/346","targetHints":{"allow":["GET"]}}],"collection":[{"href":"https:\/\/rovalworld.com\/vi\/wp-json\/wp\/v2\/pages"}],"about":[{"href":"https:\/\/rovalworld.com\/vi\/wp-json\/wp\/v2\/types\/page"}],"author":[{"embeddable":true,"href":"https:\/\/rovalworld.com\/vi\/wp-json\/wp\/v2\/users\/1"}],"replies":[{"embeddable":true,"href":"https:\/\/rovalworld.com\/vi\/wp-json\/wp\/v2\/comments?post=346"}],"version-history":[{"count":20,"href":"https:\/\/rovalworld.com\/vi\/wp-json\/wp\/v2\/pages\/346\/revisions"}],"predecessor-version":[{"id":2111,"href":"https:\/\/rovalworld.com\/vi\/wp-json\/wp\/v2\/pages\/346\/revisions\/2111"}],"wp:attachment":[{"href":"https:\/\/rovalworld.com\/vi\/wp-json\/wp\/v2\/media?parent=346"}],"curies":[{"name":"wp","href":"https:\/\/api.w.org\/{rel}","templated":true}]}}