{"id":348,"date":"2020-04-23T13:08:34","date_gmt":"2020-04-23T04:08:34","guid":{"rendered":"https:\/\/rovalworld.com\/vi\/products\/aqua-roval\/"},"modified":"2024-11-07T11:13:34","modified_gmt":"2024-11-07T02:13:34","slug":"aqua-roval","status":"publish","type":"page","link":"https:\/\/rovalworld.com\/vi\/products\/aqua-roval\/","title":{"rendered":"AQUA ROVAL"},"content":{"rendered":"\n<h2 class=\"wp-block-heading has-text-color\" style=\"color:#4169e1\"><strong>AQUA ROVAL Cold Galvanizing Compound<\/strong><\/h2>\n\n\n\n<h3 class=\"wp-block-heading has-text-color\" style=\"color:#4169e1\"><strong>S\u01a1n n\u01b0\u1edbc m\u1ea1 k\u1ebdm l\u1ea1nh<\/strong><\/h3>\n\n\n\n<figure class=\"wp-block-image size-large\"><img decoding=\"async\" src=\"https:\/\/rovalworld.com\/wp-content\/uploads\/2020\/04\/AR_group95-1024x576.jpg\" alt=\"\" class=\"wp-image-1098\"\/><\/figure>\n\n\n\n<h3 class=\"wp-block-heading has-black-color has-text-color\"><strong>Lo\u1ea1i g\u1ed1c n\u01b0\u1edbc th\u00e2n thi\u1ec7n v\u1edbi m\u00f4i tr\u01b0\u1eddng.<br>Hi\u1ec7u su\u1ea5t ch\u1ed1ng \u0103n m\u00f2n t\u01b0\u01a1ng \u0111\u01b0\u01a1ng v\u1edbi m\u1ea1 k\u1ebdm nh\u00fang n\u00f3ng.<\/strong><\/h3>\n\n\n\n<p class=\"has-black-color has-text-color\" style=\"font-size:17px\"><strong><mark style=\"background-color:rgba(0, 0, 0, 0);color:#4169e1\" class=\"has-inline-color\">AQUA ROVALCold Galvanizing Compound<\/mark><\/strong> l\u00e0 lo\u1ea1i s\u01a1n c\u00f3 th\u00e0nh ph\u1ea7n b\u1ed9t k\u1ebdm chi\u1ebfm 95%. L\u00e0 lo\u1ea1i g\u1ed1c n\u01b0\u1edbc th\u00e2n thi\u1ec7n v\u1edbi m\u00f4i tr\u01b0\u1eddng m\u00e0 v\u1eabn gi\u1eef \u0111\u01b0\u1ee3c kh\u1ea3 n\u0103ng ch\u1ed1ng \u0103n m\u00f2n v\u01b0\u1ee3t tr\u1ed9i c\u1ee7a <strong><a href=\"https:\/\/rovalworld.com\/vi\/products\/roval\/\"><mark style=\"background-color:rgba(0, 0, 0, 0)\" class=\"has-inline-color has-vivid-red-color\">ROVAL<\/mark><\/a><\/strong>.<br>So v\u1edbi ROVAL, AQUA ROVAL <strong><mark style=\"background-color:rgba(0, 0, 0, 0);color:#666666\" class=\"has-inline-color\">c\u1eaft gi\u1ea3m 93% VOC, kh\u00f4ng c\u00f3 m\u00f9i lo\u00e3ng h\u01a1n v\u00e0 kh\u00f4ng c\u00f3 nguy c\u01a1 ch\u00e1y<\/mark><\/strong>. B\u1ea1n c\u00f3 th\u1ec3 t\u1ef1 tin s\u1eed d\u1ee5ng n\u00f3 \u1edf c\u00e1c trung t\u00e2m mua s\u1eafm, nh\u00e0 ga v\u00e0 c\u00e1c c\u01a1 s\u1edf c\u00f4ng c\u1ed9ng.<br>V\u00ec ROVAL \u0111\u01b0\u1ee3c \u00e1p d\u1ee5ng \u1edf nhi\u1ec7t \u0111\u1ed9 th\u01b0\u1eddng, n\u00ean ch\u00fang t\u00f4i g\u1ecdi \u0111\u00e2y l\u00e0&nbsp;<strong><mark style=\"background-color:rgba(0, 0, 0, 0);color:#4169e1\" class=\"has-inline-color\">\u201cS\u01a1n n\u01b0\u1edbc m\u1ea1 k\u1ebdm l\u1ea1nh\u201d<\/mark><\/strong><\/p>\n\n\n\n<p style=\"font-size:17px\"><strong><mark style=\"background-color:rgba(0, 0, 0, 0);color:#666666\" class=\"has-inline-color\">\u0110\u00e1p \u1ee9ng c\u00e1c ti\u00eau chu\u1ea9n ASTM A780, ISO1461<\/mark><\/strong><\/p>\n\n\n\n<p class=\"has-text-align-right has-black-color has-text-color\" style=\"font-size:17px\">>> <a href=\"https:\/\/rovalworld.com\/vi\/#gallery\">View B\u1ed9 s\u01b0u t\u1eadp<\/a><\/p>\n\n\n\n<div style=\"height:30px\" aria-hidden=\"true\" class=\"wp-block-spacer\"><\/div>\n\n\n\n<p class=\"has-text-color has-background\" style=\"color:#ffffff;background-color:#4169e1;font-size:21px\"><strong><strong>\u1ee8ng d\u1ee5ng<\/strong><\/strong><\/p>\n\n\n<div class=\"wp-block-image\">\n<figure class=\"alignleft size-large is-resized\"><img decoding=\"async\" src=\"https:\/\/rovalworld.com\/wp-content\/uploads\/2020\/04\/shopping-center.jpg\" alt=\"\" class=\"wp-image-1111\" style=\"width:600px;height:450px\"\/><figcaption class=\"wp-element-caption\"><mark style=\"background-color:rgba(0, 0, 0, 0)\" class=\"has-inline-color has-black-color\">Trung t\u00e2m mua s\u1eafm<\/mark><\/figcaption><\/figure>\n<\/div>\n\n<div class=\"wp-block-image\">\n<figure class=\"alignleft size-large is-resized\"><img decoding=\"async\" src=\"https:\/\/rovalworld.com\/wp-content\/uploads\/2020\/04\/station.jpg\" alt=\"\" class=\"wp-image-1112\" style=\"width:600px;height:450px\"\/><figcaption class=\"wp-element-caption\"><mark style=\"background-color:rgba(0, 0, 0, 0)\" class=\"has-inline-color has-black-color\">Ga xe l\u1eeda<\/mark><\/figcaption><\/figure>\n<\/div>\n\n<div class=\"wp-block-image\">\n<figure class=\"alignleft size-large is-resized\"><img decoding=\"async\" src=\"https:\/\/rovalworld.com\/wp-content\/uploads\/2020\/04\/public-facilities.jpg\" alt=\"\" class=\"wp-image-1113\" style=\"width:600px;height:450px\"\/><figcaption class=\"wp-element-caption\"><mark style=\"background-color:rgba(0, 0, 0, 0)\" class=\"has-inline-color has-black-color\">C\u00f4ng tr\u00ecnh c\u00f4ng c\u1ed9ng<\/mark><\/figcaption><\/figure>\n<\/div>\n\n\n<div style=\"height:30px\" aria-hidden=\"true\" class=\"wp-block-spacer\"><\/div>\n\n\n\n<p class=\"has-text-color has-background\" style=\"color:#ffffff;background-color:#4169e1;font-size:21px\"><a id=\"howaq\"><\/a><strong>C\u00e1ch s\u1eed d\u1ee5ng AQUA ROVAL<\/strong><\/p>\n\n\n\n<p style=\"font-size:21px\"><strong><span style=\"color:#4169e1\" class=\"has-inline-color\">Ph\u01b0\u01a1ng ph\u00e1p s\u01a1n<\/span><\/strong><\/p>\n\n\n\n<p class=\"has-black-color has-text-color\" style=\"font-size:17px\"><strong>D\u00f9ng c\u1ecd \/ D\u00f9ng con l\u0103n<\/strong><br><img decoding=\"async\" class=\"wp-image-975\" style=\"width: 300px;\" src=\"https:\/\/rovalworld.com\/wp-content\/uploads\/2020\/04\/brush.jpg\" alt=\"\"><img loading=\"lazy\" decoding=\"async\" width=\"300\" height=\"200\" class=\"wp-image-1122\" style=\"width: 300px;\" src=\"https:\/\/rovalworld.com\/vi\/wp-content\/uploads\/2020\/10\/brush.jpg\" alt=\"D\u00f9ng c\u1ecd\" srcset=\"https:\/\/rovalworld.com\/vi\/wp-content\/uploads\/2020\/10\/brush.jpg 640w, https:\/\/rovalworld.com\/vi\/wp-content\/uploads\/2020\/10\/brush-300x200.jpg 300w\" sizes=\"auto, (max-width: 300px) 100vw, 300px\" \/> <img loading=\"lazy\" decoding=\"async\" width=\"300\" height=\"200\" class=\"wp-image-97\" style=\"width: 300px;\" src=\"https:\/\/rovalworld.com\/vi\/wp-content\/uploads\/2020\/04\/roller.jpg\" alt=\"D\u00f9ng con l\u0103n\" srcset=\"https:\/\/rovalworld.com\/vi\/wp-content\/uploads\/2020\/04\/roller.jpg 640w, https:\/\/rovalworld.com\/vi\/wp-content\/uploads\/2020\/04\/roller-300x200.jpg 300w\" sizes=\"auto, (max-width: 300px) 100vw, 300px\" \/><br>Pha lo\u00e3ng b\u1eb1ng n\u01b0\u1edbc \u2014 0 ~ 2%<br><strong><span style=\"color:#4169e1\" class=\"has-inline-color\">&lt;\u0110\u1ec1 xu\u1ea5t&gt;<\/span><\/strong><br><strong><span style=\"color:#4169e1\" class=\"has-inline-color\">C\u1ecd<\/span><\/strong>: L\u00f4ng c\u1ecd d\u00e0i v\u00e0 m\u1ec1m, s\u1ebd gi\u1eef \u0111\u01b0\u1ee3c nhi\u1ec1u s\u01a1n h\u01a1n.<br><strong><span style=\"color:#4169e1\" class=\"has-inline-color\">Con l\u0103n<\/span><\/strong>: Chi\u1ec1u d\u00e0i l\u00f4ng con l\u0103n kho\u1ea3ng 12 ho\u1eb7c 13 mm, s\u1ebd gi\u1eef \u0111\u01b0\u1ee3c nhi\u1ec1u s\u01a1n h\u01a1n.<br><br><strong>Phun s\u01a1n truy\u1ec1n th\u1ed1ng \/ Phun s\u01a1n b\u1eb1ng \u00e1p l\u1ef1c<\/strong><br><img loading=\"lazy\" decoding=\"async\" width=\"300\" height=\"200\" class=\"wp-image-1125\" style=\"width: 300px;\" src=\"https:\/\/rovalworld.com\/vi\/wp-content\/uploads\/2020\/10\/Gravity-feed-air-spray.jpg\" alt=\"S\u00fang phun c\u1ea5p li\u1ec7u tr\u1ecdng l\u1ef1c\" srcset=\"https:\/\/rovalworld.com\/vi\/wp-content\/uploads\/2020\/10\/Gravity-feed-air-spray.jpg 640w, https:\/\/rovalworld.com\/vi\/wp-content\/uploads\/2020\/10\/Gravity-feed-air-spray-300x200.jpg 300w\" sizes=\"auto, (max-width: 300px) 100vw, 300px\" \/> <img loading=\"lazy\" decoding=\"async\" width=\"300\" height=\"200\" class=\"wp-image-95\" style=\"width: 300px;\" src=\"https:\/\/rovalworld.com\/vi\/wp-content\/uploads\/2020\/04\/air-less.jpg\" alt=\"Phun s\u01a1n b\u1eb1ng \u00e1p l\u1ef1c\" srcset=\"https:\/\/rovalworld.com\/vi\/wp-content\/uploads\/2020\/04\/air-less.jpg 640w, https:\/\/rovalworld.com\/vi\/wp-content\/uploads\/2020\/04\/air-less-300x200.jpg 300w\" sizes=\"auto, (max-width: 300px) 100vw, 300px\" \/><br><strong><strong><span style=\"color:#4169e1\" class=\"has-inline-color\">Phun s\u01a1n truy\u1ec1n th\u1ed1ng<\/span><\/strong><\/strong><br><strong>S\u00fang phun c\u1ea5p li\u1ec7u tr\u1ecdng l\u1ef1c<\/strong><br>L\u1ed7 phun \u2014 2.0 ~ 3.0 mm<br>\u00c1p su\u1ea5t kh\u00ed \u2014 0.3 MPa<br>Pha lo\u00e3ng b\u1eb1ng n\u01b0\u1edbc \u2014 0 ~ 5%<br><br><strong><strong><span style=\"color:#4169e1\" class=\"has-inline-color\">Phun s\u01a1n b\u1eb1ng \u00e1p l\u1ef1c<\/span><\/strong><\/strong><br>K\u00edch th\u01b0\u1edbc v\u00f2i phun \u2014 tr\u00ean 0.017 inch (Th\u00ed d\u1ee5 :&nbsp;517)<br>\u00c1p l\u1ef1c \u2014 tr\u00ean 20 MPa<br>B\u1ed9 l\u1ecdc s\u00fang \u2014 #50 ~ 60<br>Pha lo\u00e3ng b\u1eb1ng n\u01b0\u1edbc \u2014 0 ~ 2%<\/p>\n\n\n\n<div style=\"height:20px\" aria-hidden=\"true\" class=\"wp-block-spacer\"><\/div>\n\n\n\n<p class=\"has-black-color has-text-color\" style=\"font-size:21px\"><strong>1.  L\u00e0m s\u01a1n<\/strong><\/p>\n\n\n\n<p class=\"has-black-color has-text-color\" style=\"font-size:17px\"><img decoding=\"async\" class=\"wp-image-1127\" style=\"width: 480px;\" src=\"https:\/\/rovalworld.com\/wp-content\/uploads\/2020\/04\/AR_use01.jpg\" alt=\"\"><br>AQUA ROVAL \u0111\u01b0\u1ee3c b\u00e1n v\u1edbi b\u1ed9t k\u1ebdm v\u00e0 dung d\u1ecbch s\u01a1n \u0111\u01b0\u1ee3c \u0111\u00f3ng g\u00f3i ri\u00eang.<br><br><img decoding=\"async\" class=\"wp-image-1128\" style=\"width: 480px;\" src=\"https:\/\/rovalworld.com\/wp-content\/uploads\/2020\/04\/AR_use02.jpg\" alt=\"\"><br>Tr\u01b0\u01a1\u0301c khi s\u01b0\u0309 du\u0323ng, du\u0300ng ma\u0301y khu\u00e2\u0301y \u0111\u00ea\u0300u dung di\u0323ch s\u01a1n r\u00f4\u0300i t\u01b0\u0300 t\u01b0\u0300 \u0111\u00f4\u0309 b\u00f4\u0323t ke\u0303m va\u0300o,<br>(B\u1ed9t k\u1ebdm : Dung d\u1ecbch s\u01a1n = 4: 1)<br><br><img decoding=\"async\" class=\"wp-image-1130\" style=\"width: 480px;\" src=\"https:\/\/rovalworld.com\/wp-content\/uploads\/2020\/04\/AR_use03.jpg\" alt=\"\"><br>v\u01b0\u0300a \u0111\u00f4\u0309 v\u01b0\u0300a tr\u00f4\u0323n, ti\u00ea\u0301p tu\u0323c tr\u00f4\u0323n cho \u0111\u00ea\u0301n khi h\u00ea\u0301t vo\u0301n cu\u0323c.<br><span style=\"color:#4169e1\" class=\"has-inline-color\"><strong>Th\u1eddi gian t\u1ed3n t\u1ea1i: trong v\u00f2ng 8 gi\u1edd sau khi tr\u1ed9n<\/strong><\/span><\/p>\n\n\n\n<div style=\"height:20px\" aria-hidden=\"true\" class=\"wp-block-spacer\"><\/div>\n\n\n\n<p class=\"has-black-color has-text-color\" style=\"font-size:21px\"><strong>2. X\u1eed l\u00fd b\u1ec1 m\u1eb7t<\/strong><\/p>\n\n\n\n<p class=\"has-black-color has-text-color\" style=\"font-size:17px\"><img decoding=\"async\" class=\"wp-image-1066\" style=\"width: 300px;\" src=\"https:\/\/rovalworld.com\/wp-content\/uploads\/2020\/04\/hand-tool.jpg\" alt=\"\"><img decoding=\"async\" class=\"wp-image-978\" style=\"width: 300px;\" src=\"https:\/\/rovalworld.com\/wp-content\/uploads\/2020\/04\/surface-preparation.jpg\" alt=\"\"><br><br><img decoding=\"async\" class=\"wp-image-1139\" style=\"width: 240px;\" src=\"https:\/\/rovalworld.com\/wp-content\/uploads\/2020\/04\/degrease.png\" alt=\"\"><br>T\u1ea9y d\u1ea7u m\u1ee1 tri\u1ec7t \u0111\u1ec3. (\u00c1p d\u1ee5ng s\u01a1n g\u1ed1c n\u01b0\u1edbc tr\u00ean d\u1ea7u s\u1ebd \u0111\u1ea9y l\u00f9i n\u00f3)<br><br><strong><span class=\"has-inline-color has-very-dark-gray-color\">C\u00e1c b\u01b0\u1edbc c\u01a1 b\u1ea3n<\/span><\/strong><br>Khi thi c\u00f4ng tr\u00ean b\u1ec1 m\u1eb7t <strong><span style=\"color:#4169e1\" class=\"has-inline-color\">m\u1ea1 k\u1ebdm<\/span><\/strong>, s\u1eed d\u1ee5ng d\u1ee5ng c\u1ee5 c\u1ea7m tay \u0111\u1ec3 lo\u1ea1i b\u1ecf l\u1edbp g\u1ec9 tr\u1eafng.<br>\u0110\u1ed1i v\u1edbi b\u1ec1 <strong><span style=\"color:#4169e1\" class=\"has-inline-color\">m\u1eb7t th\u00e9p<\/span><\/strong>, lo\u1ea1i b\u1ecf t\u1ea5t c\u1ea3 c\u00e1c ch\u1ea5t b\u1ea9n, d\u1ea7u, c\u1eb7n, r\u1ec9 s\u00e9t v\u00e0 l\u1edbp s\u01a1n c\u0169 b\u1eb1ng c\u00e1ch phun c\u00e1t ho\u1eb7c s\u1eed d\u1ee5ng d\u1ee5ng c\u1ee5 \u0111i\u1ec7n \u0111\u1ec3 l\u00e0m s\u1ea1ch b\u1ec1 m\u1eb7t th\u00e9p.<br><br><strong><span class=\"has-inline-color has-very-dark-gray-color\">N\u1ebfu m\u00e0ng s\u01a1n c\u0169 v\u1eabn c\u00f2n<\/span><\/strong><br>S\u1eed d\u1ee5ng d\u1ee5ng c\u1ee5 \u0111i\u1ec7n \u0111\u1ec3 lo\u1ea1i b\u1ecf r\u1ec9 s\u00e9t v\u00e0 l\u1edbp s\u01a1n b\u00e1m d\u00ednh l\u1ecfng l\u1ebbo.<br>*V\u00ec AQUA ROVAL kh\u00f4ng ch\u1ee9a dung m\u00f4i n\u00ean kh\u00f4ng t\u1ea5n c\u00f4ng m\u00e0ng s\u01a1n c\u0169. V\u00ec v\u1eady, n\u00f3 c\u00f3 th\u1ec3 \u0111\u01b0\u1ee3c \u00e1p d\u1ee5ng tr\u00ean m\u00e0ng s\u01a1n c\u0169 b\u00e1m ch\u1eb7t. <span style=\"color:#ff0000\" class=\"has-inline-color\">Tuy nhi\u00ean hi\u1ec7u qu\u1ea3 ch\u1ed1ng g\u1ec9 kh\u00f4ng th\u1ec3 \u0111\u1ea1t \u0111\u01b0\u1ee3c tr\u1eeb khi n\u00f3 \u0111\u01b0\u1ee3c ph\u1ee7 tr\u1ef1c ti\u1ebfp l\u00ean b\u1ec1 m\u1eb7t kim lo\u1ea1i.<\/span><\/p>\n\n\n\n<div style=\"height:20px\" aria-hidden=\"true\" class=\"wp-block-spacer\"><\/div>\n\n\n\n<p class=\"has-black-color has-text-color\" style=\"font-size:21px\"><strong>3. \u0110a\u0309m ba\u0309o \u0111\u00f4\u0323 da\u0300y l\u1edbp s\u01a1n<\/strong><\/p>\n\n\n\n<p class=\"has-black-color has-text-color\" style=\"font-size:17px\"><img decoding=\"async\" class=\"wp-image-977\" style=\"width: 480px;\" src=\"https:\/\/rovalworld.com\/wp-content\/uploads\/2020\/04\/sufficient-film-tichness.jpg\" alt=\"\"><br><strong><span style=\"color:#4169e1\" class=\"has-inline-color\">S\u01a1n 2 l\u1edbp\uff081 l\u1edbp x 40\u03bcm \u00d7 2\uff09<\/span><\/strong><br><strong>T\u1ed5ng \u0111\u1ed9 d\u00e0y l\u1edbp s\u01a1n sau kh\u00f4 h\u01a1n 80\u03bcm<\/strong><br><strong><span style=\"color:#4169e1\" class=\"has-inline-color\">Kh\u00f4ng s\u01a1n qu\u00e1 m\u1ecfng<\/span><\/strong><br>Kha\u0309 n\u0103ng ch\u1ed1ng \u0103n m\u00f2n t\u1ec9 l\u1ec7 v\u1edbi \u0111\u1ed9 d\u00e0y l\u1edbp s\u01a1n.<br>Kho\u1ea3ng c\u00e1ch gi\u1eefa c\u00e1c l\u1ea7n s\u01a1n : 30-60 ph\u00fat (Ph\u1ee5 thu\u1ed9c v\u00e0o nhi\u1ec7t \u0111\u1ed9 v\u00e0 \u0111\u1ed9 \u1ea9m)<\/p>\n\n\n\n<div style=\"height:20px\" aria-hidden=\"true\" class=\"wp-block-spacer\"><\/div>\n\n\n\n<p class=\"has-black-color has-text-color\" style=\"font-size:17px\"><strong>Ki\u1ec3m tra \u0111\u1ed9 d\u00e0y m\u00e0ng<\/strong><br><img decoding=\"async\" class=\"wp-image-1079\" style=\"width: 300px;\" src=\"https:\/\/rovalworld.com\/wp-content\/uploads\/2020\/04\/tester01.jpg\" alt=\"\"><img decoding=\"async\" class=\"wp-image-1080\" style=\"width: 300px;\" src=\"https:\/\/rovalworld.com\/wp-content\/uploads\/2020\/04\/tester02.jpg\" alt=\"\"><br>Ki\u1ec3m tra \u0111\u1ed9 d\u00e0y m\u00e0ng s\u01a1n b\u1eb1ng m\u00e1y \u0111o \u0111\u1ed9 d\u00e0y \u0111i\u1ec7n t\u1eeb.<\/p>\n\n\n\n<div style=\"height:30px\" aria-hidden=\"true\" class=\"wp-block-spacer\"><\/div>\n\n\n\n<p class=\"has-black-color has-text-color has-background\" style=\"background-color:#ffd700;font-size:21px\"><strong>Ch\u00fa \u00fd : c\u00e1ch s\u01a1n kh\u00f4ng \u0111\u00fang<\/strong><\/p>\n\n\n\n<p class=\"has-text-color\" style=\"color:#ff0000;font-size:17px\"><img decoding=\"async\" class=\"wp-image-1042\" style=\"width: 300px;\" src=\"https:\/\/rovalworld.com\/wp-content\/uploads\/2020\/04\/rusted.jpg\" alt=\"\"><br><strong>S\u01a1n l\u00ean ch\u1ed7 b\u1ecb g\u1ec9 s\u00e9t<\/strong><\/p>\n\n\n\n<div style=\"height:30px\" aria-hidden=\"true\" class=\"wp-block-spacer\"><\/div>\n\n\n\n<p class=\"has-text-color has-background\" style=\"color:#ffffff;background-color:#4169e1;font-size:21px\"><strong><strong><strong>Phong h\u00f3a m\u00e0u c\u1ee7a<\/strong>&nbsp;AQUA ROVAL<\/strong><\/strong><\/p>\n\n\n\n<p class=\"has-black-color has-text-color\" style=\"font-size:17px\">M\u00e0ng c\u1ee7a AQUA ROVAL phong h\u00f3a gi\u1ed1ng nh\u01b0 v\u1eadt li\u1ec7u m\u1ea1 k\u1ebdm b\u1eb1ng c\u00e1ch ph\u01a1i s\u00e1ng. \u0110\u0103\u0323c \u0111i\u00ea\u0309m na\u0300y giu\u0301p cho nh\u01b0\u0303ng ch\u00f4\u0303 s\u01b0\u0309a ch\u01b0\u0303a kh\u00f4ng bi\u0323 l\u00f4\u0323.<br><strong><span style=\"color:#ff9933\" class=\"has-inline-color\">S\u1ef1 thay \u0111\u1ed5i m\u00e0u s\u1eafc l\u00e0 b\u1eb1ng ch\u1ee9ng r\u1eb1ng l\u1edbp m\u00e0ng th\u1ef1c hi\u1ec7n b\u1ea3o v\u1ec7 s\u1eaft b\u1eb1ng c\u00e1ch oxy h\u00f3a k\u1ebdm trong l\u1edbp ph\u1ee7.<\/span><\/strong><br>S\u1ef1 thay \u0111\u1ed5i m\u00e0u s\u1eafc n\u00e0y kh\u00f4ng ph\u1ea3i l\u00e0 \u0111i\u1ec1u b\u1ea5t th\u01b0\u1eddng v\u00e0 kh\u00f4ng \u1ea3nh h\u01b0\u1edfng \u0111\u1ebfn hi\u1ec7u qu\u1ea3 ph\u00f2ng ch\u1ed1ng r\u1ec9 s\u00e9t. <br>\u1ea2nh d\u01b0\u1edbi \u0111\u00e2y cho th\u1ea5y m\u1ed9t t\u1ea5m c\u00f3 l\u1edbp ph\u1ee7 AQUA ROVAL \u1edf n\u1eeda tr\u00ean c\u1ee7a t\u1ea5m m\u1ea1 k\u1ebdm.<\/p>\n\n\n\n<figure class=\"wp-block-table\"><table><tbody><tr><td class=\"has-text-align-center\" data-align=\"center\"><img decoding=\"async\" class=\"wp-image-1183\" style=\"width: 150px;\" src=\"https:\/\/rovalworld.com\/wp-content\/uploads\/2020\/04\/0AR.jpg\" alt=\"\"><\/td><td class=\"has-text-align-center\" data-align=\"center\"><img decoding=\"async\" class=\"wp-image-1194\" style=\"width: 150px;\" src=\"https:\/\/rovalworld.com\/wp-content\/uploads\/2020\/04\/3AR.jpg\" alt=\"\"><\/td><\/tr><tr><td class=\"has-text-align-center\" data-align=\"center\"><span class=\"has-inline-color has-black-color\">Tr\u01b0\u1edbc khi ph\u01a1i s\u00e1ng<\/span><\/td><td class=\"has-text-align-center\" data-align=\"center\"><span class=\"has-inline-color has-black-color\">Sau 3 th\u00e1ng<\/span><\/td><\/tr><\/tbody><\/table><\/figure>\n\n\n\n<figure class=\"wp-block-image size-large\"><img loading=\"lazy\" decoding=\"async\" width=\"800\" height=\"356\" src=\"https:\/\/rovalworld.com\/vi\/wp-content\/uploads\/2020\/08\/cw_AQ_vn.jpg\" alt=\"\" class=\"wp-image-877\" srcset=\"https:\/\/rovalworld.com\/vi\/wp-content\/uploads\/2020\/08\/cw_AQ_vn.jpg 800w, https:\/\/rovalworld.com\/vi\/wp-content\/uploads\/2020\/08\/cw_AQ_vn-300x134.jpg 300w, https:\/\/rovalworld.com\/vi\/wp-content\/uploads\/2020\/08\/cw_AQ_vn-768x342.jpg 768w\" sizes=\"auto, (max-width: 800px) 100vw, 800px\" \/><\/figure>\n\n\n\n<p><\/p>\n\n\n\n<p class=\"has-text-align-right\" style=\"font-size:17px\">&gt;&gt; <a href=\"https:\/\/rovalworld.com\/vi\/downloads\/#tech\">Di chuy\u1ec3n \u0111\u1ebfn T\u1ea3i t\u00e0i li\u1ec7u<\/a><\/p>\n\n\n\n<div style=\"height:30px\" aria-hidden=\"true\" class=\"wp-block-spacer\"><\/div>\n\n\n\n<div class=\"wp-block-group\"><div class=\"wp-block-group__inner-container is-layout-flow wp-block-group-is-layout-flow\">\n<p class=\"has-white-color has-text-color has-background\" style=\"background-color:#4169e1;font-size:21px\"><strong><strong><strong><span class=\"has-inline-color has-white-color\">Do\u0300ng sa\u0309n ph\u00e2\u0309m va\u0300 \u0111\u0103\u0323c \u0111i\u00ea\u0309m ky\u0303 thu\u00e2\u0323t<\/span><\/strong><\/strong><\/strong><\/p>\n\n\n\n<figure class=\"wp-block-table is-style-stripes\"><table class=\"has-black-color has-text-color\"><tbody><tr><td>\u0110\u1ed9 d\u00e0y m\u00e0ng film<\/td><td>80\u03bcm (40\u03bcm x 2 l\u1edbp)<\/td><\/tr><tr><td>Di\u00ea\u0323n ti\u0301ch phu\u0309 ly\u0301 thuy\u00ea\u0301t<\/td><td>500g\/m<sup>2<\/sup>&nbsp;(250g x 2 l\u1edbp)<\/td><\/tr><tr><td>Th\u1eddi gian kh\u00f4<\/td><td>30 ph\u00fat (23\u02daC)<\/td><\/tr><tr><td>Kh\u1ea3 n\u0103ng ch\u1ecbu nhi\u1ec7t<\/td><td>170\u02daC<\/td><\/tr><\/tbody><\/table><\/figure>\n\n\n\n<p><strong><mark style=\"background-color:rgba(0, 0, 0, 0);color:#666666\" class=\"has-inline-color\">\u0110\u00e1p \u1ee9ng c\u00e1c ti\u00eau chu\u1ea9n ASTM A780, ISO1461<\/mark><\/strong><\/p>\n\n\n\n<figure class=\"wp-block-table is-style-regular\"><table><tbody><tr><td><img decoding=\"async\" class=\"wp-image-1118\" style=\"width: 100px;\" src=\"https:\/\/rovalworld.com\/wp-content\/uploads\/2020\/04\/AR-1kg.jpg\" alt=\"\"><\/td><td><span class=\"has-inline-color has-black-color\"><strong>AQUA ROVAL Cold Galvanizing Compound<\/strong><\/span><br><span class=\"has-inline-color has-black-color\"><strong>B\u1ed9 1kg<\/strong><\/span><br><span class=\"has-inline-color has-black-color\">(B\u1ed9t k\u1ebdm 800g : Dung d\u1ecbch s\u01a1n 200g)<br><br>Ti\u1ebft di\u1ec7n s\u01a1n: 2m<sup>2<\/sup>&nbsp;(2 l\u1edbp)<br>\u0110\u00f3ng g\u00f3i: 4 lon \/ th\u00f9ng<\/span><\/td><\/tr><tr><td><\/td><td><\/td><\/tr><tr><td><img decoding=\"async\" class=\"wp-image-2896\" style=\"width: 160px;\" src=\"https:\/\/rovalworld.com\/wp-content\/uploads\/2020\/07\/AR-5kg.jpg\" alt=\"\"><\/td><td><span class=\"has-inline-color has-black-color\"><strong>AQUA ROVAL Cold Galvanizing Compound<\/strong><\/span><br><span class=\"has-inline-color has-black-color\"><strong>B\u1ed9 5kg<\/strong><\/span><br><span class=\"has-inline-color has-black-color\">(B\u1ed9t k\u1ebdm 4Kg : Dung d\u1ecbch s\u01a1n 1Kg)<br><br>Ti\u1ebft di\u1ec7n s\u01a1n: 10m<sup>2<\/sup>&nbsp;(2 l\u1edbp)<br>\u0110\u00f3ng g\u00f3i: 1 lon<\/span><\/td><\/tr><tr><td><\/td><td><\/td><\/tr><tr><td><img decoding=\"async\" class=\"wp-image-1120\" style=\"width: 275px;\" src=\"https:\/\/rovalworld.com\/wp-content\/uploads\/2020\/04\/AR20kg.jpg\" alt=\"\"><\/td><td><span class=\"has-inline-color has-black-color\"><strong>AQUA ROVAL Cold Galvanizing Compound<\/strong><\/span><br><span class=\"has-inline-color has-black-color\"><strong>B\u1ed9 20kg<\/strong><\/span><br><span class=\"has-inline-color has-black-color\">(B\u1ed9t k\u1ebdm 16Kg : Dung d\u1ecbch s\u01a1n 4Kg)<br><strong> <\/strong><br>Ti\u1ebft di\u1ec7n s\u01a1n: 40m<sup>2<\/sup>&nbsp;(2 l\u1edbp)<br>\u0110\u00f3ng g\u00f3i: 1 Thu\u0300ng<\/span><\/td><\/tr><\/tbody><\/table><\/figure>\n<\/div><\/div>\n","protected":false},"excerpt":{"rendered":"<p>AQUA ROVAL Cold Galvanizing Compound S\u01a1n n\u01b0\u1edbc m\u1ea1 k\u1ebdm l\u1ea1nh Lo\u1ea1i g\u1ed1c n\u01b0\u1edbc th\u00e2n thi\u1ec7n v\u1edbi m\u00f4i tr\u01b0\u1eddng.Hi\u1ec7u su\u1ea5t ch\u1ed1ng \u0103n m\u00f2n t\u01b0\u01a1ng \u0111\u01b0\u01a1ng v\u1edbi m\u1ea1 k\u1ebdm nh\u00fang n\u00f3ng. AQUA &#8230;<\/p>\n","protected":false},"author":1,"featured_media":0,"parent":335,"menu_order":7,"comment_status":"closed","ping_status":"closed","template":"","meta":{"footnotes":""},"class_list":["post-348","page","type-page","status-publish","hentry"],"aioseo_notices":[],"_links":{"self":[{"href":"https:\/\/rovalworld.com\/vi\/wp-json\/wp\/v2\/pages\/348","targetHints":{"allow":["GET"]}}],"collection":[{"href":"https:\/\/rovalworld.com\/vi\/wp-json\/wp\/v2\/pages"}],"about":[{"href":"https:\/\/rovalworld.com\/vi\/wp-json\/wp\/v2\/types\/page"}],"author":[{"embeddable":true,"href":"https:\/\/rovalworld.com\/vi\/wp-json\/wp\/v2\/users\/1"}],"replies":[{"embeddable":true,"href":"https:\/\/rovalworld.com\/vi\/wp-json\/wp\/v2\/comments?post=348"}],"version-history":[{"count":58,"href":"https:\/\/rovalworld.com\/vi\/wp-json\/wp\/v2\/pages\/348\/revisions"}],"predecessor-version":[{"id":2399,"href":"https:\/\/rovalworld.com\/vi\/wp-json\/wp\/v2\/pages\/348\/revisions\/2399"}],"up":[{"embeddable":true,"href":"https:\/\/rovalworld.com\/vi\/wp-json\/wp\/v2\/pages\/335"}],"wp:attachment":[{"href":"https:\/\/rovalworld.com\/vi\/wp-json\/wp\/v2\/media?parent=348"}],"curies":[{"name":"wp","href":"https:\/\/api.w.org\/{rel}","templated":true}]}}