{"id":351,"date":"2019-12-20T16:45:09","date_gmt":"2019-12-20T07:45:09","guid":{"rendered":"https:\/\/rovalworld.com\/vi\/products\/mc\/"},"modified":"2025-07-31T15:54:04","modified_gmt":"2025-07-31T06:54:04","slug":"mc","status":"publish","type":"page","link":"https:\/\/rovalworld.com\/vi\/products\/mc\/","title":{"rendered":"ROVAL MC"},"content":{"rendered":"\n<h2 class=\"wp-block-heading has-text-color\" style=\"color:#00bb33\"><strong>ROVAL MC Color Matching Metallic Spray for Galvanized materials<\/strong><\/h2>\n\n\n\n<h3 class=\"wp-block-heading has-text-color\" style=\"color:#00bb33\"><strong>B\u00ecnh x\u1ecbt m\u00e0u kim lo\u1ea1i cho v\u1eadt li\u1ec7u m\u1ea1 k\u1ebdm<\/strong><\/h3>\n\n\n\n<figure class=\"wp-block-image size-large\"><img decoding=\"async\" src=\"https:\/\/rovalworld.com\/wp-content\/uploads\/2020\/05\/MC-main.jpg\" alt=\"\" class=\"wp-image-1862\"\/><\/figure>\n\n\n\n<h3 class=\"wp-block-heading has-black-color has-text-color\"><strong>B\u00ecnh x\u1ecbt kim lo\u1ea1i d\u00f9ng \u0111\u1ec3 ph\u1ed1i m\u00e0u cho v\u1eadt li\u1ec7u m\u1ea1.<\/strong><\/h3>\n\n\n\n<p class=\"has-black-color has-text-color\" style=\"font-size:17px\"><mark style=\"background-color:rgba(0, 0, 0, 0);color:#00bb33\" class=\"has-inline-color\"><strong>ROVAL MC Color Matching Metallic Spray for Galvanized materials<\/strong><\/mark> l\u00e0 s\u1ea3n ph\u1ea9m l\u00fd t\u01b0\u1edfng \u0111\u1ec3 ph\u1ed1i m\u00e0u tr\u00ean s\u1ea3n ph\u1ea9m m\u1ea1 k\u1ebdm nh\u00fang n\u00f3ng v\u00e0 \u0111\u1ec3 che gi\u1ea5u nh\u1eefng nh\u01b0\u1ee3c \u0111i\u1ec3m tr\u00ean b\u1ec1 m\u1eb7t s\u1ea3n ph\u1ea9m m\u1ea1 ho\u1eb7c ph\u1ee7 m\u00e0u sau khi s\u01a1n <a href=\"https:\/\/rovalworld.com\/vi\/products\/roval\/\"><strong><mark style=\"background-color:rgba(0, 0, 0, 0)\" class=\"has-inline-color has-vivid-red-color\">ROVAL<\/mark><\/strong><\/a>.<\/p>\n\n\n\n<div style=\"height:30px\" aria-hidden=\"true\" class=\"wp-block-spacer\"><\/div>\n\n\n\n<p class=\"has-text-color has-background\" style=\"color:#ffffff;background-color:#00bb33;font-size:21px\"><strong>S\u1ef1 kh\u00e1c bi\u1ec7t v\u1edbi s\u01a1n m\u00e0u b\u1ea1c th\u00f4ng th\u01b0\u1eddng<\/strong><\/p>\n\n\n\n<p class=\"has-black-color has-text-color\" style=\"font-size:17px\">Th\u1ec9nh tho\u1ea3ng ch\u00fang ta v\u1eabn th\u1ea5y vi\u1ec7c s\u1eed d\u1ee5ng s\u01a1n m\u00e0u b\u1ea1c th\u00f4ng th\u01b0\u1eddng \u0111\u1ec3 che gi\u1ea5u nh\u1eefng khuy\u1ebft \u0111i\u1ec3m tr\u00ean b\u1ec1 m\u1eb7t m\u1ea1 k\u1ebdm. L\u00fac \u0111\u1ea7u b\u1ec1 m\u1eb7t m\u1ea1 k\u1ebdm s\u00e1ng b\u00f3ng, v\u00ec v\u1eady khi s\u1eed d\u1ee5ng s\u01a1n m\u00e0u b\u1ea1c th\u00f4ng th\u01b0\u1eddng s\u1ebd cho m\u00e0u s\u1eafc kh\u00e1 ph\u00f9 h\u1ee3p. Tuy nhi\u00ean do t\u00ednh ch\u1ea5t c\u1ee7a m\u1ea1 k\u1ebdm c\u00f4ng nghi\u1ec7p, l\u1edbp m\u1ea1 s\u1ebd x\u00e1m d\u1ea7n theo th\u1eddi gian, khi \u0111\u00f3 ph\u1ea7n m\u00e0u s\u1eafc c\u1ee7a c\u00e1c lo\u1ea1i s\u01a1n n\u00e0y s\u1ebd n\u1ed5i b\u1eadt l\u00ean.<br>ROVAL MC \u0111\u01b0\u1ee3c thi\u1ebft k\u1ebf \u0111\u1ec3 l\u00e0m m\u1ea5t \u0111i \u0111\u1ed9 b\u00f3ng theo th\u1eddi gian, gi\u1ed1ng nh\u01b0 m\u1ea1 k\u1ebdm v\u00e0 cu\u1ed1i c\u00f9ng l\u1edbp ph\u1ee7 c\u1ee7a ROVAL MC s\u1ebd cho m\u00e0u s\u1eafc tr\u00f9ng v\u1edbi m\u00e0u c\u1ee7a l\u1edbp m\u1ea1 k\u1ebdm, v\u00ec v\u1eady nh\u1eefng ph\u1ea7n s\u1eeda ch\u1eefa s\u1ebd kh\u00f4ng n\u1ed5i l\u00ean n\u1eefa.<br>\u1ea2nh d\u01b0\u1edbi \u0111\u00e2y th\u1ec3 hi\u1ec7n h\u00ecnh \u1ea3nh c\u1ee7a t\u1ea5m m\u1ea1 \u0111\u01b0\u1ee3c s\u01a1n n\u1eeda tr\u00ean b\u1eb1ng ROVAL MC v\u00e0 s\u01a1n m\u00e0u b\u1ea1c th\u00f4ng th\u01b0\u1eddng.<\/p>\n\n\n\n<p style=\"font-size:21px\"><strong><span style=\"color:#00bb33\" class=\"has-inline-color\">ROVAL MC<\/span> &#8211; <span class=\"has-inline-color has-luminous-vivid-orange-color\">M\u00e0u ph\u00f9 h\u1ee3p<\/span><\/strong><\/p>\n\n\n\n<figure class=\"wp-block-table is-style-regular\"><table class=\"has-background\" style=\"background-color:#e9fbe5\"><tbody><tr><td class=\"has-text-align-center\" data-align=\"center\"><img decoding=\"async\" class=\"wp-image-630\" style=\"width: 150px;\" src=\"https:\/\/rovalworld.com\/wp-content\/uploads\/2019\/12\/0MC.jpg\" alt=\"\"><\/td><td class=\"has-text-align-center\" data-align=\"center\"><img decoding=\"async\" class=\"wp-image-746\" style=\"width: 150px;\" src=\"https:\/\/rovalworld.com\/wp-content\/uploads\/2020\/02\/3MC.jpg\" alt=\"\"><\/td><\/tr><tr><td class=\"has-text-align-center\" data-align=\"center\"><strong><span class=\"has-inline-color has-luminous-vivid-orange-color\">T\u1ed1t<\/span><\/strong><br><span class=\"has-inline-color has-black-color\">Tr\u01b0\u1edbc khi ph\u01a1i s\u00e1ng<\/span><\/td><td class=\"has-text-align-center\" data-align=\"center\"><strong><span class=\"has-inline-color has-luminous-vivid-orange-color\">T\u1ed1t<\/span><\/strong><br><span class=\"has-inline-color has-black-color\">Sau 3 th\u00e1ng<\/span><\/td><\/tr><\/tbody><\/table><\/figure>\n\n\n\n<p style=\"font-size:21px\"><strong><span class=\"has-inline-color has-vivid-cyan-blue-color\">S\u01a1n m\u00e0u b\u1ea1c th\u00f4ng th\u01b0\u1eddng<\/span> &#8211; M\u00e0u kh\u00f4ng ph\u00f9 h\u1ee3p<\/strong><\/p>\n\n\n\n<figure class=\"wp-block-table is-style-regular\"><table class=\"has-background\" style=\"background-color:#e7f5fe\"><tbody><tr><td class=\"has-text-align-center\" data-align=\"center\"><img decoding=\"async\" class=\"wp-image-1737\" style=\"width: 150px;\" src=\"https:\/\/rovalworld.com\/wp-content\/uploads\/2020\/05\/0NS.jpg\" alt=\"\"><\/td><td class=\"has-text-align-center\" data-align=\"center\"><img decoding=\"async\" class=\"wp-image-1738\" style=\"width: 150px;\" src=\"https:\/\/rovalworld.com\/wp-content\/uploads\/2020\/05\/3NS.jpg\" alt=\"\"><\/td><\/tr><tr><td class=\"has-text-align-center\" data-align=\"center\"><strong><span class=\"has-inline-color has-vivid-cyan-blue-color\">T\u1ed1t<\/span><\/strong><br><span class=\"has-inline-color has-black-color\">Tr\u01b0\u1edbc khi ph\u01a1i s\u00e1ng<\/span><\/td><td class=\"has-text-align-center\" data-align=\"center\"><strong><span style=\"color:#ff0000\" class=\"has-inline-color\">Kh\u00f4ng t\u1ed1t<\/span><\/strong><br><span class=\"has-inline-color has-black-color\">Sau 3 th\u00e1ng<\/span><\/td><\/tr><\/tbody><\/table><\/figure>\n\n\n\n<div style=\"height:30px\" aria-hidden=\"true\" class=\"wp-block-spacer\"><\/div>\n\n\n\n<p class=\"has-text-color has-background\" style=\"color:#ffffff;background-color:#00bb33;font-size:21px\"><strong>S\u01a1n ph\u1ee7 l\u1edbp m\u1ea1 b\u1ecb ch\u00e1y tr\u00ean n\u1ec1n s\u1eaft th\u00e9p<\/strong><\/p>\n\n\n\n<figure class=\"wp-block-image size-large\"><img decoding=\"async\" src=\"https:\/\/rovalworld.com\/vi\/wp-content\/uploads\/2019\/12\/yake01.jpg\" alt=\"\" class=\"wp-image-628\"\/><figcaption class=\"wp-element-caption\"><mark style=\"background-color:rgba(0, 0, 0, 0)\" class=\"has-inline-color has-black-color\">Tr\u01b0\u1edbc s\u01a1n<\/mark><\/figcaption><\/figure>\n\n\n\n<figure class=\"wp-block-image size-large\"><img decoding=\"async\" src=\"https:\/\/rovalworld.com\/vi\/wp-content\/uploads\/2019\/12\/yake02.jpg\" alt=\"\" class=\"wp-image-629\"\/><figcaption class=\"wp-element-caption\"><mark style=\"background-color:rgba(0, 0, 0, 0)\" class=\"has-inline-color has-black-color\">Sau s\u01a1n<\/mark><\/figcaption><\/figure>\n\n\n\n<div style=\"height:30px\" aria-hidden=\"true\" class=\"wp-block-spacer\"><\/div>\n\n\n\n<p class=\"has-text-color has-background\" style=\"color:#ffffff;background-color:#00bb33;font-size:21px\"><strong>Ph\u1ee7 m\u00e0u sau khi s\u01a1n ROVAL<\/strong><\/p>\n\n\n\n<figure class=\"wp-block-image size-large\"><img decoding=\"async\" src=\"https:\/\/rovalworld.com\/vi\/wp-content\/uploads\/2019\/12\/MC01.jpg\" alt=\"\" class=\"wp-image-633\"\/><figcaption class=\"wp-element-caption\"><mark style=\"background-color:rgba(0, 0, 0, 0)\" class=\"has-inline-color has-black-color\">S\u1eefa ch\u1eefa b\u1eb1ng ROVAL<\/mark><\/figcaption><\/figure>\n\n\n\n<figure class=\"wp-block-image size-large\"><img decoding=\"async\" src=\"https:\/\/rovalworld.com\/vi\/wp-content\/uploads\/2019\/12\/MC02.jpg\" alt=\"\" class=\"wp-image-634\"\/><figcaption class=\"wp-element-caption\"><mark style=\"background-color:rgba(0, 0, 0, 0)\" class=\"has-inline-color has-black-color\">S\u1eed d\u1ee5ng ROVAL MC \u0111\u1ec3 l\u00e0m \u0111\u1ed3ng \u0111\u1ec1u m\u00e0u<\/mark><\/figcaption><\/figure>\n\n\n\n<div style=\"height:30px\" aria-hidden=\"true\" class=\"wp-block-spacer\"><\/div>\n\n\n\n<p class=\"has-text-color has-background\" style=\"color:#ffffff;background-color:#00bb33;font-size:21px\"><strong><strong><strong>L\u1eddi khuy\u00ean<\/strong><\/strong><\/strong><\/p>\n\n\n\n<div class=\"wp-block-media-text alignwide\" style=\"grid-template-columns:15% auto\"><figure class=\"wp-block-media-text__media\"><img decoding=\"async\" src=\"https:\/\/rovalworld.com\/wp-content\/uploads\/2020\/05\/no-effect.jpg\" alt=\"\" class=\"wp-image-1852 size-full\"\/><\/figure><div class=\"wp-block-media-text__content\">\n<p class=\"has-black-color has-text-color\" style=\"font-size:17px\"><strong>Kh\u00f4ng c\u00f3 t\u00e1c d\u1ee5ng ch\u1ed1ng g\u1ec9.<\/strong><\/p>\n<\/div><\/div>\n\n\n\n<div style=\"height:20px\" aria-hidden=\"true\" class=\"wp-block-spacer\"><\/div>\n\n\n\n<div class=\"wp-block-media-text alignwide\" style=\"grid-template-columns:15% auto\"><figure class=\"wp-block-media-text__media\"><img decoding=\"async\" src=\"https:\/\/rovalworld.com\/wp-content\/uploads\/2020\/05\/mc-p-up.jpg\" alt=\"\" class=\"wp-image-1851 size-full\"\/><\/figure><div class=\"wp-block-media-text__content\">\n<p class=\"has-black-color has-text-color\" style=\"font-size:17px\"><strong>S\u1eed d\u1ee5ng <mark style=\"background-color:rgba(0, 0, 0, 0);color:#00bb33\" class=\"has-inline-color\">ROVAL MC<\/mark> sau khi s\u01a1n <a href=\"https:\/\/rovalworld.com\/vi\/products\/roval\/\"><mark style=\"background-color:rgba(0, 0, 0, 0)\" class=\"has-inline-color has-vivid-red-color\">ROVAL<\/mark><\/a>, tr\u00ean b\u1ec1 m\u1eb7t c\u1eaft, m\u1ed1i h\u00e0n, v\u00e0 nh\u1eefng khu v\u1ef1c kh\u00f4ng m\u1ea1 \u0111\u1ec3 b\u1ea3o v\u1ec7 t\u1ed1i \u0111a s\u1ea3n ph\u1ea9m.<\/strong><\/p>\n<\/div><\/div>\n\n\n\n<div style=\"height:30px\" aria-hidden=\"true\" class=\"wp-block-spacer\"><\/div>\n\n\n\n<p class=\"has-black-color has-text-color\" style=\"font-size:17px\">M\u00e0ng s\u01a1n d\u00e0y c\u00f3 kh\u1ea3 n\u0103ng l\u00e0m ch\u1eadm l\u1ea1i qu\u00e1 tr\u00ecnh h\u01b0 h\u1ea1i do th\u1eddi th\u1eddi ti\u1ebft g\u00e2y ra.<br>\u0110i\u1ec1u ki\u1ec7n ph\u01a1i s\u00e1ng quy\u1ebft \u0111\u1ecbnh t\u1edbi m\u1ee9c \u0111\u1ed9 t\u00e1c \u0111\u1ed9ng c\u1ee7a th\u1eddi ti\u1ebft l\u00ean s\u1ea3n ph\u1ea9m.<\/p>\n\n\n\n<figure class=\"wp-block-embed is-type-video is-provider-youtube wp-block-embed-youtube wp-embed-aspect-16-9 wp-has-aspect-ratio\"><div class=\"wp-block-embed__wrapper\">\n<iframe loading=\"lazy\" title=\"ROVAL MC spray drying time test\" width=\"800\" height=\"450\" src=\"https:\/\/www.youtube.com\/embed\/lIkrf4qBqCA?feature=oembed\" frameborder=\"0\" allow=\"accelerometer; autoplay; clipboard-write; encrypted-media; gyroscope; picture-in-picture; web-share\" referrerpolicy=\"strict-origin-when-cross-origin\" allowfullscreen><\/iframe>\n<\/div><\/figure>\n\n\n\n<div style=\"height:30px\" aria-hidden=\"true\" class=\"wp-block-spacer\"><\/div>\n\n\n\n<div class=\"wp-block-group\"><div class=\"wp-block-group__inner-container is-layout-flow wp-block-group-is-layout-flow\">\n<p class=\"has-text-color has-background\" style=\"color:#ffffff;background-color:#00bb33;font-size:21px\"><strong>Do\u0300ng sa\u0309n ph\u00e2\u0309m va\u0300 \u0111\u0103\u0323c \u0111i\u00ea\u0309m ky\u0303 thu\u00e2\u0323t<\/strong><\/p>\n\n\n\n<figure class=\"wp-block-table is-style-stripes\"><table class=\"has-black-color has-text-color\"><tbody><tr><td>\u0110\u1ed9 d\u00e0y m\u00e0ng film<\/td><td>10\u03bcm (1 l\u1edbp)<\/td><\/tr><tr><td>Th\u1eddi<mark style=\"background-color:rgba(0, 0, 0, 0)\" class=\"has-inline-color has-black-color\"> gian kh\u00f4<\/mark><\/td><td>20 ph\u00fat (23\u02daC)<\/td><\/tr><tr><td>Kh\u1ea3 n\u0103ng ch\u1ecbu nhi\u1ec7t<\/td><td>90\u02daC<\/td><\/tr><\/tbody><\/table><\/figure>\n\n\n\n<figure class=\"wp-block-table is-style-regular\"><table><tbody><tr><td class=\"has-text-align-center\" data-align=\"center\"><img decoding=\"async\" class=\"wp-image-1801\" style=\"width: 100px;\" src=\"https:\/\/rovalworld.com\/wp-content\/uploads\/2020\/05\/MC-spray.jpg\" alt=\"\"><\/td><td><span class=\"has-inline-color has-black-color\"><strong>ROVAL MC Color Matching Metallic Spray for Galvanized materials 420ml<\/strong><br><br>\u0110\u1ed9 ph\u1ee7: 3m2 (1 l\u1edbp)<br>\u0110\u00f3ng g\u00f3i: 24 chai \/ th\u00f9ng<\/span><\/td><\/tr><\/tbody><\/table><\/figure>\n<\/div><\/div>\n","protected":false},"excerpt":{"rendered":"<p>ROVAL MC Color Matching Metallic Spray for Galvanized materials B\u00ecnh x\u1ecbt m\u00e0u kim lo\u1ea1i cho v\u1eadt li\u1ec7u m\u1ea1 k\u1ebdm B\u00ecnh x\u1ecbt kim lo\u1ea1i d\u00f9ng \u0111\u1ec3 ph\u1ed1i m\u00e0u cho v\u1eadt li\u1ec7u &#8230;<\/p>\n","protected":false},"author":1,"featured_media":0,"parent":335,"menu_order":6,"comment_status":"closed","ping_status":"closed","template":"","meta":{"footnotes":""},"class_list":["post-351","page","type-page","status-publish","hentry"],"aioseo_notices":[],"_links":{"self":[{"href":"https:\/\/rovalworld.com\/vi\/wp-json\/wp\/v2\/pages\/351","targetHints":{"allow":["GET"]}}],"collection":[{"href":"https:\/\/rovalworld.com\/vi\/wp-json\/wp\/v2\/pages"}],"about":[{"href":"https:\/\/rovalworld.com\/vi\/wp-json\/wp\/v2\/types\/page"}],"author":[{"embeddable":true,"href":"https:\/\/rovalworld.com\/vi\/wp-json\/wp\/v2\/users\/1"}],"replies":[{"embeddable":true,"href":"https:\/\/rovalworld.com\/vi\/wp-json\/wp\/v2\/comments?post=351"}],"version-history":[{"count":33,"href":"https:\/\/rovalworld.com\/vi\/wp-json\/wp\/v2\/pages\/351\/revisions"}],"predecessor-version":[{"id":2443,"href":"https:\/\/rovalworld.com\/vi\/wp-json\/wp\/v2\/pages\/351\/revisions\/2443"}],"up":[{"embeddable":true,"href":"https:\/\/rovalworld.com\/vi\/wp-json\/wp\/v2\/pages\/335"}],"wp:attachment":[{"href":"https:\/\/rovalworld.com\/vi\/wp-json\/wp\/v2\/media?parent=351"}],"curies":[{"name":"wp","href":"https:\/\/api.w.org\/{rel}","templated":true}]}}