{"id":352,"date":"2019-12-19T16:08:00","date_gmt":"2019-12-19T07:08:00","guid":{"rendered":"https:\/\/rovalworld.com\/vi\/products\/roval-silver\/"},"modified":"2024-11-07T11:12:05","modified_gmt":"2024-11-07T02:12:05","slug":"roval-silver","status":"publish","type":"page","link":"https:\/\/rovalworld.com\/vi\/products\/roval-silver\/","title":{"rendered":"ROVAL SILVER"},"content":{"rendered":"\n<h2 class=\"wp-block-heading has-vivid-cyan-blue-color has-text-color\"><strong>ROVAL SILVER Zinc Rich Compound<\/strong><\/h2>\n\n\n\n<h3 class=\"wp-block-heading has-vivid-cyan-blue-color has-text-color\"><strong>S\u01a1n gi\u00e0u k\u1ebdm m\u00e0u b\u1ea1c<\/strong><\/h3>\n\n\n\n<figure class=\"wp-block-image size-large\"><img decoding=\"async\" src=\"https:\/\/rovalworld.com\/wp-content\/uploads\/2020\/05\/RS_group83-1024x576.jpg\" alt=\"\" class=\"wp-image-2327\"\/><\/figure>\n\n\n\n<h3 class=\"wp-block-heading has-black-color has-text-color\">Th\u00edch h\u1ee3p \u0111\u1ec3 s\u1eeda ch\u1eefa c\u00e1c b\u1ec1 m\u1eb7t m\u1ea1 c\u0169 ho\u1eb7c l\u00e0m l\u1edbp ph\u1ee7 tr\u00ean c\u00f9ng cho M\u1ea1 l\u1ea1nh ROVAL.<\/h3>\n\n\n\n<p class=\"has-black-color has-text-color\" style=\"font-size:17px\"><strong><mark style=\"background-color:rgba(0, 0, 0, 0)\" class=\"has-inline-color has-vivid-cyan-blue-color\">ROVAL SILVER Zinc Rich Compound<\/mark><\/strong> l\u00e0 l\u1ef1a ch\u1ecdn c\u1ee7a c\u00e1c nh\u00e0 thi\u1ebft k\u1ebf v\u00ec m\u00e0u b\u1ea1c.<br>83% k\u1ebdm trong m\u00e0ng kh\u00f4 c\u1ee7a n\u00f3 duy tr\u00ec hi\u1ec7u su\u1ea5t ch\u1ed1ng \u0103n m\u00f2n cao so v\u1edbi c\u00e1c lo\u1ea1i s\u01a1n th\u00f4ng th\u01b0\u1eddng kh\u00e1c. Th\u00edch h\u1ee3p \u0111\u1ec3 s\u1eeda ch\u1eefa c\u00e1c v\u1eadt li\u1ec7u m\u1ea1 k\u1ebdm c\u0169 ho\u1eb7c l\u00e0m l\u1edbp ph\u1ee7 tr\u00ean c\u00f9ng cho M\u1ea1 k\u1ebdm l\u1ea1nh <strong><a href=\"https:\/\/rovalworld.com\/vi\/products\/roval\/\"><mark style=\"background-color:rgba(0, 0, 0, 0)\" class=\"has-inline-color has-vivid-red-color\">ROVAL<\/mark><\/a><\/strong>.<\/p>\n\n\n\n<p style=\"font-size:17px\"><strong><mark style=\"background-color:rgba(0, 0, 0, 0);color:#666666\" class=\"has-inline-color\">\u0110\u00e1p \u1ee9ng c\u00e1c ti\u00eau chu\u1ea9n ISO1461<\/mark><\/strong><\/p>\n\n\n\n<p class=\"has-text-align-right has-black-color has-text-color\" style=\"font-size:17px\">>> <a href=\"https:\/\/rovalworld.com\/vi\/#gallery\">View B\u1ed9 s\u01b0u t\u1eadp<\/a><\/p>\n\n\n\n<div style=\"height:30px\" aria-hidden=\"true\" class=\"wp-block-spacer\"><\/div>\n\n\n\n<p class=\"has-vivid-cyan-blue-background-color has-text-color has-background\" style=\"color:#ffffff;font-size:21px\"><strong><strong>L\u1edbp ph\u1ee7 sau ho\u00e0n thi\u1ec7n c\u00f3 m\u00e0u gi\u1ed1ng nh\u01b0 m\u1ea1 k\u1ebdm nh\u00fang n\u00f3ng<\/strong>.<\/strong><\/p>\n\n\n<div class=\"wp-block-image\">\n<figure class=\"alignleft size-large is-resized\"><img loading=\"lazy\" decoding=\"async\" width=\"1024\" height=\"684\" src=\"https:\/\/rovalworld.com\/vi\/wp-content\/uploads\/2020\/03\/Pipe-1024x684.jpg\" alt=\"\" class=\"wp-image-85\" style=\"width:600px;height:400px\" srcset=\"https:\/\/rovalworld.com\/vi\/wp-content\/uploads\/2020\/03\/Pipe-1024x684.jpg 1024w, https:\/\/rovalworld.com\/vi\/wp-content\/uploads\/2020\/03\/Pipe-300x200.jpg 300w, https:\/\/rovalworld.com\/vi\/wp-content\/uploads\/2020\/03\/Pipe-768x513.jpg 768w, https:\/\/rovalworld.com\/vi\/wp-content\/uploads\/2020\/03\/Pipe.jpg 1200w\" sizes=\"auto, (max-width: 1024px) 100vw, 1024px\" \/><figcaption class=\"wp-element-caption\"><mark style=\"background-color:rgba(0, 0, 0, 0)\" class=\"has-inline-color has-black-color\">\u1ed0ng th\u00e9p m\u1ea1 k\u1ebdm<\/mark><\/figcaption><\/figure>\n<\/div>\n\n<div class=\"wp-block-image\">\n<figure class=\"alignleft size-large is-resized\"><img loading=\"lazy\" decoding=\"async\" width=\"800\" height=\"600\" src=\"https:\/\/rovalworld.com\/vi\/wp-content\/uploads\/2019\/12\/Noise-barrier.jpg\" alt=\"\" class=\"wp-image-41\" style=\"width:600px;height:450px\" srcset=\"https:\/\/rovalworld.com\/vi\/wp-content\/uploads\/2019\/12\/Noise-barrier.jpg 800w, https:\/\/rovalworld.com\/vi\/wp-content\/uploads\/2019\/12\/Noise-barrier-300x225.jpg 300w, https:\/\/rovalworld.com\/vi\/wp-content\/uploads\/2019\/12\/Noise-barrier-768x576.jpg 768w\" sizes=\"auto, (max-width: 800px) 100vw, 800px\" \/><figcaption class=\"wp-element-caption\"><mark style=\"background-color:rgba(0, 0, 0, 0)\" class=\"has-inline-color has-black-color\">Ch\u0103\u0301n ch\u00f4\u0301ng \u00f4\u0300n \u0111\u01b0\u01a1\u0300ng s\u0103\u0301t<\/mark><\/figcaption><\/figure>\n<\/div>\n\n\n<div style=\"height:30px\" aria-hidden=\"true\" class=\"wp-block-spacer\"><\/div>\n\n\n\n<p class=\"has-vivid-cyan-blue-background-color has-text-color has-background\" style=\"color:#ffffff;font-size:21px\"><strong><strong>D\u1ec5 x\u1eed l\u00fd, lo\u1ea1i ch\u1ea5t l\u1ecfng \u0111\u01a1n&nbsp;&amp; B\u00ecnh x\u1ecbt<\/strong><\/strong><\/p>\n\n\n<div class=\"wp-block-image\">\n<figure class=\"alignleft size-large is-resized\"><img loading=\"lazy\" decoding=\"async\" width=\"800\" height=\"600\" src=\"https:\/\/rovalworld.com\/vi\/wp-content\/uploads\/2020\/02\/S_spraying.jpg\" alt=\"\" class=\"wp-image-58\" style=\"width:600px;height:450px\" srcset=\"https:\/\/rovalworld.com\/vi\/wp-content\/uploads\/2020\/02\/S_spraying.jpg 800w, https:\/\/rovalworld.com\/vi\/wp-content\/uploads\/2020\/02\/S_spraying-300x225.jpg 300w, https:\/\/rovalworld.com\/vi\/wp-content\/uploads\/2020\/02\/S_spraying-768x576.jpg 768w\" sizes=\"auto, (max-width: 800px) 100vw, 800px\" \/><figcaption class=\"wp-element-caption\"><mark style=\"background-color:rgba(0, 0, 0, 0)\" class=\"has-inline-color has-black-color\">Phun ROVAL SILVER<\/mark><\/figcaption><\/figure>\n<\/div>\n\n\n<div style=\"height:20px\" aria-hidden=\"true\" class=\"wp-block-spacer\"><\/div>\n\n\n\n<div style=\"height:30px\" aria-hidden=\"true\" class=\"wp-block-spacer\"><\/div>\n\n\n\n<p class=\"has-vivid-cyan-blue-background-color has-text-color has-background\" style=\"color:#ffffff;font-size:21px\"><strong>S\u1eed d\u1ee5ng ROVAL l\u00e0m l\u1edbp s\u01a1n l\u00f3t \u0111\u1ec3 ch\u1ed1ng \u0103n m\u00f2n t\u1ed1t h\u01a1n.<\/strong><\/p>\n\n\n\n<figure class=\"wp-block-table\"><table><tbody><tr><td class=\"has-text-align-left\" data-align=\"left\"><img loading=\"lazy\" decoding=\"async\" width=\"480\" height=\"224\" class=\"wp-image-1045\" style=\"width: 480px;\" src=\"https:\/\/rovalworld.com\/vi\/wp-content\/uploads\/2020\/09\/RRS_VN.jpg\" alt=\"S\u1eed d\u1ee5ng ROVAL l\u00e0m l\u1edbp s\u01a1n l\u00f3t \u0111\u1ec3 ch\u1ed1ng \u0103n m\u00f2n t\u1ed1t h\u01a1n\" srcset=\"https:\/\/rovalworld.com\/vi\/wp-content\/uploads\/2020\/09\/RRS_VN.jpg 800w, https:\/\/rovalworld.com\/vi\/wp-content\/uploads\/2020\/09\/RRS_VN-300x140.jpg 300w, https:\/\/rovalworld.com\/vi\/wp-content\/uploads\/2020\/09\/RRS_VN-768x358.jpg 768w\" sizes=\"auto, (max-width: 480px) 100vw, 480px\" \/><\/td><td class=\"has-text-align-center\" data-align=\"center\"><img loading=\"lazy\" decoding=\"async\" width=\"75\" height=\"80\" class=\"wp-image-189\" style=\"width: 75px;\" src=\"https:\/\/rovalworld.com\/vi\/wp-content\/uploads\/2020\/05\/RS20kg.jpg\" alt=\"ROVAL SILVER\" srcset=\"https:\/\/rovalworld.com\/vi\/wp-content\/uploads\/2020\/05\/RS20kg.jpg 550w, https:\/\/rovalworld.com\/vi\/wp-content\/uploads\/2020\/05\/RS20kg-280x300.jpg 280w\" sizes=\"auto, (max-width: 75px) 100vw, 75px\" \/><br><br><a href=\"https:\/\/rovalworld.com\/vi\/products\/roval\/\"><img loading=\"lazy\" decoding=\"async\" width=\"75\" height=\"80\" class=\"wp-image-185\" style=\"width: 75px;\" src=\"https:\/\/rovalworld.com\/vi\/wp-content\/uploads\/2020\/05\/R25kg.jpg\" alt=\"ROVAL\" srcset=\"https:\/\/rovalworld.com\/vi\/wp-content\/uploads\/2020\/05\/R25kg.jpg 500w, https:\/\/rovalworld.com\/vi\/wp-content\/uploads\/2020\/05\/R25kg-280x300.jpg 280w\" sizes=\"auto, (max-width: 75px) 100vw, 75px\" \/><\/a><\/td><\/tr><\/tbody><\/table><\/figure>\n\n\n\n<p class=\"has-black-color has-text-color\" style=\"font-size:17px\">\u0110\u1ec3 \u0111\u1ea1t \u0111\u01b0\u1ee3c hi\u1ec7u qu\u1ea3 ch\u1ed1ng r\u1ec9 t\u1ed1t nh\u1ea5t, <a href=\"https:\/\/rovalworld.com\/vi\/products\/roval\/\" title=\"\"><strong><mark style=\"background-color:rgba(0, 0, 0, 0)\" class=\"has-inline-color has-vivid-red-color\">ROVAL (R)<\/mark><\/strong> <\/a>\u0111\u01b0\u1ee3c khuy\u1ebfn kh\u00edch s\u1eed d\u1ee5ng l\u00e0m l\u1edbp s\u01a1n l\u00f3t khi s\u1eed d\u1ee5ng <strong><mark style=\"background-color:rgba(0, 0, 0, 0)\" class=\"has-inline-color has-vivid-cyan-blue-color\">ROVAL SILVER (RS)<\/mark><\/strong> \u0111\u1ec3 x\u1eed l\u00fd tr\u01b0\u1edbc ch\u1ed1ng \u0103n m\u00f2n th\u00e9p, s\u01a1n ph\u1ee7 di\u1ec7n t\u00edch l\u1edbn ho\u1eb7c trong m\u00f4i tr\u01b0\u1eddng \u0103n m\u00f2n nghi\u00eam tr\u1ecdng.<br>N\u1ebfu thi c\u00f4ng <strong><mark style=\"background-color:rgba(0, 0, 0, 0)\" class=\"has-inline-color has-vivid-cyan-blue-color\">ROVAL SILVER<\/mark><\/strong> m\u1ed9t m\u00ecnh m\u00e0 kh\u00f4ng s\u01a1n l\u00f3t, \u0111\u1ed9 d\u00e0y c\u1ee7a m\u00e0ng s\u01a1n ph\u1ea3i l\u1edbn h\u01a1n 80\u03bcm.<\/p>\n\n\n<div class=\"wp-block-image\">\n<figure class=\"alignleft size-large is-resized\"><img loading=\"lazy\" decoding=\"async\" width=\"800\" height=\"600\" src=\"https:\/\/rovalworld.com\/vi\/wp-content\/uploads\/2019\/12\/1st_R.jpg\" alt=\"\" class=\"wp-image-42\" style=\"width:600px;height:450px\" srcset=\"https:\/\/rovalworld.com\/vi\/wp-content\/uploads\/2019\/12\/1st_R.jpg 800w, https:\/\/rovalworld.com\/vi\/wp-content\/uploads\/2019\/12\/1st_R-300x225.jpg 300w, https:\/\/rovalworld.com\/vi\/wp-content\/uploads\/2019\/12\/1st_R-768x576.jpg 768w\" sizes=\"auto, (max-width: 800px) 100vw, 800px\" \/><figcaption class=\"wp-element-caption\"><mark style=\"background-color:rgba(0, 0, 0, 0)\" class=\"has-inline-color has-black-color\">L\u1edbp th\u1ee9 nh\u1ea5t, \u00e1p d\u1ee5ng ROVAL<\/mark><\/figcaption><\/figure>\n<\/div>\n\n<div class=\"wp-block-image\">\n<figure class=\"alignleft size-large is-resized\"><img loading=\"lazy\" decoding=\"async\" width=\"800\" height=\"600\" src=\"https:\/\/rovalworld.com\/vi\/wp-content\/uploads\/2019\/12\/2nd_S.jpg\" alt=\"\" class=\"wp-image-43\" style=\"width:600px;height:450px\" srcset=\"https:\/\/rovalworld.com\/vi\/wp-content\/uploads\/2019\/12\/2nd_S.jpg 800w, https:\/\/rovalworld.com\/vi\/wp-content\/uploads\/2019\/12\/2nd_S-300x225.jpg 300w, https:\/\/rovalworld.com\/vi\/wp-content\/uploads\/2019\/12\/2nd_S-768x576.jpg 768w\" sizes=\"auto, (max-width: 800px) 100vw, 800px\" \/><figcaption class=\"wp-element-caption\"><mark style=\"background-color:rgba(0, 0, 0, 0)\" class=\"has-inline-color has-black-color\">L\u1edbp th\u1ee9 hai, \u00e1p d\u1ee5ng ROVAL SILVER<\/mark><\/figcaption><\/figure>\n<\/div>\n\n\n<div style=\"height:30px\" aria-hidden=\"true\" class=\"wp-block-spacer\"><\/div>\n\n\n\n<p class=\"has-white-color has-vivid-cyan-blue-background-color has-text-color has-background\" style=\"font-size:21px\"><strong>Phong h\u00f3a m\u00e0u c\u1ee7a ROVAL SILVER<\/strong><\/p>\n\n\n\n<p class=\"has-black-color has-text-color\" style=\"font-size:17px\">M\u00e0ng c\u1ee7a ROVAL SILVER phong h\u00f3a gi\u1ed1ng nh\u01b0 v\u1eadt li\u1ec7u m\u1ea1 k\u1ebdm b\u1eb1ng c\u00e1ch ph\u01a1i s\u00e1ng.<br>\u0110\u0103\u0323c \u0111i\u00ea\u0309m na\u0300y giu\u0301p cho nh\u01b0\u0303ng ch\u00f4\u0303 s\u01b0\u0309a ch\u01b0\u0303a kh\u00f4ng bi\u0323 l\u00f4\u0323.<br>\u1ea2nh d\u01b0\u1edbi \u0111\u00e2y cho th\u1ea5y m\u1ed9t t\u1ea5m c\u00f3 l\u1edbp ph\u1ee7 ROVAL SILVER \u1edf n\u1eeda tr\u00ean c\u1ee7a t\u1ea5m m\u1ea1 k\u1ebdm.<\/p>\n\n\n\n<figure class=\"wp-block-table\"><table><tbody><tr><td class=\"has-text-align-center\" data-align=\"center\"><img decoding=\"async\" class=\"wp-image-620\" style=\"width: 150px;\" src=\"https:\/\/rovalworld.com\/vi\/wp-content\/uploads\/2019\/12\/0S.jpg\" alt=\"\"><\/td><td class=\"has-text-align-center\" data-align=\"center\"><img decoding=\"async\" class=\"wp-image-732\" style=\"width: 150px;\" src=\"https:\/\/rovalworld.com\/vi\/wp-content\/uploads\/2020\/02\/3S.jpg\" alt=\"\"><\/td><\/tr><tr><td class=\"has-text-align-center\" data-align=\"center\"><span class=\"has-inline-color has-black-color\">Tr\u01b0\u1edbc khi ph\u01a1i s\u00e1ng<\/span><\/td><td class=\"has-text-align-center\" data-align=\"center\"><span class=\"has-inline-color has-black-color\">Sau 3 th\u00e1ng<\/span><\/td><\/tr><\/tbody><\/table><\/figure>\n\n\n\n<p class=\"has-black-color has-text-color\" style=\"font-size:17px\"> S\u1ef1 thay \u0111\u1ed5i m\u00e0u s\u1eafc b\u00ean ngo\u00e0i th\u00ec kh\u00e1c nhau t\u00f9y thu\u1ed9c v\u00e0o m\u00f4i tr\u01b0\u1eddng.<br><strong><span style=\"color:#ff9933\" class=\"has-inline-color\">S\u1ef1 thay \u0111\u1ed5i m\u00e0u s\u1eafc l\u00e0 b\u1eb1ng ch\u1ee9ng r\u1eb1ng l\u1edbp m\u00e0ng th\u1ef1c hi\u1ec7n b\u1ea3o v\u1ec7 s\u1eaft b\u1eb1ng c\u00e1ch oxy h\u00f3a k\u1ebdm trong l\u1edbp ph\u1ee7.<\/span><\/strong><br>S\u1ef1 thay \u0111\u1ed5i m\u00e0u s\u1eafc n\u00e0y kh\u00f4ng ph\u1ea3i l\u00e0 \u0111i\u1ec1u b\u1ea5t th\u01b0\u1eddng v\u00e0 kh\u00f4ng \u1ea3nh h\u01b0\u1edfng \u0111\u1ebfn hi\u1ec7u qu\u1ea3 ph\u00f2ng ch\u1ed1ng r\u1ec9 s\u00e9t. <\/p>\n\n\n\n<p class=\"has-text-color\" style=\"color:#ff9933;font-size:17px\"><strong>V\u00ed d\u1ee5 v\u1ec1 s\u1ef1 thay \u0111\u1ed5i m\u00e0u:<\/strong><\/p>\n\n\n\n<figure class=\"wp-block-table\"><table><tbody><tr><td class=\"has-text-align-center\" data-align=\"center\"><img loading=\"lazy\" decoding=\"async\" width=\"320\" height=\"240\" class=\"wp-image-1878\" style=\"width: 320px;\" src=\"https:\/\/rovalworld.com\/vi\/wp-content\/uploads\/2021\/11\/parking-RS1.jpg\" alt=\"parking lot RS1\" srcset=\"https:\/\/rovalworld.com\/vi\/wp-content\/uploads\/2021\/11\/parking-RS1.jpg 480w, https:\/\/rovalworld.com\/vi\/wp-content\/uploads\/2021\/11\/parking-RS1-300x225.jpg 300w\" sizes=\"auto, (max-width: 320px) 100vw, 320px\" \/><\/td><td class=\"has-text-align-center\" data-align=\"center\"><img loading=\"lazy\" decoding=\"async\" width=\"320\" height=\"240\" class=\"wp-image-1876\" style=\"width: 320px;\" src=\"https:\/\/rovalworld.com\/vi\/wp-content\/uploads\/2021\/11\/parking-RS2.jpg\" alt=\"parking lot RS2\" srcset=\"https:\/\/rovalworld.com\/vi\/wp-content\/uploads\/2021\/11\/parking-RS2.jpg 1280w, https:\/\/rovalworld.com\/vi\/wp-content\/uploads\/2021\/11\/parking-RS2-300x225.jpg 300w, https:\/\/rovalworld.com\/vi\/wp-content\/uploads\/2021\/11\/parking-RS2-1024x768.jpg 1024w, https:\/\/rovalworld.com\/vi\/wp-content\/uploads\/2021\/11\/parking-RS2-768x576.jpg 768w\" sizes=\"auto, (max-width: 320px) 100vw, 320px\" \/><\/td><\/tr><tr><td class=\"has-text-align-center\" data-align=\"center\"><span class=\"has-inline-color has-black-color\">Ngay sau khi s\u01a1n<\/span><\/td><td class=\"has-text-align-center\" data-align=\"center\"><span class=\"has-inline-color has-black-color\">Sau 3 n\u0103m<\/span><\/td><\/tr><\/tbody><\/table><\/figure>\n\n\n\n<div class=\"wp-block-group\"><div class=\"wp-block-group__inner-container is-layout-flow wp-block-group-is-layout-flow\">\n<figure class=\"wp-block-image size-large\"><img loading=\"lazy\" decoding=\"async\" width=\"800\" height=\"356\" src=\"https:\/\/rovalworld.com\/vi\/wp-content\/uploads\/2020\/08\/cw_RS_vn.jpg\" alt=\"\" class=\"wp-image-880\" srcset=\"https:\/\/rovalworld.com\/vi\/wp-content\/uploads\/2020\/08\/cw_RS_vn.jpg 800w, https:\/\/rovalworld.com\/vi\/wp-content\/uploads\/2020\/08\/cw_RS_vn-300x134.jpg 300w, https:\/\/rovalworld.com\/vi\/wp-content\/uploads\/2020\/08\/cw_RS_vn-768x342.jpg 768w\" sizes=\"auto, (max-width: 800px) 100vw, 800px\" \/><\/figure>\n\n\n\n<p><\/p>\n\n\n\n<p class=\"has-text-align-right\" style=\"font-size:17px\">&gt;&gt; <a href=\"https:\/\/rovalworld.com\/vi\/downloads\/#tech\">Di chuy\u1ec3n \u0111\u1ebfn T\u1ea3i t\u00e0i li\u1ec7u<\/a><\/p>\n\n\n\n<div style=\"height:50px\" aria-hidden=\"true\" class=\"wp-block-spacer\"><\/div>\n\n\n\n<p class=\"has-vivid-cyan-blue-background-color has-text-color has-background\" style=\"color:#ffffff;font-size:21px\"><strong><strong><strong>Do\u0300ng sa\u0309n ph\u00e2\u0309m va\u0300 \u0111\u0103\u0323c \u0111i\u00ea\u0309m ky\u0303 thu\u00e2\u0323t<\/strong><\/strong><\/strong><\/p>\n\n\n\n<figure class=\"wp-block-table is-style-stripes\"><table class=\"has-black-color has-text-color\"><tbody><tr><td>\u0110\u1ed9 d\u00e0y m\u00e0ng film<\/td><td>80\u03bcm (40\u03bcm x 2 l\u1edbp)<\/td><\/tr><tr><td>Di\u00ea\u0323n ti\u0301ch phu\u0309 ly\u0301 thuy\u00ea\u0301t<\/td><td>500g\/m<sup>2<\/sup> (250g x 2 l\u1edbp)<\/td><\/tr><tr><td>Th\u1eddi gian kh\u00f4<\/td><td>30 ph\u00fat (23\u02daC)<\/td><\/tr><tr><td>Kh\u1ea3 n\u0103ng ch\u1ecbu nhi\u1ec7t<\/td><td>170\u02daC<\/td><\/tr><\/tbody><\/table><\/figure>\n\n\n\n<p><strong><mark style=\"background-color:rgba(0, 0, 0, 0);color:#666666\" class=\"has-inline-color\">\u0110\u00e1p \u1ee9ng c\u00e1c ti\u00eau chu\u1ea9n ISO1461<\/mark><\/strong><\/p>\n\n\n\n<figure class=\"wp-block-table is-style-regular\"><table><tbody><tr><td class=\"has-text-align-left\" data-align=\"left\"><img decoding=\"async\" class=\"wp-image-1906\" style=\"width: 50px;\" src=\"https:\/\/rovalworld.com\/wp-content\/uploads\/2020\/05\/RS_spray.jpg\" alt=\"\"><\/td><td><span class=\"has-inline-color has-black-color\"><strong><strong>ROVAL SILVER Zinc Rich Spray 420ml<\/strong><\/strong><\/span><span class=\"has-inline-color has-black-color\"><br><br>Ti\u1ebft di\u1ec7n s\u01a1n: 0.4m<sup>2<\/sup>&nbsp;(2 l\u1edbp)<br>\u0110\u00f3ng g\u00f3i: 24 chai \/ th\u00f9ng<\/span><\/td><\/tr><tr><td class=\"has-text-align-left\" data-align=\"left\"><\/td><td><\/td><\/tr><tr><td class=\"has-text-align-left\" data-align=\"left\"><img loading=\"lazy\" decoding=\"async\" width=\"100\" height=\"88\" class=\"wp-image-1945\" style=\"width: 100px;\" src=\"https:\/\/rovalworld.com\/vi\/wp-content\/uploads\/2022\/02\/RS0.7kg.jpg\" alt=\"ROVAL SILVER 0.7kg\"><\/td><td><span class=\"has-inline-color has-black-color\"><strong>ROVAL SILVER Zinc Rich Compound<\/strong><\/span><br><span class=\"has-inline-color has-black-color\"><strong>0.7kg<\/strong><br><strong><br><\/strong>Ti\u1ebft di\u1ec7n s\u01a1n: 1.4m<sup>2<\/sup>&nbsp;(2 l\u1edbp)<br>\u0110\u00f3ng g\u00f3i: 8 lon \/ th\u00f9ng<\/span> <\/td><\/tr><tr><td class=\"has-text-align-left\" data-align=\"left\"><\/td><td><\/td><\/tr><tr><td class=\"has-text-align-left\" data-align=\"left\"><img decoding=\"async\" class=\"wp-image-1907\" style=\"width: 100px;\" src=\"https:\/\/rovalworld.com\/wp-content\/uploads\/2020\/05\/RS1.5kg.jpg\" alt=\"\"><\/td><td><span class=\"has-inline-color has-black-color\"><strong>ROVAL SILVER Zinc Rich Compound<\/strong><\/span><br><span class=\"has-inline-color has-black-color\"><strong>1.5kg<\/strong><br><strong><br><\/strong>Ti\u1ebft di\u1ec7n s\u01a1n: 3m<sup>2<\/sup>&nbsp;(2 l\u1edbp)<br>\u0110\u00f3ng g\u00f3i: 4 lon \/ th\u00f9ng<\/span><\/td><\/tr><tr><td class=\"has-text-align-left\" data-align=\"left\"><\/td><td><\/td><\/tr><tr><td class=\"has-text-align-left\" data-align=\"left\"><img decoding=\"async\" class=\"wp-image-1908\" style=\"width: 160px;\" src=\"https:\/\/rovalworld.com\/wp-content\/uploads\/2020\/05\/RS7kg.jpg\" alt=\"\"><\/td><td><span class=\"has-inline-color has-black-color\"><strong>ROVAL SILVER Zinc Rich Compound<\/strong><\/span><br><span class=\"has-inline-color has-black-color\"><strong>7kg<\/strong><br><strong> <\/strong><br>Ti\u1ebft di\u1ec7n s\u01a1n: 14m<sup>2<\/sup>&nbsp;(2 l\u1edbp)<br>\u0110\u00f3ng g\u00f3i: 1 lon<\/span><\/td><\/tr><tr><td class=\"has-text-align-left\" data-align=\"left\"><\/td><td><\/td><\/tr><tr><td class=\"has-text-align-left\" data-align=\"left\"><img decoding=\"async\" class=\"wp-image-1909\" style=\"width: 275px;\" src=\"https:\/\/rovalworld.com\/wp-content\/uploads\/2020\/05\/RS20kg.jpg\" alt=\"\"><\/td><td><span class=\"has-inline-color has-black-color\"><strong>ROVAL SILVER Zinc Rich Compound<\/strong><\/span><br><span class=\"has-inline-color has-black-color\"><strong>20kg<\/strong><br><br>Ti\u1ebft di\u1ec7n s\u01a1n: 40m<sup>2<\/sup>&nbsp;(2 l\u1edbp)<br>\u0110\u00f3ng g\u00f3i: 1 Thu\u0300ng<\/span><\/td><\/tr><tr><td class=\"has-text-align-left\" data-align=\"left\"><\/td><td><\/td><\/tr><tr><td class=\"has-text-align-left\" data-align=\"left\"><img loading=\"lazy\" decoding=\"async\" width=\"275\" height=\"322\" class=\"wp-image-2185\" style=\"width: 275px;\" src=\"https:\/\/rovalworld.com\/vi\/wp-content\/uploads\/2023\/03\/Thinner_R.jpg\" alt=\"ROVAL Thinner\" srcset=\"https:\/\/rovalworld.com\/vi\/wp-content\/uploads\/2023\/03\/Thinner_R.jpg 600w, https:\/\/rovalworld.com\/vi\/wp-content\/uploads\/2023\/03\/Thinner_R-256x300.jpg 256w\" sizes=\"auto, (max-width: 275px) 100vw, 275px\" \/><\/td><td><strong>Dung m\u00f4i ROVAL<\/strong><mark style=\"background-color:rgba(0, 0, 0, 0)\" class=\"has-inline-color has-black-color\"><strong><br><br>ROVAL THINNER <\/strong><\/mark><mark style=\"background-color:rgba(0, 0, 0, 0)\" class=\"has-inline-color has-black-color\"><strong>0.8kg<\/strong><br>\u0110\u00f3ng g\u00f3i: 4 lon \/ th\u00f9ng<br><strong><br>ROVAL THINNER <\/strong><\/mark><mark style=\"background-color:rgba(0, 0, 0, 0)\" class=\"has-inline-color has-black-color\"><strong>14kg<\/strong><br>\u0110\u00f3ng g\u00f3i: 1 Thu\u0300ng<\/mark><\/td><\/tr><\/tbody><\/table><\/figure>\n<\/div><\/div>\n\n\n\n<div class=\"wp-block-buttons is-horizontal is-content-justification-center is-layout-flex wp-container-core-buttons-is-layout-499968f5 wp-block-buttons-is-layout-flex\">\n<div class=\"wp-block-button\"><a class=\"wp-block-button__link has-white-color has-vivid-cyan-blue-background-color has-text-color has-background wp-element-button\" href=\"https:\/\/rovalworld.com\/vi\/how-to-use\/\"><strong><span class=\"has-inline-color has-white-color\">C\u00e1ch s\u1eed d\u1ee5ng<\/span><\/strong><\/a><\/div>\n<\/div>\n","protected":false},"excerpt":{"rendered":"<p>ROVAL SILVER Zinc Rich Compound S\u01a1n gi\u00e0u k\u1ebdm m\u00e0u b\u1ea1c Th\u00edch h\u1ee3p \u0111\u1ec3 s\u1eeda ch\u1eefa c\u00e1c b\u1ec1 m\u1eb7t m\u1ea1 c\u0169 ho\u1eb7c l\u00e0m l\u1edbp ph\u1ee7 tr\u00ean c\u00f9ng cho M\u1ea1 l\u1ea1nh ROVAL. &#8230;<\/p>\n","protected":false},"author":1,"featured_media":0,"parent":335,"menu_order":2,"comment_status":"closed","ping_status":"closed","template":"","meta":{"footnotes":""},"class_list":["post-352","page","type-page","status-publish","hentry"],"aioseo_notices":[],"_links":{"self":[{"href":"https:\/\/rovalworld.com\/vi\/wp-json\/wp\/v2\/pages\/352","targetHints":{"allow":["GET"]}}],"collection":[{"href":"https:\/\/rovalworld.com\/vi\/wp-json\/wp\/v2\/pages"}],"about":[{"href":"https:\/\/rovalworld.com\/vi\/wp-json\/wp\/v2\/types\/page"}],"author":[{"embeddable":true,"href":"https:\/\/rovalworld.com\/vi\/wp-json\/wp\/v2\/users\/1"}],"replies":[{"embeddable":true,"href":"https:\/\/rovalworld.com\/vi\/wp-json\/wp\/v2\/comments?post=352"}],"version-history":[{"count":70,"href":"https:\/\/rovalworld.com\/vi\/wp-json\/wp\/v2\/pages\/352\/revisions"}],"predecessor-version":[{"id":2397,"href":"https:\/\/rovalworld.com\/vi\/wp-json\/wp\/v2\/pages\/352\/revisions\/2397"}],"up":[{"embeddable":true,"href":"https:\/\/rovalworld.com\/vi\/wp-json\/wp\/v2\/pages\/335"}],"wp:attachment":[{"href":"https:\/\/rovalworld.com\/vi\/wp-json\/wp\/v2\/media?parent=352"}],"curies":[{"name":"wp","href":"https:\/\/api.w.org\/{rel}","templated":true}]}}