{"id":357,"date":"2019-11-21T17:04:35","date_gmt":"2019-11-21T08:04:35","guid":{"rendered":"https:\/\/rovalworld.com\/vi\/products\/roval\/"},"modified":"2024-11-07T11:11:05","modified_gmt":"2024-11-07T02:11:05","slug":"roval","status":"publish","type":"page","link":"https:\/\/rovalworld.com\/vi\/products\/roval\/","title":{"rendered":"ROVAL"},"content":{"rendered":"\n<h2 class=\"wp-block-heading has-text-color\" style=\"color:#dd3333\"><strong>ROVAL Cold Galvanizing Compound<\/strong><\/h2>\n\n\n\n<h3 class=\"wp-block-heading has-text-color\" style=\"color:#dd3333\"><strong>M\u1ea1 k\u1ebdm l\u1ea1nh<\/strong><\/h3>\n\n\n\n<figure class=\"wp-block-image size-large\"><img decoding=\"async\" src=\"https:\/\/rovalworld.com\/wp-content\/uploads\/2020\/05\/R_group96-1024x576.jpg\" alt=\"\" class=\"wp-image-2325\"\/><\/figure>\n\n\n\n<h3 class=\"wp-block-heading has-black-color has-text-color\"><strong>M\u1ea1 b\u1eb1ng s\u01a1n<\/strong>.<br><strong>Hi\u1ec7u qu\u1ea3 ch\u1ed1ng \u0103n m\u00f2n t\u01b0\u01a1ng \u0111\u01b0\u01a1ng v\u1edbi m\u1ea1 k\u1ebdm nh\u00fang n\u00f3ng<\/strong>.<\/h3>\n\n\n\n<p class=\"has-black-color has-text-color\" style=\"font-size:17px\"><strong><span style=\"color:#dd3333\" class=\"has-inline-color\">ROVAL Cold Galvanizing Compound<\/span><\/strong> l\u00e0 lo\u1ea1i s\u01a1n c\u00f3 th\u00e0nh ph\u1ea7n b\u1ed9t k\u1ebdm chi\u1ebfm 96%.<br>V\u00ec \u0111\u01b0\u1ee3c \u0111\u00f3ng g\u00f3i s\u1eb5n t\u1eebng g\u00f3i, n\u00ean kh\u00f4ng c\u1ea7n ph\u1ea3i tr\u1ed9n hay s\u1eed d\u1ee5ng th\u00eam s\u01a1n l\u00f3t ho\u1eb7c s\u01a1n ph\u1ee7.<br>R\u1ea5t d\u1ec5 s\u1eed d\u1ee5ng v\u00e0 c\u00f3 th\u1ec3 s\u01a1n tr\u1ef1c ti\u1ebfp l\u00ean b\u1ec1 m\u1eb7t l\u1edbp m\u1ea1 k\u1ebdm ho\u1eb7c b\u1ec1 m\u1eb7t s\u1eaft th\u00e9p.<br>ROVAL k\u00ea\u0301t h\u01a1\u0323p s\u01b0\u0323 \u01b0u vi\u00ea\u0323t cu\u0309a ph\u01b0\u01a1ng pha\u0301p ma\u0323 ke\u0303m nhu\u0301ng no\u0301ng va\u0300 s\u01b0\u0323 \u0111\u01a1n gia\u0309n ti\u00ea\u0323n l\u01a1\u0323i cu\u0309a ph\u01b0\u01a1ng pha\u0301p s\u01a1n. V\u00ec ROVAL \u0111\u01b0\u1ee3c \u00e1p d\u1ee5ng \u1edf nhi\u1ec7t \u0111\u1ed9 th\u01b0\u1eddng, n\u00ean ch\u00fang t\u00f4i g\u1ecdi \u0111\u00e2y l\u00e0 <strong>\u201c<span style=\"color:#dd3333\" class=\"has-inline-color\">M\u1ea1 k\u1ebdm l\u1ea1nh<\/span>\u201d<\/strong><\/p>\n\n\n\n<p style=\"font-size:17px\"><strong><mark style=\"background-color:rgba(0, 0, 0, 0);color:#666666\" class=\"has-inline-color\">\u0110\u00e1p \u1ee9ng c\u00e1c ti\u00eau chu\u1ea9n ASTM A780, ISO1461<\/mark><\/strong><\/p>\n\n\n\n<p class=\"has-text-align-right has-black-color has-text-color\" style=\"font-size:17px\">>> <a href=\"https:\/\/rovalworld.com\/vi\/#gallery\">View B\u1ed9 s\u01b0u t\u1eadp<\/a><\/p>\n\n\n\n<div style=\"height:30px\" aria-hidden=\"true\" class=\"wp-block-spacer\"><\/div>\n\n\n\n<p class=\"has-text-color has-background\" style=\"color:#ffffff;background-color:#dd3333;font-size:21px\"><strong>Kh\u00f4ng r\u1ec9 s\u00e9t h\u01a1n 20 n\u0103m!<\/strong><\/p>\n\n\n<div class=\"wp-block-image\">\n<figure class=\"alignleft size-large is-resized\"><img decoding=\"async\" src=\"https:\/\/rovalworld.com\/wp-content\/uploads\/2019\/12\/recycle_plaza.jpg\" alt=\"\" class=\"wp-image-550\" style=\"width:600px;height:450px\"\/><figcaption class=\"wp-element-caption\"><mark style=\"background-color:rgba(0, 0, 0, 0)\" class=\"has-inline-color has-black-color\">Trung t\u00e2m ta\u0301i ch\u00ea\u0301<\/mark><\/figcaption><\/figure>\n<\/div>\n\n<div class=\"wp-block-image\">\n<figure class=\"alignleft size-large is-resized\"><img decoding=\"async\" src=\"https:\/\/rovalworld.com\/wp-content\/uploads\/2019\/12\/prevention_fence.jpg\" alt=\"\" class=\"wp-image-578\" style=\"width:600px;height:450px\"\/><figcaption class=\"wp-element-caption\"><mark style=\"background-color:rgba(0, 0, 0, 0)\" class=\"has-inline-color has-black-color\">  H\u00e0ng r\u00e0o ng\u0103n \u0111\u00e1 l\u1edf <\/mark><\/figcaption><\/figure>\n<\/div>\n\n\n<div style=\"height:30px\" aria-hidden=\"true\" class=\"wp-block-spacer\"><\/div>\n\n\n\n<p class=\"has-text-color has-background\" style=\"color:#ffffff;background-color:#dd3333;font-size:21px\"><strong>D\u1ec5 x\u1eed l\u00fd, lo\u1ea1i ch\u1ea5t l\u1ecfng \u0111\u01a1n <\/strong> <strong>&amp; B\u00ecnh x\u1ecbt<\/strong><\/p>\n\n\n<div class=\"wp-block-image\">\n<figure class=\"alignleft size-large is-resized\"><img decoding=\"async\" src=\"https:\/\/rovalworld.com\/wp-content\/uploads\/2020\/04\/R_spray.jpg\" alt=\"\" class=\"wp-image-984\" style=\"width:600px;height:450px\"\/><figcaption class=\"wp-element-caption\"><mark style=\"background-color:rgba(0, 0, 0, 0)\" class=\"has-inline-color has-black-color\">Phun ROVAL<\/mark><\/figcaption><\/figure>\n<\/div>\n\n<div class=\"wp-block-image\">\n<figure class=\"alignleft size-large is-resized\"><img decoding=\"async\" src=\"https:\/\/rovalworld.com\/wp-content\/uploads\/2019\/12\/R_brush.jpg\" alt=\"\" class=\"wp-image-523\" style=\"width:600px;height:450px\"\/><figcaption class=\"wp-element-caption\"><mark style=\"background-color:rgba(0, 0, 0, 0)\" class=\"has-inline-color has-black-color\"> \u00c1p d\u1ee5ng ROVAL b\u1eb1ng c\u1ecd<\/mark><\/figcaption><\/figure>\n<\/div>\n\n\n<div style=\"height:30px\" aria-hidden=\"true\" class=\"wp-block-spacer\"><\/div>\n\n\n\n<p class=\"has-text-color has-background\" style=\"color:#ffffff;background-color:#dd3333;font-size:21px\"><strong>\u1ea2nh m\u1eb7t c\u1eaft c\u1ee7a l\u1edbp ph\u1ee7 ROVAL (x1000)<\/strong><\/p>\n\n\n\n<p class=\"has-very-dark-gray-color has-text-color has-normal-font-size\"><img loading=\"lazy\" decoding=\"async\" width=\"480\" height=\"287\" class=\"wp-image-885\" style=\"width: 480px;\" src=\"https:\/\/rovalworld.com\/vi\/wp-content\/uploads\/2020\/08\/R_film_vn.jpg\" alt=\"\" srcset=\"https:\/\/rovalworld.com\/vi\/wp-content\/uploads\/2020\/08\/R_film_vn.jpg 480w, https:\/\/rovalworld.com\/vi\/wp-content\/uploads\/2020\/08\/R_film_vn-300x179.jpg 300w\" sizes=\"auto, (max-width: 480px) 100vw, 480px\" \/><br><\/p>\n\n\n\n<p class=\"has-black-color has-text-color\" style=\"font-size:17px\">\u0110\u00e2y l\u00e0 h\u00ecnh \u1ea3nh m\u1eb7t c\u1eaft c\u1ee7a m\u00e0ng ph\u1ee7 \u0111\u01b0\u1ee3c ph\u00f3ng \u0111\u1ea1i 1000 l\u1ea7n. H\u1ea7u h\u1ebft c\u00e1c m\u00e0ng ph\u1ee7 \u0111\u01b0\u1ee3c chi\u1ebfm b\u1edfi b\u1ed9t k\u1ebdm. ROVAL l\u00e0 lo\u1ea1i s\u01a1n c\u00f3 th\u1ec3 t\u1eadn d\u1ee5ng t\u1ed1i \u0111a kh\u1ea3 n\u0103ng ch\u1ed1ng \u0103n m\u00f2n c\u1ee7a k\u1ebdm.<\/p>\n\n\n\n<div style=\"height:30px\" aria-hidden=\"true\" class=\"wp-block-spacer\"><\/div>\n\n\n\n<p class=\"has-text-color has-background\" style=\"color:#ffffff;background-color:#dd3333;font-size:21px\"><strong><strong>Phong h\u00f3a m\u00e0u c\u1ee7a<\/strong> ROVAL<\/strong><\/p>\n\n\n\n<p class=\"has-black-color has-text-color\" style=\"font-size:17px\">M\u00e0ng c\u1ee7a ROVAL phong h\u00f3a gi\u1ed1ng nh\u01b0 v\u1eadt li\u1ec7u m\u1ea1 k\u1ebdm b\u1eb1ng c\u00e1ch ph\u01a1i s\u00e1ng.<br>\u0110\u0103\u0323c \u0111i\u00ea\u0309m na\u0300y giu\u0301p cho nh\u01b0\u0303ng ch\u00f4\u0303 s\u01b0\u0309a ch\u01b0\u0303a kh\u00f4ng bi\u0323 l\u00f4\u0323.<br>\u1ea2nh d\u01b0\u1edbi \u0111\u00e2y cho th\u1ea5y m\u1ed9t t\u1ea5m c\u00f3 l\u1edbp ph\u1ee7 ROVAL \u1edf n\u1eeda tr\u00ean c\u1ee7a t\u1ea5m m\u1ea1 k\u1ebdm.<\/p>\n\n\n\n<figure class=\"wp-block-table\"><table><tbody><tr><td class=\"has-text-align-center\" data-align=\"center\"><img decoding=\"async\" class=\"wp-image-1187\" style=\"width: 150px;\" src=\"https:\/\/rovalworld.com\/wp-content\/uploads\/2020\/04\/0R.jpg\" alt=\"\"><\/td><td class=\"has-text-align-center\" data-align=\"center\"><img decoding=\"async\" class=\"wp-image-1192\" style=\"width: 150px;\" src=\"https:\/\/rovalworld.com\/wp-content\/uploads\/2020\/04\/3R.jpg\" alt=\"\"><\/td><\/tr><tr><td class=\"has-text-align-center\" data-align=\"center\"><span class=\"has-inline-color has-black-color\">Tr\u01b0\u1edbc khi ph\u01a1i s\u00e1ng<\/span><\/td><td class=\"has-text-align-center\" data-align=\"center\"><span class=\"has-inline-color has-black-color\">Sau 3 th\u00e1ng<\/span><\/td><\/tr><\/tbody><\/table><\/figure>\n\n\n\n<p class=\"has-black-color has-text-color\" style=\"font-size:17px\">S\u1ef1 thay \u0111\u1ed5i m\u00e0u s\u1eafc b\u00ean ngo\u00e0i th\u00ec kh\u00e1c nhau t\u00f9y thu\u1ed9c v\u00e0o m\u00f4i tr\u01b0\u1eddng.<br><strong><span style=\"color:#ff9933\" class=\"has-inline-color\">S\u1ef1 thay \u0111\u1ed5i m\u00e0u s\u1eafc l\u00e0 b\u1eb1ng ch\u1ee9ng r\u1eb1ng l\u1edbp m\u00e0ng th\u1ef1c hi\u1ec7n b\u1ea3o v\u1ec7 s\u1eaft b\u1eb1ng c\u00e1ch oxy h\u00f3a k\u1ebdm trong l\u1edbp ph\u1ee7.<\/span><\/strong><br>S\u1ef1 thay \u0111\u1ed5i m\u00e0u s\u1eafc n\u00e0y kh\u00f4ng ph\u1ea3i l\u00e0 \u0111i\u1ec1u b\u1ea5t th\u01b0\u1eddng v\u00e0 kh\u00f4ng \u1ea3nh h\u01b0\u1edfng \u0111\u1ebfn hi\u1ec7u qu\u1ea3 ph\u00f2ng ch\u1ed1ng r\u1ec9 s\u00e9t.<\/p>\n\n\n\n<p class=\"has-text-color\" style=\"color:#ff9933;font-size:17px\"><strong>V\u00ed d\u1ee5 v\u1ec1 s\u1ef1 thay \u0111\u1ed5i m\u00e0u b\u00ecnh th\u01b0\u1eddng:<\/strong><\/p>\n\n\n\n<figure class=\"wp-block-table\"><table><tbody><tr><td class=\"has-text-align-center\" data-align=\"center\"><img loading=\"lazy\" decoding=\"async\" width=\"320\" height=\"240\" class=\"wp-image-1865\" style=\"width: 320px;\" src=\"https:\/\/rovalworld.com\/vi\/wp-content\/uploads\/2021\/11\/Landing-0month.jpg\" alt=\"Landing 0 month\" srcset=\"https:\/\/rovalworld.com\/vi\/wp-content\/uploads\/2021\/11\/Landing-0month.jpg 1280w, https:\/\/rovalworld.com\/vi\/wp-content\/uploads\/2021\/11\/Landing-0month-300x225.jpg 300w, https:\/\/rovalworld.com\/vi\/wp-content\/uploads\/2021\/11\/Landing-0month-1024x768.jpg 1024w, https:\/\/rovalworld.com\/vi\/wp-content\/uploads\/2021\/11\/Landing-0month-768x576.jpg 768w\" sizes=\"auto, (max-width: 320px) 100vw, 320px\" \/><\/td><td class=\"has-text-align-center\" data-align=\"center\"><img loading=\"lazy\" decoding=\"async\" width=\"320\" height=\"240\" class=\"wp-image-1936\" style=\"width: 320px;\" src=\"https:\/\/rovalworld.com\/vi\/wp-content\/uploads\/2022\/01\/Landing-3months.jpg\" alt=\"Stair Landing 3 months\" srcset=\"https:\/\/rovalworld.com\/vi\/wp-content\/uploads\/2022\/01\/Landing-3months.jpg 1280w, https:\/\/rovalworld.com\/vi\/wp-content\/uploads\/2022\/01\/Landing-3months-300x225.jpg 300w, https:\/\/rovalworld.com\/vi\/wp-content\/uploads\/2022\/01\/Landing-3months-1024x768.jpg 1024w, https:\/\/rovalworld.com\/vi\/wp-content\/uploads\/2022\/01\/Landing-3months-768x576.jpg 768w\" sizes=\"auto, (max-width: 320px) 100vw, 320px\" \/><\/td><\/tr><tr><td class=\"has-text-align-center\" data-align=\"center\"><span class=\"has-inline-color has-black-color\">Ngay sau khi s\u01a1n<\/span><\/td><td class=\"has-text-align-center\" data-align=\"center\"><span class=\"has-inline-color has-black-color\">Sau 3 th\u00e1ng<\/span><\/td><\/tr><\/tbody><\/table><\/figure>\n\n\n\n<p style=\"font-size:17px\"><strong>V\u00ed d\u1ee5 v\u1ec1 s\u1ef1 thay \u0111\u1ed5i m\u00e0u nghi\u00eam tr\u1ecdng<\/strong><\/p>\n\n\n\n<figure class=\"wp-block-table\"><table><tbody><tr><td class=\"has-text-align-center\" data-align=\"center\"><img loading=\"lazy\" decoding=\"async\" width=\"320\" height=\"240\" class=\"wp-image-1868\" style=\"width: 320px;\" src=\"https:\/\/rovalworld.com\/vi\/wp-content\/uploads\/2021\/11\/severe-clolor-change1.jpg\" alt=\"severe clolor change1\" srcset=\"https:\/\/rovalworld.com\/vi\/wp-content\/uploads\/2021\/11\/severe-clolor-change1.jpg 1280w, https:\/\/rovalworld.com\/vi\/wp-content\/uploads\/2021\/11\/severe-clolor-change1-300x225.jpg 300w, https:\/\/rovalworld.com\/vi\/wp-content\/uploads\/2021\/11\/severe-clolor-change1-1024x768.jpg 1024w, https:\/\/rovalworld.com\/vi\/wp-content\/uploads\/2021\/11\/severe-clolor-change1-768x576.jpg 768w\" sizes=\"auto, (max-width: 320px) 100vw, 320px\" \/><\/td><td class=\"has-text-align-center\" data-align=\"center\"><img loading=\"lazy\" decoding=\"async\" width=\"320\" height=\"240\" class=\"wp-image-1867\" style=\"width: 320px;\" src=\"https:\/\/rovalworld.com\/vi\/wp-content\/uploads\/2021\/11\/sever-color-change2.jpg\" alt=\"severe color change2\" srcset=\"https:\/\/rovalworld.com\/vi\/wp-content\/uploads\/2021\/11\/sever-color-change2.jpg 1280w, https:\/\/rovalworld.com\/vi\/wp-content\/uploads\/2021\/11\/sever-color-change2-300x225.jpg 300w, https:\/\/rovalworld.com\/vi\/wp-content\/uploads\/2021\/11\/sever-color-change2-1024x768.jpg 1024w, https:\/\/rovalworld.com\/vi\/wp-content\/uploads\/2021\/11\/sever-color-change2-768x576.jpg 768w\" sizes=\"auto, (max-width: 320px) 100vw, 320px\" \/><\/td><\/tr><tr><td class=\"has-text-align-center\" data-align=\"center\"><span class=\"has-inline-color has-black-color\">Th\u1ec1m ngh\u1ec9 c\u1ea7u thang<\/span><\/td><td class=\"has-text-align-center\" data-align=\"center\"><span class=\"has-inline-color has-black-color\">B\u00e3i \u0111\u1eadu xe c\u01a1 kh\u00ed<\/span><\/td><\/tr><tr><td class=\"has-text-align-center\" data-align=\"center\"><img loading=\"lazy\" decoding=\"async\" width=\"320\" height=\"180\" class=\"wp-image-1915\" style=\"width: 320px;\" src=\"https:\/\/rovalworld.com\/vi\/wp-content\/uploads\/2021\/12\/severe-color-change3.jpg\" alt=\"severe color change3\" srcset=\"https:\/\/rovalworld.com\/vi\/wp-content\/uploads\/2021\/12\/severe-color-change3.jpg 800w, https:\/\/rovalworld.com\/vi\/wp-content\/uploads\/2021\/12\/severe-color-change3-300x169.jpg 300w, https:\/\/rovalworld.com\/vi\/wp-content\/uploads\/2021\/12\/severe-color-change3-768x432.jpg 768w\" sizes=\"auto, (max-width: 320px) 100vw, 320px\" \/><\/td><td class=\"has-text-align-center\" data-align=\"center\"><img loading=\"lazy\" decoding=\"async\" width=\"320\" height=\"180\" class=\"wp-image-1926\" style=\"width: 320px;\" src=\"https:\/\/rovalworld.com\/vi\/wp-content\/uploads\/2022\/01\/severe-color-change4.jpg\" alt=\"severe color change4\" srcset=\"https:\/\/rovalworld.com\/vi\/wp-content\/uploads\/2022\/01\/severe-color-change4.jpg 1200w, https:\/\/rovalworld.com\/vi\/wp-content\/uploads\/2022\/01\/severe-color-change4-300x169.jpg 300w, https:\/\/rovalworld.com\/vi\/wp-content\/uploads\/2022\/01\/severe-color-change4-1024x576.jpg 1024w, https:\/\/rovalworld.com\/vi\/wp-content\/uploads\/2022\/01\/severe-color-change4-768x432.jpg 768w\" sizes=\"auto, (max-width: 320px) 100vw, 320px\" \/><\/td><\/tr><tr><td class=\"has-text-align-center\" data-align=\"center\"><span class=\"has-inline-color has-black-color\">Khung th\u00e9p<\/span><\/td><td class=\"has-text-align-center\" data-align=\"center\"><span class=\"has-inline-color has-black-color\">C\u1ea7u thang<\/span><\/td><\/tr><\/tbody><\/table><\/figure>\n\n\n\n<figure class=\"wp-block-image size-large\"><img loading=\"lazy\" decoding=\"async\" width=\"800\" height=\"356\" src=\"https:\/\/rovalworld.com\/vi\/wp-content\/uploads\/2020\/08\/cw_R_vn.jpg\" alt=\"\" class=\"wp-image-879\" srcset=\"https:\/\/rovalworld.com\/vi\/wp-content\/uploads\/2020\/08\/cw_R_vn.jpg 800w, https:\/\/rovalworld.com\/vi\/wp-content\/uploads\/2020\/08\/cw_R_vn-300x134.jpg 300w, https:\/\/rovalworld.com\/vi\/wp-content\/uploads\/2020\/08\/cw_R_vn-768x342.jpg 768w\" sizes=\"auto, (max-width: 800px) 100vw, 800px\" \/><\/figure>\n\n\n\n<p><\/p>\n\n\n\n<p class=\"has-text-align-right\" style=\"font-size:17px\">&gt;&gt; <a href=\"https:\/\/rovalworld.com\/vi\/downloads\/#tech\">Di chuy\u1ec3n \u0111\u1ebfn T\u1ea3i t\u00e0i li\u1ec7u<\/a><\/p>\n\n\n\n<div style=\"height:50px\" aria-hidden=\"true\" class=\"wp-block-spacer\"><\/div>\n\n\n\n<div class=\"wp-block-group\"><div class=\"wp-block-group__inner-container is-layout-flow wp-block-group-is-layout-flow\">\n<p class=\"has-text-color has-background\" style=\"color:#ffffff;background-color:#dd3333;font-size:21px\"><strong><strong>Do\u0300ng sa\u0309n ph\u00e2\u0309m va\u0300 \u0111\u0103\u0323c \u0111i\u00ea\u0309m ky\u0303 thu\u00e2\u0323t<\/strong><\/strong><\/p>\n\n\n\n<figure class=\"wp-block-table is-style-stripes\"><table class=\"has-black-color has-text-color\"><tbody><tr><td>\u0110\u1ed9 d\u00e0y m\u00e0ng film<\/td><td>80\u03bcm (40\u03bcm x 2 l\u1edbp)<\/td><\/tr><tr><td>Di\u00ea\u0323n ti\u0301ch phu\u0309 ly\u0301 thuy\u00ea\u0301t<\/td><td>500g\/m<sup>2<\/sup> (250g x 2 l\u1edbp)<\/td><\/tr><tr><td>Th\u1eddi gian kh\u00f4<\/td><td>30 ph\u00fat (23\u02daC)<\/td><\/tr><tr><td>Kh\u1ea3 n\u0103ng ch\u1ecbu nhi\u1ec7t<\/td><td>170\u02daC<\/td><\/tr><\/tbody><\/table><\/figure>\n\n\n\n<p><strong><mark style=\"background-color:rgba(0, 0, 0, 0);color:#666666\" class=\"has-inline-color\">\u0110\u00e1p \u1ee9ng c\u00e1c ti\u00eau chu\u1ea9n ASTM A780, ISO1461<\/mark><\/strong><\/p>\n\n\n\n<figure class=\"wp-block-table is-style-regular\"><table><tbody><tr><td class=\"has-text-align-left\" data-align=\"left\"><img decoding=\"async\" class=\"wp-image-1900\" style=\"width: 50px;\" src=\"https:\/\/rovalworld.com\/wp-content\/uploads\/2020\/05\/R_spray.jpg\" alt=\"\"><\/td><td><span class=\"has-inline-color has-black-color\"><strong><strong>ROVAL Cold Galvanizing Spray 420ml<\/strong><\/strong><\/span><br><span class=\"has-inline-color has-black-color\"><br>Ti\u1ebft di\u1ec7n s\u01a1n: 0.5m<sup>2<\/sup> (2 l\u1edbp)<br>\u0110\u00f3ng g\u00f3i: 24 chai \/ th\u00f9ng<\/span><\/td><\/tr><tr><td class=\"has-text-align-left\" data-align=\"left\"><\/td><td><\/td><\/tr><tr><td class=\"has-text-align-left\" data-align=\"left\"><img loading=\"lazy\" decoding=\"async\" width=\"100\" height=\"88\" class=\"wp-image-1942\" style=\"width: 100px;\" src=\"https:\/\/rovalworld.com\/vi\/wp-content\/uploads\/2022\/02\/R1kg.jpg\" alt=\"ROVAL 1kg\"><\/td><td><span class=\"has-inline-color has-black-color\"><strong>ROVAL Cold Galvanizing Compound<br>1kg<\/strong><br><br>Ti\u1ebft di\u1ec7n s\u01a1n: 2m<sup>2<\/sup> (2 l\u1edbp) <br>\u0110\u00f3ng g\u00f3i: 8 lon \/ th\u00f9ng<\/span> <\/td><\/tr><tr><td class=\"has-text-align-left\" data-align=\"left\"><\/td><td><\/td><\/tr><tr><td class=\"has-text-align-left\" data-align=\"left\"><img decoding=\"async\" class=\"wp-image-1901\" style=\"width: 100px;\" src=\"https:\/\/rovalworld.com\/wp-content\/uploads\/2020\/05\/R2.5kg.jpg\" alt=\"\"><\/td><td><span class=\"has-inline-color has-black-color\"><strong>ROVAL Cold Galvanizing Compound<br>2.5kg<\/strong><br><br>Ti\u1ebft di\u1ec7n s\u01a1n: 5m<sup>2<\/sup> (2 l\u1edbp) <br>\u0110\u00f3ng g\u00f3i: 4 lon \/ th\u00f9ng<\/span><\/td><\/tr><tr><td class=\"has-text-align-left\" data-align=\"left\"><\/td><td><\/td><\/tr><tr><td class=\"has-text-align-left\" data-align=\"left\"><img decoding=\"async\" class=\"wp-image-1902\" style=\"width: 160px;\" src=\"https:\/\/rovalworld.com\/wp-content\/uploads\/2020\/05\/R10kg.jpg\" alt=\"\"><\/td><td><span class=\"has-inline-color has-black-color\"><strong>ROVAL Cold Galvanizing Compound<\/strong><\/span><br><span class=\"has-inline-color has-black-color\"><strong>10kg<\/strong><br><strong> <\/strong><br>Ti\u1ebft di\u1ec7n s\u01a1n: 20m<sup>2<\/sup> (2 l\u1edbp)  <br>\u0110\u00f3ng g\u00f3i: 1 lon<\/span><\/td><\/tr><tr><td class=\"has-text-align-left\" data-align=\"left\"><\/td><td><\/td><\/tr><tr><td class=\"has-text-align-left\" data-align=\"left\"><img decoding=\"async\" class=\"wp-image-1903\" style=\"width: 275px;\" src=\"https:\/\/rovalworld.com\/wp-content\/uploads\/2020\/05\/R25kg.jpg\" alt=\"\"><\/td><td><span class=\"has-inline-color has-black-color\"><strong>ROVAL Cold Galvanizing Compound<\/strong><\/span><br><span class=\"has-inline-color has-black-color\"><strong>25kg<\/strong><br><br>Ti\u1ebft di\u1ec7n s\u01a1n: 50m<sup>2<\/sup> (2 l\u1edbp) <br>\u0110\u00f3ng g\u00f3i: 1 Thu\u0300ng<\/span><\/td><\/tr><tr><td class=\"has-text-align-left\" data-align=\"left\"><\/td><td><\/td><\/tr><tr><td class=\"has-text-align-left\" data-align=\"left\"><img loading=\"lazy\" decoding=\"async\" width=\"275\" height=\"322\" class=\"wp-image-2185\" style=\"width: 275px;\" src=\"https:\/\/rovalworld.com\/vi\/wp-content\/uploads\/2023\/03\/Thinner_R.jpg\" alt=\"ROVAL Thinner\" srcset=\"https:\/\/rovalworld.com\/vi\/wp-content\/uploads\/2023\/03\/Thinner_R.jpg 600w, https:\/\/rovalworld.com\/vi\/wp-content\/uploads\/2023\/03\/Thinner_R-256x300.jpg 256w\" sizes=\"auto, (max-width: 275px) 100vw, 275px\" \/><\/td><td><strong>Dung m\u00f4i ROVAL<\/strong><mark style=\"background-color:rgba(0, 0, 0, 0)\" class=\"has-inline-color has-black-color\"><strong><br><br>ROVAL THINNER <\/strong><\/mark><mark style=\"background-color:rgba(0, 0, 0, 0)\" class=\"has-inline-color has-black-color\"><strong>0.8kg<\/strong><br>\u0110\u00f3ng g\u00f3i: 4 lon \/ th\u00f9ng<br><strong><br>ROVAL THINNER <\/strong><\/mark><mark style=\"background-color:rgba(0, 0, 0, 0)\" class=\"has-inline-color has-black-color\"><strong>14kg<\/strong><br>\u0110\u00f3ng g\u00f3i: 1 Thu\u0300ng<\/mark><\/td><\/tr><\/tbody><\/table><\/figure>\n<\/div><\/div>\n\n\n\n<div class=\"wp-block-buttons is-horizontal is-content-justification-center is-layout-flex wp-container-core-buttons-is-layout-499968f5 wp-block-buttons-is-layout-flex\">\n<div class=\"wp-block-button\"><a class=\"wp-block-button__link has-background wp-element-button\" href=\"https:\/\/rovalworld.com\/vi\/how-to-use\" style=\"background-color:#dd3333\"><strong><em><span class=\"has-inline-color has-white-color\">C\u00e1ch s\u1eed d\u1ee5ng<\/span><\/em><\/strong><\/a><\/div>\n<\/div>\n\n\n\n<p><\/p>\n","protected":false},"excerpt":{"rendered":"<p>ROVAL Cold Galvanizing Compound M\u1ea1 k\u1ebdm l\u1ea1nh M\u1ea1 b\u1eb1ng s\u01a1n.Hi\u1ec7u qu\u1ea3 ch\u1ed1ng \u0103n m\u00f2n t\u01b0\u01a1ng \u0111\u01b0\u01a1ng v\u1edbi m\u1ea1 k\u1ebdm nh\u00fang n\u00f3ng. ROVAL Cold Galvanizing Compound l\u00e0 lo\u1ea1i s\u01a1n c\u00f3 th\u00e0nh &#8230;<\/p>\n","protected":false},"author":1,"featured_media":0,"parent":335,"menu_order":1,"comment_status":"closed","ping_status":"closed","template":"","meta":{"footnotes":""},"class_list":["post-357","page","type-page","status-publish","hentry"],"aioseo_notices":[],"_links":{"self":[{"href":"https:\/\/rovalworld.com\/vi\/wp-json\/wp\/v2\/pages\/357","targetHints":{"allow":["GET"]}}],"collection":[{"href":"https:\/\/rovalworld.com\/vi\/wp-json\/wp\/v2\/pages"}],"about":[{"href":"https:\/\/rovalworld.com\/vi\/wp-json\/wp\/v2\/types\/page"}],"author":[{"embeddable":true,"href":"https:\/\/rovalworld.com\/vi\/wp-json\/wp\/v2\/users\/1"}],"replies":[{"embeddable":true,"href":"https:\/\/rovalworld.com\/vi\/wp-json\/wp\/v2\/comments?post=357"}],"version-history":[{"count":77,"href":"https:\/\/rovalworld.com\/vi\/wp-json\/wp\/v2\/pages\/357\/revisions"}],"predecessor-version":[{"id":2396,"href":"https:\/\/rovalworld.com\/vi\/wp-json\/wp\/v2\/pages\/357\/revisions\/2396"}],"up":[{"embeddable":true,"href":"https:\/\/rovalworld.com\/vi\/wp-json\/wp\/v2\/pages\/335"}],"wp:attachment":[{"href":"https:\/\/rovalworld.com\/vi\/wp-json\/wp\/v2\/media?parent=357"}],"curies":[{"name":"wp","href":"https:\/\/api.w.org\/{rel}","templated":true}]}}