{"id":858,"date":"2020-08-30T16:58:58","date_gmt":"2020-08-30T07:58:58","guid":{"rendered":"https:\/\/rovalworld.com\/vi\/?page_id=858"},"modified":"2023-01-26T14:36:24","modified_gmt":"2023-01-26T05:36:24","slug":"video","status":"publish","type":"page","link":"https:\/\/rovalworld.com\/vi\/video\/","title":{"rendered":"Video"},"content":{"rendered":"\n<p class=\"has-text-align-right has-normal-font-size\"><a href=\"https:\/\/www.youtube.com\/channel\/UCSZWMZnpd9ucNPUiiCxQOCg\/videos\" target=\"_blank\" rel=\"noreferrer noopener\"><img loading=\"lazy\" decoding=\"async\" width=\"134\" height=\"30\" class=\"wp-image-2030\" style=\"width: 134px;\" src=\"https:\/\/rovalworld.com\/vi\/wp-content\/uploads\/2022\/06\/YouTube.jpg\" alt=\"YouTube\"><\/a><\/p>\n\n\n\n<p class=\"has-text-align-right has-normal-font-size\"><a href=\"https:\/\/www.youtube.com\/channel\/UCSZWMZnpd9ucNPUiiCxQOCg\/videos\" target=\"_blank\" rel=\"noreferrer noopener\">ROVAL YouTube Channel<\/a><\/p>\n\n\n\n<p class=\"has-black-color has-text-color\" style=\"font-size:17px\">C\u00f3 nhi\u1ec1u ng\u00f4n ng\u1eef Video qu\u1ea3ng c\u00e1o.<br>N\u1ed9i dung c\u1ee7a c\u00e1c video n\u00e0y \u0111\u1ec1u gi\u1ed1ng nhau.<\/p>\n\n\n\n<figure class=\"wp-block-table\"><table class=\"has-fixed-layout\"><tbody><tr><td><img loading=\"lazy\" decoding=\"async\" width=\"40\" height=\"27\" class=\"wp-image-500\" style=\"width: 40px;\" src=\"https:\/\/rovalworld.com\/vi\/wp-content\/uploads\/2020\/08\/Vietnum_ss.gif\" alt=\"\"> <a href=\"#vtn\">Ph\u1ee5 \u0111\u1ec1 ti\u1ebfng vi\u1ec7t<\/a><\/td><td><img loading=\"lazy\" decoding=\"async\" width=\"40\" height=\"27\" class=\"wp-image-498\" style=\"width: 40px;\" src=\"https:\/\/rovalworld.com\/vi\/wp-content\/uploads\/2020\/08\/USA_ss.gif\" alt=\"\"> <img loading=\"lazy\" decoding=\"async\" width=\"50\" height=\"25\" class=\"wp-image-495\" style=\"width: 50px;\" src=\"https:\/\/rovalworld.com\/vi\/wp-content\/uploads\/2020\/08\/UK_s.jpg\" alt=\"\"> <a href=\"#eng\">Ti\u1ebfng Anh<\/a><\/td><td><img loading=\"lazy\" decoding=\"async\" width=\"40\" height=\"27\" class=\"wp-image-482\" style=\"width: 40px;\" src=\"https:\/\/rovalworld.com\/vi\/wp-content\/uploads\/2020\/08\/Japan_ss.gif\" alt=\"\"> <a href=\"#jpn\">Ti\u1ebfng Nh\u1eadt<\/a><\/td><\/tr><tr><td><img loading=\"lazy\" decoding=\"async\" width=\"40\" height=\"27\" class=\"wp-image-478\" style=\"width: 40px;\" src=\"https:\/\/rovalworld.com\/vi\/wp-content\/uploads\/2020\/08\/China_ss.gif\" alt=\"\"> <a href=\"#chn\">Ti\u00ea\u0301ng Trung gia\u0309n th\u00ea\u0309<\/a><\/td><td><img loading=\"lazy\" decoding=\"async\" width=\"40\" height=\"27\" class=\"wp-image-492\" style=\"width: 40px;\" src=\"https:\/\/rovalworld.com\/vi\/wp-content\/uploads\/2020\/08\/Taiwan_ss.gif\" alt=\"\"> <a href=\"#twn\">Ti\u00ea\u0301ng Trung ph\u00f4\u0300n th\u00ea\u0309<\/a><\/td><td><\/td><\/tr><\/tbody><\/table><\/figure>\n\n\n\n<div style=\"height:50px\" aria-hidden=\"true\" class=\"wp-block-spacer\"><\/div>\n\n\n\n<p class=\"has-black-color has-text-color\" style=\"font-size:21px\"><img loading=\"lazy\" decoding=\"async\" width=\"60\" height=\"40\" class=\"wp-image-499\" style=\"width: 60px;\" src=\"https:\/\/rovalworld.com\/vi\/wp-content\/uploads\/2020\/08\/Vietnum_s.gif\" alt=\"\"> <a id=\"vtn\"><\/a><strong>Ph\u1ee5 \u0111\u1ec1 ti\u1ebfng vi\u1ec7t<\/strong><\/p>\n\n\n\n<figure class=\"wp-block-embed is-type-video is-provider-youtube wp-block-embed-youtube wp-embed-aspect-16-9 wp-has-aspect-ratio\"><div class=\"wp-block-embed__wrapper\">\n<iframe loading=\"lazy\" title=\"M\u1ea1 k\u1ebdm l\u1ea1nh ROVAL phim qu\u1ea3ng c\u00e1o\" width=\"800\" height=\"450\" src=\"https:\/\/www.youtube.com\/embed\/3vkJf35uCH0?feature=oembed\" frameborder=\"0\" allow=\"accelerometer; autoplay; encrypted-media; gyroscope; picture-in-picture\" allowfullscreen><\/iframe>\n<\/div><figcaption class=\"wp-element-caption\"><strong>Vietnamese subtitle<\/strong><\/figcaption><\/figure>\n\n\n\n<div style=\"height:50px\" aria-hidden=\"true\" class=\"wp-block-spacer\"><\/div>\n\n\n\n<p class=\"has-black-color has-text-color\" style=\"font-size:21px\"><img loading=\"lazy\" decoding=\"async\" width=\"50\" height=\"33\" class=\"wp-image-497\" style=\"width: 50px;\" src=\"https:\/\/rovalworld.com\/vi\/wp-content\/uploads\/2020\/08\/USA_s.gif\" alt=\"\"> <img loading=\"lazy\" decoding=\"async\" width=\"60\" height=\"30\" class=\"wp-image-495\" style=\"width: 60px;\" src=\"https:\/\/rovalworld.com\/vi\/wp-content\/uploads\/2020\/08\/UK_s.jpg\" alt=\"\"> <a id=\"eng\"><\/a><strong>Ti\u1ebfng Anh<\/strong><\/p>\n\n\n\n<figure class=\"wp-block-embed is-type-video is-provider-youtube wp-block-embed-youtube wp-embed-aspect-16-9 wp-has-aspect-ratio\"><div class=\"wp-block-embed__wrapper\">\n<iframe loading=\"lazy\" title=\"Cold Galvanizing Compound ROVAL Promotional Video\" width=\"800\" height=\"450\" src=\"https:\/\/www.youtube.com\/embed\/fhlQLITYOyk?feature=oembed\" frameborder=\"0\" allow=\"accelerometer; autoplay; encrypted-media; gyroscope; picture-in-picture\" allowfullscreen><\/iframe>\n<\/div><figcaption class=\"wp-element-caption\"><strong>English<\/strong><\/figcaption><\/figure>\n\n\n\n<div style=\"height:50px\" aria-hidden=\"true\" class=\"wp-block-spacer\"><\/div>\n\n\n\n<p class=\"has-black-color has-text-color\" style=\"font-size:21px\"><img loading=\"lazy\" decoding=\"async\" width=\"60\" height=\"40\" class=\"wp-image-481\" style=\"width: 60px;\" src=\"https:\/\/rovalworld.com\/vi\/wp-content\/uploads\/2020\/08\/Japan_s.gif\" alt=\"\"> <a id=\"jpn\"><\/a><strong>Ti\u1ebfng Nh\u1eadt<\/strong><\/p>\n\n\n\n<figure class=\"wp-block-embed is-type-video is-provider-youtube wp-block-embed-youtube wp-embed-aspect-16-9 wp-has-aspect-ratio\"><div class=\"wp-block-embed__wrapper\">\n<iframe loading=\"lazy\" title=\"\u3010\u5e38\u6e29\u4e9c\u925b\u3081\u3063\u304d\u30ed\u30fc\u30d0\u30eb\u3011ROVAL\u30d7\u30ed\u30e2\u30fc\u30b7\u30e7\u30f3\u30d3\u30c7\u30aa\" width=\"800\" height=\"450\" src=\"https:\/\/www.youtube.com\/embed\/1IGQ7bvxolQ?feature=oembed\" frameborder=\"0\" allow=\"accelerometer; autoplay; encrypted-media; gyroscope; picture-in-picture\" allowfullscreen><\/iframe>\n<\/div><figcaption class=\"wp-element-caption\"><strong>Japanese<\/strong><\/figcaption><\/figure>\n\n\n\n<div style=\"height:50px\" aria-hidden=\"true\" class=\"wp-block-spacer\"><\/div>\n\n\n\n<p class=\"has-black-color has-text-color\" style=\"font-size:21px\"><img loading=\"lazy\" decoding=\"async\" width=\"60\" height=\"40\" class=\"wp-image-477\" style=\"width: 60px;\" src=\"https:\/\/rovalworld.com\/vi\/wp-content\/uploads\/2020\/08\/China_s.gif\" alt=\"\"><a id=\"chn\"><\/a> <strong>Ti\u00ea\u0301ng Trung gia\u0309n th\u00ea\u0309<\/strong><\/p>\n\n\n\n<figure class=\"wp-block-embed is-type-video is-provider-youtube wp-block-embed-youtube wp-embed-aspect-16-9 wp-has-aspect-ratio\"><div class=\"wp-block-embed__wrapper\">\n<iframe loading=\"lazy\" title=\"\u3010\u51b7\u9540\u950c\u3011\u7f57\u5df4\u9c81 ROVAL\u5ba3\u4f20\u89c6\u9891\" width=\"800\" height=\"450\" src=\"https:\/\/www.youtube.com\/embed\/nwQ34M0TWAA?feature=oembed\" frameborder=\"0\" allow=\"accelerometer; autoplay; encrypted-media; gyroscope; picture-in-picture\" allowfullscreen><\/iframe>\n<\/div><figcaption class=\"wp-element-caption\"><strong><strong>Simplified<\/strong><\/strong> <strong>Chinese<\/strong><\/figcaption><\/figure>\n\n\n\n<div style=\"height:50px\" aria-hidden=\"true\" class=\"wp-block-spacer\"><\/div>\n\n\n\n<p class=\"has-black-color has-text-color\" style=\"font-size:21px\"><img loading=\"lazy\" decoding=\"async\" width=\"60\" height=\"40\" class=\"wp-image-491\" style=\"width: 60px;\" src=\"https:\/\/rovalworld.com\/vi\/wp-content\/uploads\/2020\/08\/Taiwan_s.gif\" alt=\"\"> <strong>Ti\u00ea\u0301ng Trung ph\u00f4\u0300n th\u00ea\u0309<\/strong><a id=\"twn\"><\/a><\/p>\n\n\n\n<figure class=\"wp-block-embed is-type-video is-provider-youtube wp-block-embed-youtube wp-embed-aspect-16-9 wp-has-aspect-ratio\"><div class=\"wp-block-embed__wrapper\">\n<iframe loading=\"lazy\" title=\"\u3010\u51b7\u934d\u92c5\u3011\u7f85\u5df4\u9b6f ROVAL\u5ba3\u50b3\u8996\u983b\" width=\"800\" height=\"450\" src=\"https:\/\/www.youtube.com\/embed\/GShjL4u-_Bc?feature=oembed\" frameborder=\"0\" allow=\"accelerometer; autoplay; encrypted-media; gyroscope; picture-in-picture\" allowfullscreen><\/iframe>\n<\/div><figcaption class=\"wp-element-caption\"><strong>Traditional Chinese<\/strong><\/figcaption><\/figure>\n\n\n\n<p><\/p>\n","protected":false},"excerpt":{"rendered":"<p>ROVAL YouTube Channel C\u00f3 nhi\u1ec1u ng\u00f4n ng\u1eef Video qu\u1ea3ng c\u00e1o.N\u1ed9i dung c\u1ee7a c\u00e1c video n\u00e0y \u0111\u1ec1u gi\u1ed1ng nhau. Ph\u1ee5 \u0111\u1ec1 ti\u1ebfng vi\u1ec7t Ti\u1ebfng Anh Ti\u1ebfng Nh\u1eadt Ti\u00ea\u0301ng Trung gia\u0309n th\u00ea\u0309 &#8230;<\/p>\n","protected":false},"author":1,"featured_media":0,"parent":0,"menu_order":0,"comment_status":"closed","ping_status":"closed","template":"","meta":{"footnotes":""},"class_list":["post-858","page","type-page","status-publish","hentry"],"aioseo_notices":[],"_links":{"self":[{"href":"https:\/\/rovalworld.com\/vi\/wp-json\/wp\/v2\/pages\/858","targetHints":{"allow":["GET"]}}],"collection":[{"href":"https:\/\/rovalworld.com\/vi\/wp-json\/wp\/v2\/pages"}],"about":[{"href":"https:\/\/rovalworld.com\/vi\/wp-json\/wp\/v2\/types\/page"}],"author":[{"embeddable":true,"href":"https:\/\/rovalworld.com\/vi\/wp-json\/wp\/v2\/users\/1"}],"replies":[{"embeddable":true,"href":"https:\/\/rovalworld.com\/vi\/wp-json\/wp\/v2\/comments?post=858"}],"version-history":[{"count":19,"href":"https:\/\/rovalworld.com\/vi\/wp-json\/wp\/v2\/pages\/858\/revisions"}],"predecessor-version":[{"id":2120,"href":"https:\/\/rovalworld.com\/vi\/wp-json\/wp\/v2\/pages\/858\/revisions\/2120"}],"wp:attachment":[{"href":"https:\/\/rovalworld.com\/vi\/wp-json\/wp\/v2\/media?parent=858"}],"curies":[{"name":"wp","href":"https:\/\/api.w.org\/{rel}","templated":true}]}}